{"id":477523,"date":"2024-09-20T09:23:12","date_gmt":"2024-09-20T07:23:12","guid":{"rendered":"https:\/\/lucacastelli.com\/prodotto\/coupe-la-sportiva-caron-jaune\/"},"modified":"2024-09-20T09:23:12","modified_gmt":"2024-09-20T07:23:12","slug":"coupe-la-sportiva-caron-jaune","status":"publish","type":"product","link":"https:\/\/lucacastelli.com\/fr\/produit\/coupe-la-sportiva-caron-jaune\/","title":{"rendered":"Coupe La Sportiva Caron\/Jaune"},"content":{"rendered":"<p>Description du produit<\/p>\n<p>Parfaite pour une hydratation rapide sur les sentiers : la Coupe La Sportiva de La Sportiva ! Le gobelet r\u00e9utilisable a un volume de 200 ml et est fabriqu\u00e9 en TPU hautement compressible, cent pour cent sans BPA ni PVC. La boucle de doigt int\u00e9gr\u00e9e et la conception ind\u00e9pendante assurent une manipulation facile.  <\/p>\n","protected":false},"excerpt":{"rendered":"<p>Description du produit Parfaite pour une hydratation rapide sur les sentiers : la Coupe La Sportiva de La Sportiva !<\/p>\n","protected":false},"featured_media":94968,"template":"","meta":{"_seopress_robots_primary_cat":"","_seopress_titles_title":"","_seopress_titles_desc":"","_seopress_robots_index":""},"product_brand":[3648],"product_cat":[1702,144,1408],"product_tag":[],"class_list":{"0":"post-477523","1":"product","2":"type-product","3":"status-publish","4":"has-post-thumbnail","6":"product_brand-la-sportiva-fr","7":"product_cat-autres","8":"product_cat-equipement","9":"product_cat-equipements-de-loisirs","11":"first","12":"instock","13":"shipping-taxable","14":"purchasable","15":"product-type-simple"},"_links":{"self":[{"href":"https:\/\/lucacastelli.com\/fr\/wp-json\/wp\/v2\/product\/477523","targetHints":{"allow":["GET"]}}],"collection":[{"href":"https:\/\/lucacastelli.com\/fr\/wp-json\/wp\/v2\/product"}],"about":[{"href":"https:\/\/lucacastelli.com\/fr\/wp-json\/wp\/v2\/types\/product"}],"wp:featuredmedia":[{"embeddable":true,"href":"https:\/\/lucacastelli.com\/fr\/wp-json\/wp\/v2\/media\/94968"}],"wp:attachment":[{"href":"https:\/\/lucacastelli.com\/fr\/wp-json\/wp\/v2\/media?parent=477523"}],"wp:term":[{"taxonomy":"product_brand","embeddable":true,"href":"https:\/\/lucacastelli.com\/fr\/wp-json\/wp\/v2\/product_brand?post=477523"},{"taxonomy":"product_cat","embeddable":true,"href":"https:\/\/lucacastelli.com\/fr\/wp-json\/wp\/v2\/product_cat?post=477523"},{"taxonomy":"product_tag","embeddable":true,"href":"https:\/\/lucacastelli.com\/fr\/wp-json\/wp\/v2\/product_tag?post=477523"}],"curies":[{"name":"wp","href":"https:\/\/api.w.org\/{rel}","templated":true}]}}