{"id":477522,"date":"2024-09-26T18:56:20","date_gmt":"2024-09-26T16:56:20","guid":{"rendered":"https:\/\/lucacastelli.com\/prodotto\/la-sportiva-akyra-ii-gtx\/"},"modified":"2024-09-26T18:56:20","modified_gmt":"2024-09-26T16:56:20","slug":"la-sportiva-akyra-ii-gtx","status":"publish","type":"product","link":"https:\/\/lucacastelli.com\/fr\/produit\/la-sportiva-akyra-ii-gtx\/","title":{"rendered":"La Sportiva Akyra II GTX"},"content":{"rendered":"<p>Akyra II Gore-Tex est la chaussure parfaite pour ceux qui veulent se d\u00e9placer facilement et rapidement sur tous les sentiers, m\u00eame les plus exigeants et dans toutes les conditions m\u00e9t\u00e9orologiques. La construction de la tige en 3D Grid\u2122 en KPU et la semelle \u00e9quip\u00e9e du syst\u00e8me Impact Brake assurent\u2122 la stabilit\u00e9 et le soutien, tandis que le Trail Rocker\u2122 combin\u00e9 \u00e0 l\u2019ajustement confortable et flexible, donne du dynamisme \u00e0 chaque pas. Une protection suppl\u00e9mentaire m\u00eame dans les conditions m\u00e9t\u00e9orologiques les plus difficiles gr\u00e2ce \u00e0 GORE-TEX Extended Comfort. <\/p>\n<p>Informations<br \/>\ntechniques Poids&nbsp;:<br \/>\n390 1\/2 PAIRE<br \/>\nSemelle ext\u00e9rieure&nbsp;:<br \/>\nDual Compound Frixion XT Red avec Trail Rocker+ Impact Brake System Semelle int\u00e9rieure de course<br \/>\nen montagne&nbsp;:<br \/>\nOrtholite 5 mm hiking<br \/>\nSemelle interm\u00e9diaire&nbsp;:Initiation EVA avec composants BIO-based<br \/>\nDessus&nbsp;:<\/p>\n<p>Construction sup\u00e9rieure \u00e0 3 couches + Construction 3D Grid\u2122 en KPU<br \/>\nDoublure&nbsp;:<br \/>\nGORE-TEX Extended Comfort<\/p>\n","protected":false},"excerpt":{"rendered":"<p>Akyra II Gore-Tex est la chaussure parfaite pour ceux qui veulent se d\u00e9placer facilement et rapidement sur tous les sentiers,<\/p>\n","protected":false},"featured_media":102195,"template":"","meta":{"_seopress_robots_primary_cat":"","_seopress_titles_title":"","_seopress_titles_desc":"","_seopress_robots_index":""},"product_brand":[3648],"product_cat":[173,1420,1432],"product_tag":[],"class_list":{"0":"post-477522","1":"product","2":"type-product","3":"status-publish","4":"has-post-thumbnail","6":"product_brand-la-sportiva-fr","7":"product_cat-chaussures","8":"product_cat-chaussures-de-loisirs","9":"product_cat-chaussures-pour-hommes","10":"sws-gruppo-no-gruppo-fr","11":"sws-categoria-sito-fr","12":"sws-gruppo-iva-iva81-fr","14":"first","15":"instock","16":"shipping-taxable","17":"purchasable","18":"product-type-variable"},"_links":{"self":[{"href":"https:\/\/lucacastelli.com\/fr\/wp-json\/wp\/v2\/product\/477522","targetHints":{"allow":["GET"]}}],"collection":[{"href":"https:\/\/lucacastelli.com\/fr\/wp-json\/wp\/v2\/product"}],"about":[{"href":"https:\/\/lucacastelli.com\/fr\/wp-json\/wp\/v2\/types\/product"}],"wp:featuredmedia":[{"embeddable":true,"href":"https:\/\/lucacastelli.com\/fr\/wp-json\/wp\/v2\/media\/102195"}],"wp:attachment":[{"href":"https:\/\/lucacastelli.com\/fr\/wp-json\/wp\/v2\/media?parent=477522"}],"wp:term":[{"taxonomy":"product_brand","embeddable":true,"href":"https:\/\/lucacastelli.com\/fr\/wp-json\/wp\/v2\/product_brand?post=477522"},{"taxonomy":"product_cat","embeddable":true,"href":"https:\/\/lucacastelli.com\/fr\/wp-json\/wp\/v2\/product_cat?post=477522"},{"taxonomy":"product_tag","embeddable":true,"href":"https:\/\/lucacastelli.com\/fr\/wp-json\/wp\/v2\/product_tag?post=477522"}],"curies":[{"name":"wp","href":"https:\/\/api.w.org\/{rel}","templated":true}]}}