{"id":477506,"date":"2024-08-30T06:04:44","date_gmt":"2024-08-30T04:04:44","guid":{"rendered":"https:\/\/lucacastelli.com\/prodotto\/la-sportiva-softflask-500\/"},"modified":"2024-08-30T06:04:44","modified_gmt":"2024-08-30T04:04:44","slug":"la-sportiva-softflask-500","status":"publish","type":"product","link":"https:\/\/lucacastelli.com\/fr\/produit\/la-sportiva-softflask-500\/","title":{"rendered":"La Sportiva SoftFlask 500"},"content":{"rendered":"<p>Taille id\u00e9ale pour les poches sur les gilets, les ceintures ou les sacs d\u2019hydratation. Le mat\u00e9riau doux se glisse dans toutes les poches pour un transport confortable.<br \/>\nLa conception flexible se r\u00e9tracte lors de la consommation, r\u00e9duisant les mouvements et rangeant facilement la bouteille vide.<br \/>\nConception \u00e9tanche avec filetage. Ouverture de 42 mm pour un remplissage facile et de la glace avec soupape de dentition<br \/>\nauto-obturante 100&nbsp;% sans BPA ni PVC, large plage de temp\u00e9ratures de fonctionnement (peut \u00eatre congel\u00e9 \u00e0 une temp\u00e9rature maximale de 60\u00b0 C \/ 140\u00b0 F)  <\/p>\n","protected":false},"excerpt":{"rendered":"<p>Taille id\u00e9ale pour les poches sur les gilets, les ceintures ou les sacs d\u2019hydratation. Le mat\u00e9riau doux se glisse dans<\/p>\n","protected":false},"featured_media":94958,"template":"","meta":{"_seopress_robots_primary_cat":"","_seopress_titles_title":"","_seopress_titles_desc":"","_seopress_robots_index":""},"product_brand":[3419],"product_cat":[33,211],"product_tag":[],"class_list":{"0":"post-477506","1":"product","2":"type-product","3":"status-publish","4":"has-post-thumbnail","6":"product_brand-la-sportiva","7":"product_cat-attrezzature","8":"product_cat-attrezzatura-per-il-tempo-libero","10":"first","11":"instock","12":"shipping-taxable","13":"purchasable","14":"product-type-simple"},"_links":{"self":[{"href":"https:\/\/lucacastelli.com\/fr\/wp-json\/wp\/v2\/product\/477506","targetHints":{"allow":["GET"]}}],"collection":[{"href":"https:\/\/lucacastelli.com\/fr\/wp-json\/wp\/v2\/product"}],"about":[{"href":"https:\/\/lucacastelli.com\/fr\/wp-json\/wp\/v2\/types\/product"}],"wp:featuredmedia":[{"embeddable":true,"href":"https:\/\/lucacastelli.com\/fr\/wp-json\/wp\/v2\/media\/94958"}],"wp:attachment":[{"href":"https:\/\/lucacastelli.com\/fr\/wp-json\/wp\/v2\/media?parent=477506"}],"wp:term":[{"taxonomy":"product_brand","embeddable":true,"href":"https:\/\/lucacastelli.com\/fr\/wp-json\/wp\/v2\/product_brand?post=477506"},{"taxonomy":"product_cat","embeddable":true,"href":"https:\/\/lucacastelli.com\/fr\/wp-json\/wp\/v2\/product_cat?post=477506"},{"taxonomy":"product_tag","embeddable":true,"href":"https:\/\/lucacastelli.com\/fr\/wp-json\/wp\/v2\/product_tag?post=477506"}],"curies":[{"name":"wp","href":"https:\/\/api.w.org\/{rel}","templated":true}]}}