{"id":477463,"date":"2024-08-30T06:03:59","date_gmt":"2024-08-30T04:03:59","guid":{"rendered":"https:\/\/lucacastelli.com\/prodotto\/la-sportiva-gilet-trail-5l-jaune-noir\/"},"modified":"2024-08-30T06:03:59","modified_gmt":"2024-08-30T04:03:59","slug":"la-sportiva-gilet-trail-5l-jaune-noir","status":"publish","type":"product","link":"https:\/\/lucacastelli.com\/fr\/produit\/la-sportiva-gilet-trail-5l-jaune-noir\/","title":{"rendered":"LA SPORTIVA Gilet Trail 5L &#8211; Jaune\/Noir"},"content":{"rendered":"<p>Profitez d\u2019un confort minimaliste avec le nouveau gilet Trail 5L. Avec une excellente capacit\u00e9 de rangement, tout en restant l\u00e9ger et respirant, il est id\u00e9al pour une s\u00e9ance d\u2019entra\u00eenement rapide ou un marathon sur votre sentier naturel pr\u00e9f\u00e9r\u00e9. Con\u00e7u et test\u00e9 avec nos meilleurs athl\u00e8tes pour une fiabilit\u00e9 et une fonctionnalit\u00e9 am\u00e9lior\u00e9es.<br \/>\nMat\u00e9riaux doux, l\u00e9gers et respirants pour un confort total pendant la course.<br \/>\nPoches avant \u00e9lastiques \u00e0 acc\u00e8s rapide + 2 poches zipp\u00e9es<br \/>\n2 poches avant Soft Flask avec cordon \u00e9lastique et 2 flacons Soft Flask (500 ml) inclus<br \/>\nSyst\u00e8me QuiverLoops pour un acc\u00e8s rapide et stable aux poteaux<br \/>\nRembourrage int\u00e9rieur doux pour plus de confort et moins de frottements sur les c\u00f4tes<br \/>\nSyst\u00e8me de fermeture HookLoop avec cordon \u00e9lastique pour une plus grande flexibilit\u00e9 de fixation<br \/>\nPanneau arri\u00e8re en maille pour une meilleure respirabilit\u00e9<br \/>\nEspace arri\u00e8re horizontal pour un acc\u00e8s et un rangement rapides des poteaux<br \/>\nSiffler<br \/>\nD\u00e9tails r\u00e9fl\u00e9chissants pour une meilleure visibilit\u00e9 dans des conditions de faible luminosit\u00e9<\/p>\n","protected":false},"excerpt":{"rendered":"<p>Profitez d\u2019un confort minimaliste avec le nouveau gilet Trail 5L. Avec une excellente capacit\u00e9 de rangement, tout en restant l\u00e9ger<\/p>\n","protected":false},"featured_media":99277,"template":"","meta":{"_seopress_robots_primary_cat":"","_seopress_titles_title":"","_seopress_titles_desc":"","_seopress_robots_index":""},"product_brand":[3648],"product_cat":[81,981,1387,982],"product_tag":[],"class_list":{"0":"post-477463","1":"product","2":"type-product","3":"status-publish","4":"has-post-thumbnail","6":"product_brand-la-sportiva-fr","7":"product_cat-vetements","8":"product_cat-vetements-de-loisirs","9":"product_cat-vetements-pour-femmes","10":"product_cat-vetements-pour-hommes","12":"first","13":"instock","14":"shipping-taxable","15":"purchasable","16":"product-type-simple"},"_links":{"self":[{"href":"https:\/\/lucacastelli.com\/fr\/wp-json\/wp\/v2\/product\/477463","targetHints":{"allow":["GET"]}}],"collection":[{"href":"https:\/\/lucacastelli.com\/fr\/wp-json\/wp\/v2\/product"}],"about":[{"href":"https:\/\/lucacastelli.com\/fr\/wp-json\/wp\/v2\/types\/product"}],"wp:featuredmedia":[{"embeddable":true,"href":"https:\/\/lucacastelli.com\/fr\/wp-json\/wp\/v2\/media\/99277"}],"wp:attachment":[{"href":"https:\/\/lucacastelli.com\/fr\/wp-json\/wp\/v2\/media?parent=477463"}],"wp:term":[{"taxonomy":"product_brand","embeddable":true,"href":"https:\/\/lucacastelli.com\/fr\/wp-json\/wp\/v2\/product_brand?post=477463"},{"taxonomy":"product_cat","embeddable":true,"href":"https:\/\/lucacastelli.com\/fr\/wp-json\/wp\/v2\/product_cat?post=477463"},{"taxonomy":"product_tag","embeddable":true,"href":"https:\/\/lucacastelli.com\/fr\/wp-json\/wp\/v2\/product_tag?post=477463"}],"curies":[{"name":"wp","href":"https:\/\/api.w.org\/{rel}","templated":true}]}}