{"id":477462,"date":"2024-08-29T16:20:35","date_gmt":"2024-08-29T14:20:35","guid":{"rendered":"https:\/\/lucacastelli.com\/prodotto\/la-sportiva-tx4-evo-femme-gtx\/"},"modified":"2024-08-29T16:20:35","modified_gmt":"2024-08-29T14:20:35","slug":"la-sportiva-tx4-evo-femme-gtx","status":"publish","type":"product","link":"https:\/\/lucacastelli.com\/fr\/produit\/la-sportiva-tx4-evo-femme-gtx\/","title":{"rendered":"LA Sportiva TX4 Evo Femme GTX"},"content":{"rendered":"<p>La TX4 Evo Woman GTX est une chaussure en cuir dot\u00e9e d\u2019une membrane GORE-TEX imperm\u00e9able, con\u00e7ue pour assurer une stabilit\u00e9 et un soutien maximum, m\u00eame sur les terrains accident\u00e9s. Id\u00e9al pour les approches techniques et les passages d\u2019escalade faciles, il offre un confort in\u00e9gal\u00e9 gr\u00e2ce aux mat\u00e9riaux sup\u00e9rieurs et au grand volume interne. La membrane GORE-TEX Extended Comfort garantit l\u2019imperm\u00e9abilit\u00e9 et la respirabilit\u00e9 de la chaussure m\u00eame en cas d\u2019utilisation prolong\u00e9e. La bande de roulement avec compos\u00e9 Vibram\u00ae MegaGrip et les crampons brevet\u00e9s Impact Brake System\u2122 permettent une stabilit\u00e9 maximale en descente et un contr\u00f4le parfait de la traction en mont\u00e9e. La grande zone d\u2019escalade \u00e0 la pointe garantit pr\u00e9cision et bonne adh\u00e9rence en mont\u00e9e et dans les passages difficiles, tandis que la semelle interm\u00e9diaire sp\u00e9ciale avec insert brevet\u00e9 Resole Platform\u2122 permet de ressemeler la TX4 Evo sans compromettre ses propri\u00e9t\u00e9s techniques et de confort. Refabriquer des chaussures, c\u2019est prolonger leur cycle de vie et ainsi \u00e9viter les d\u00e9chets.    <\/p>\n<p>informations techniques Brevets&nbsp;:<br \/>\nPlate-forme\u2122 de rassise &#8211; Syst\u00e8me\u2122<br \/>\nde freinage d\u2019impact Semelle&nbsp;:<br \/>\nVibram\u00ae MegaGrip avec IBS<br \/>\nSemelle interm\u00e9diaire&nbsp;:<br \/>\nEVA moul\u00e9 par compression<br \/>\nSemelle int\u00e9rieure&nbsp;:<br \/>\nOrtholite\u00ae Hybrid Approach 4 mm<br \/>\nDoublure&nbsp;:<br \/>\nGORE-TEX Extended Comfort<br \/>\nEmpeigne&nbsp;:<br \/>\nSu\u00e8de + \u00e9lastique de protection et embout<\/p>\n","protected":false},"excerpt":{"rendered":"<p>La TX4 Evo Woman GTX est une chaussure en cuir dot\u00e9e d\u2019une membrane GORE-TEX imperm\u00e9able, con\u00e7ue pour assurer une stabilit\u00e9<\/p>\n","protected":false},"featured_media":102150,"template":"","meta":{"_seopress_robots_primary_cat":"","_seopress_titles_title":"","_seopress_titles_desc":"","_seopress_robots_index":""},"product_brand":[3648],"product_cat":[173,1420,1429],"product_tag":[],"class_list":{"0":"post-477462","1":"product","2":"type-product","3":"status-publish","4":"has-post-thumbnail","6":"product_brand-la-sportiva-fr","7":"product_cat-chaussures","8":"product_cat-chaussures-de-loisirs","9":"product_cat-chaussures-pour-femmes","10":"sws-gruppo-no-gruppo-fr","11":"sws-categoria-sito-fr","12":"sws-gruppo-iva-iva81-fr","14":"first","15":"instock","16":"shipping-taxable","17":"purchasable","18":"product-type-variable"},"_links":{"self":[{"href":"https:\/\/lucacastelli.com\/fr\/wp-json\/wp\/v2\/product\/477462","targetHints":{"allow":["GET"]}}],"collection":[{"href":"https:\/\/lucacastelli.com\/fr\/wp-json\/wp\/v2\/product"}],"about":[{"href":"https:\/\/lucacastelli.com\/fr\/wp-json\/wp\/v2\/types\/product"}],"wp:featuredmedia":[{"embeddable":true,"href":"https:\/\/lucacastelli.com\/fr\/wp-json\/wp\/v2\/media\/102150"}],"wp:attachment":[{"href":"https:\/\/lucacastelli.com\/fr\/wp-json\/wp\/v2\/media?parent=477462"}],"wp:term":[{"taxonomy":"product_brand","embeddable":true,"href":"https:\/\/lucacastelli.com\/fr\/wp-json\/wp\/v2\/product_brand?post=477462"},{"taxonomy":"product_cat","embeddable":true,"href":"https:\/\/lucacastelli.com\/fr\/wp-json\/wp\/v2\/product_cat?post=477462"},{"taxonomy":"product_tag","embeddable":true,"href":"https:\/\/lucacastelli.com\/fr\/wp-json\/wp\/v2\/product_tag?post=477462"}],"curies":[{"name":"wp","href":"https:\/\/api.w.org\/{rel}","templated":true}]}}