{"id":477393,"date":"2024-08-29T17:04:49","date_gmt":"2024-08-29T15:04:49","guid":{"rendered":"https:\/\/lucacastelli.com\/prodotto\/la-sportiva-bushido-iii-gtx\/"},"modified":"2025-10-10T12:14:18","modified_gmt":"2025-10-10T10:14:18","slug":"la-sportiva-bushido-iii-gtx","status":"publish","type":"product","link":"https:\/\/lucacastelli.com\/fr\/produit\/la-sportiva-bushido-iii-gtx\/","title":{"rendered":"LA SPORTIVA Bushido III GTX"},"content":{"rendered":"<p>Bushido III GTX, des chaussures con\u00e7ues pour le monde des skyraces, stables et adh\u00e9rentes, maintenant \u00e9galement avec GORE-TEX Invisible Fit pour assurer protection et flexibilit\u00e9 dans toutes les conditions. Deux options d\u2019ajustement sont disponibles, dont la forme classique Bushido, enveloppante et pr\u00e9cise, et une autre version WIDE : la m\u00eame sensation d\u2019adh\u00e9rence mais avec une taille l\u00e9g\u00e8rement plus large. <\/p>\n<p>Nouvelle option de coupe<br \/>\n large+ Panneaux lat\u00e9raux pour une plus grande respirabilit\u00e9<br \/>\n+ Tige avec structure interne \u00e0 enfiler : \u00e9pouse le pied comme une chaussette sans le serrer ni stresser les points<br \/>\n de pression+ La sensation de contact avec le sol est assur\u00e9e, ainsi que la stabilit\u00e9 et la pr\u00e9cision.<br \/>\n+ Membrane GORE-TEX Invisible Fit ePE sans<br \/>\n PFC + Semelle bi-compos\u00e9e FriXion\u00ae Red avec diff\u00e9rentes surfaces de contact pour assurer une adh\u00e9rence maximale sur tous les types de terrain.<\/p>\n<p>INFORMATIONS TECHNIQUES  <\/p>\n<p>Tige : Maille respirante + renforts en TPU<br \/>\nthermo-adh\u00e9sifs + panneaux lat\u00e9raux en nylon \u00e0 simple bavure<br \/>\nDoublure : GORE-TEX Invisible Fit<br \/>\nSemelle interm\u00e9diaire : Compression EVA + stabilit\u00e9<br \/>\nInsert de contr\u00f4le et insert Rock Guard<br \/>\nSemelle int\u00e9rieure : Ortholite\u00ae Hybrid Mountain Running<br \/>\nErgonomique 4 mm<br \/>\nSemelle : Bi-compos\u00e9 FriXion\u00ae Red avec crampons lat\u00e9raux IBS<\/p>\n","protected":false},"excerpt":{"rendered":"<p>Bushido III GTX, des chaussures con\u00e7ues pour le monde des skyraces, stables et adh\u00e9rentes, maintenant \u00e9galement avec GORE-TEX Invisible Fit<\/p>\n","protected":false},"featured_media":102167,"template":"","meta":{"_seopress_robots_primary_cat":"","_seopress_titles_title":"","_seopress_titles_desc":"","_seopress_robots_index":""},"product_brand":[3648],"product_cat":[173,1420,1432],"product_tag":[],"class_list":{"0":"post-477393","1":"product","2":"type-product","3":"status-publish","4":"has-post-thumbnail","6":"product_brand-la-sportiva-fr","7":"product_cat-chaussures","8":"product_cat-chaussures-de-loisirs","9":"product_cat-chaussures-pour-hommes","10":"sws-gruppo-no-gruppo","11":"sws-categoria-sito","12":"sws-gruppo-iva-iva81","14":"first","15":"instock","16":"shipping-taxable","17":"purchasable","18":"product-type-variable"},"_links":{"self":[{"href":"https:\/\/lucacastelli.com\/fr\/wp-json\/wp\/v2\/product\/477393","targetHints":{"allow":["GET"]}}],"collection":[{"href":"https:\/\/lucacastelli.com\/fr\/wp-json\/wp\/v2\/product"}],"about":[{"href":"https:\/\/lucacastelli.com\/fr\/wp-json\/wp\/v2\/types\/product"}],"wp:featuredmedia":[{"embeddable":true,"href":"https:\/\/lucacastelli.com\/fr\/wp-json\/wp\/v2\/media\/102167"}],"wp:attachment":[{"href":"https:\/\/lucacastelli.com\/fr\/wp-json\/wp\/v2\/media?parent=477393"}],"wp:term":[{"taxonomy":"product_brand","embeddable":true,"href":"https:\/\/lucacastelli.com\/fr\/wp-json\/wp\/v2\/product_brand?post=477393"},{"taxonomy":"product_cat","embeddable":true,"href":"https:\/\/lucacastelli.com\/fr\/wp-json\/wp\/v2\/product_cat?post=477393"},{"taxonomy":"product_tag","embeddable":true,"href":"https:\/\/lucacastelli.com\/fr\/wp-json\/wp\/v2\/product_tag?post=477393"}],"curies":[{"name":"wp","href":"https:\/\/api.w.org\/{rel}","templated":true}]}}