{"id":477266,"date":"2024-08-12T16:47:25","date_gmt":"2024-08-12T14:47:25","guid":{"rendered":"https:\/\/lucacastelli.com\/?post_type=product&#038;p=477266"},"modified":"2026-04-14T03:13:16","modified_gmt":"2026-04-14T01:13:16","slug":"la-sportiva-akyra-gtx","status":"publish","type":"product","link":"https:\/\/lucacastelli.com\/fr\/produit\/la-sportiva-akyra-gtx\/","title":{"rendered":"LA SPORTIVA Akyra GTX"},"content":{"rendered":"<p>Akyra est la chaussure de mountain running structur\u00e9e et protectrice adapt\u00e9e aux parcours d&#8217;endurance tels que les Ultra Trails et Ultra Marathons. Particuli\u00e8rement enveloppante, confortable et protectrice, c&#8217;est une chaussure de trail con\u00e7ue pour des utilisations prolong\u00e9es sur terrains off-road. <\/p>\n<p>Elle adopte une tige tr\u00e8s enveloppante et confortable structur\u00e9e sur 3 couches qui conf\u00e8rent de l&#8217;int\u00e9rieur vers l&#8217;ext\u00e9rieur : confort, gr\u00e2ce \u00e0 la construction seamless, flexibilit\u00e9 et structure gr\u00e2ce \u00e0 l&#8217;application innovante MicroLite Skeleton\u2122 qui suit le mouvement du pied de mani\u00e8re dynamique pendant la course, protection gr\u00e2ce aux applications structurelles Flex-Guard\u2122 en microfibre qui maintiennent la chaussure l\u00e9g\u00e8re tout en fournissant une barri\u00e8re contre les abrasions possibles en courant entre rochers et racines. L&#8217;exceptionnelle stabilit\u00e9 est donn\u00e9e par la technologie TrailCage System\u2122 qui, plac\u00e9e entre les deux couches de la tige, donne structure et enveloppement en s&#8217;int\u00e9grant au syst\u00e8me de la\u00e7age. La semelle d\u00e9velopp\u00e9e par le d\u00e9partement R&amp;D La Sportiva monte la nouvelle bande de roulement adh\u00e9rente FriXion XT avec Impact Brake System et design exclusif avec technologie Trail Rocker qui favorise l&#8217;appui naturel \u00ab talon externe-pointe interne \u00bb du pied pendant la course. Amorti, protection et confort, 3 c\u00f4t\u00e9s d&#8217;une g\u00e9om\u00e9trie parfaite : l&#8217;origami, dont s&#8217;inspire le design g\u00e9n\u00e9ral de la chaussure. Avec Akyra, courir est un art.   <\/p>\n<p>Doublure :<br \/>\nMesh antid\u00e9rapant<\/p>\n<p>Tige :<br \/>\nInt\u00e9rieur en AirMesh Ultra-Comfort + application en microfibre thermoadh\u00e9sive en TPU MicroLite Skeleton\u2122 + Engineered mesh ext\u00e9rieur respirant avec inserts Flex-Guard\u2122 en microfibre<\/p>\n<p>Semelle interm\u00e9diaire :<br \/>\nEVA inject\u00e9e<\/p>\n<p>Semelle int\u00e9rieure :<br \/>\nOrtholite Mountain Running<\/p>\n<p>Semelle :<br \/>\nCompos\u00e9 adh\u00e9rent FriXion XT<\/p>\n<p>Drop :<br \/>\n9 mm<\/p>\n<p>Pointures :<br \/>\n38 &#8211; 47,5 (demi-pointures comprises)<\/p>\n<p>Poids :<br \/>\n380 g demi-paire<\/p>\n","protected":false},"excerpt":{"rendered":"<p>Akyra est la chaussure de mountain running structur\u00e9e et protectrice adapt\u00e9e aux parcours d&#8217;endurance tels que les Ultra Trails et<\/p>\n","protected":false},"featured_media":102048,"template":"","meta":{"_seopress_robots_primary_cat":"none","_seopress_titles_title":"","_seopress_titles_desc":"","_seopress_robots_index":""},"product_brand":[3648],"product_cat":[173,1420,1432],"product_tag":[],"class_list":{"0":"post-477266","1":"product","2":"type-product","3":"status-publish","4":"has-post-thumbnail","6":"product_brand-la-sportiva-fr","7":"product_cat-chaussures","8":"product_cat-chaussures-de-loisirs","9":"product_cat-chaussures-pour-hommes","10":"sws-gruppo-abb-libero-fr","11":"sws-conto-ricavi-merci-rivendita-abbigliamento-fr","12":"sws-gruppo-iva-iva81-fr","14":"first","15":"instock","16":"shipping-taxable","17":"purchasable","18":"product-type-variable"},"_links":{"self":[{"href":"https:\/\/lucacastelli.com\/fr\/wp-json\/wp\/v2\/product\/477266","targetHints":{"allow":["GET"]}}],"collection":[{"href":"https:\/\/lucacastelli.com\/fr\/wp-json\/wp\/v2\/product"}],"about":[{"href":"https:\/\/lucacastelli.com\/fr\/wp-json\/wp\/v2\/types\/product"}],"wp:featuredmedia":[{"embeddable":true,"href":"https:\/\/lucacastelli.com\/fr\/wp-json\/wp\/v2\/media\/102048"}],"wp:attachment":[{"href":"https:\/\/lucacastelli.com\/fr\/wp-json\/wp\/v2\/media?parent=477266"}],"wp:term":[{"taxonomy":"product_brand","embeddable":true,"href":"https:\/\/lucacastelli.com\/fr\/wp-json\/wp\/v2\/product_brand?post=477266"},{"taxonomy":"product_cat","embeddable":true,"href":"https:\/\/lucacastelli.com\/fr\/wp-json\/wp\/v2\/product_cat?post=477266"},{"taxonomy":"product_tag","embeddable":true,"href":"https:\/\/lucacastelli.com\/fr\/wp-json\/wp\/v2\/product_tag?post=477266"}],"curies":[{"name":"wp","href":"https:\/\/api.w.org\/{rel}","templated":true}]}}