{"id":477215,"date":"2024-08-12T16:44:19","date_gmt":"2024-08-12T14:44:19","guid":{"rendered":"https:\/\/lucacastelli.com\/?post_type=product&#038;p=477215"},"modified":"2025-07-29T09:08:23","modified_gmt":"2025-07-29T07:08:23","slug":"la-sportiva-akyra-femme-gtx","status":"publish","type":"product","link":"https:\/\/lucacastelli.com\/fr\/produit\/la-sportiva-akyra-femme-gtx\/","title":{"rendered":"LA SPORTIVA Akyra Femme GTX"},"content":{"rendered":"<p>Chaussures imperm\u00e9ables en membrane Gore-Tex sp\u00e9cifiques pour la course \u00e0 pied en hiver. Structur\u00e9 et protecteur, il convient aux Ultra Trails, aux Ultra Marathons et aux s\u00e9ances d\u2019entra\u00eenement prolong\u00e9es pendant les mois d\u2019hiver. Akyra GTX est particuli\u00e8rement enveloppante, confortable et respirante.  <\/p>\n<p>Akyra est la chaussure imperm\u00e9able en membrane Gore-Tex sp\u00e9cifique pour le trail running hivernal. Structur\u00e9 et protecteur, il convient aux Ultra Trails, aux Ultra Marathons et aux s\u00e9ances d\u2019entra\u00eenement prolong\u00e9es pendant les mois d\u2019hiver. Particuli\u00e8rement enveloppante, confortable et protectrice, c\u2019est une chaussure de trail con\u00e7ue pour une utilisation prolong\u00e9e sur terrain tout-terrain. Il adopte une tige en maille hydrofuge et anti-tra\u00een\u00e9e tr\u00e8s enveloppante structur\u00e9e sur 3 couches qui donnent de l\u2019int\u00e9rieur vers l\u2019ext\u00e9rieur&nbsp;: confort, gr\u00e2ce \u00e0 la construction sans couture, flexibilit\u00e9 et structure gr\u00e2ce \u00e0 l\u2019application innovante MicroLite Skeleton\u2122 qui suit le mouvement du pied de mani\u00e8re dynamique pendant la course, protection gr\u00e2ce aux applications structurelles Flex-Guard\u2122 qui maintiennent la chaussure l\u00e9g\u00e8re mais en m\u00eame temps fournissant une barri\u00e8re contre les d\u00e9chirures. abrasions possibles en courant entre les rochers et les racines. La stabilit\u00e9 exceptionnelle est donn\u00e9e par la technologie TrailCage System\u2122 qui, plac\u00e9e entre les deux couches de la tige, donne structure et enveloppement en s\u2019int\u00e9grant au syst\u00e8me de la\u00e7age. La semelle d\u00e9velopp\u00e9e par le d\u00e9partement R&amp;D de La Sportiva est \u00e9quip\u00e9e de la nouvelle bande de roulement FriXion XT adh\u00e9rente avec Impact Brake System et d\u2019un design exclusif avec la technologie Trail Rocker qui favorise le soutien naturel du pied \u00ab&nbsp;ext\u00e9rieur talon-orteil int\u00e9rieur&nbsp;\u00bb du pied pendant la course. Amorti, protection et confort, 3 faces d\u2019une g\u00e9om\u00e9trie parfaite : l\u2019origami, qui a inspir\u00e9 le design g\u00e9n\u00e9ral de la chaussure. Avec Akyra, la course d\u2019hiver est un art.      <\/p>\n<p>Tige :<br \/>\n Int\u00e9rieur AirMesh Ultra-Comfort + application de microfibre thermo-adh\u00e9sive MicroLite Skeleton\u2122 TPU + maille simple hydrofuge et r\u00e9sistante \u00e0 l\u2019abrasion avec greffes Flex-Guard\u2122<\/p>\n<p>Doublure&nbsp;:<br \/>\nGore-Tex Extended Comfort<\/p>\n<p>Semelle intercalaire&nbsp;:<br \/>\n MEMlex EVA moul\u00e9 par injection<\/p>\n<p>Semelle int\u00e9rieure&nbsp;:<br \/>\nOrtholite Mountain Running<\/p>\n<p>Semelle ext\u00e9rieure&nbsp;:<br \/>\nCompos\u00e9 FriXion XT adh\u00e9rent<\/p>\n<p>Chute :<br \/>\n 9 mm<\/p>\n<p>Tailles :<br \/>\n36 &#8211; 43 (y compris les demi-tailles)<\/p>\n<p>Poids&nbsp;:<br \/>\n 320g demi-paire<\/p>\n","protected":false},"excerpt":{"rendered":"<p>Chaussures imperm\u00e9ables en membrane Gore-Tex sp\u00e9cifiques pour la course \u00e0 pied en hiver. Structur\u00e9 et protecteur, il convient aux Ultra<\/p>\n","protected":false},"featured_media":102035,"template":"","meta":{"_seopress_robots_primary_cat":"","_seopress_titles_title":"","_seopress_titles_desc":"","_seopress_robots_index":""},"product_brand":[3648],"product_cat":[173,1420,1429],"product_tag":[],"class_list":{"0":"post-477215","1":"product","2":"type-product","3":"status-publish","4":"has-post-thumbnail","6":"product_brand-la-sportiva-fr","7":"product_cat-chaussures","8":"product_cat-chaussures-de-loisirs","9":"product_cat-chaussures-pour-femmes","10":"sws-gruppo-abb-libero-fr","11":"sws-conto-ricavi-merci-rivendita-abbigliamento-fr","12":"sws-gruppo-iva-iva81-fr","14":"first","15":"instock","16":"shipping-taxable","17":"purchasable","18":"product-type-variable"},"_links":{"self":[{"href":"https:\/\/lucacastelli.com\/fr\/wp-json\/wp\/v2\/product\/477215","targetHints":{"allow":["GET"]}}],"collection":[{"href":"https:\/\/lucacastelli.com\/fr\/wp-json\/wp\/v2\/product"}],"about":[{"href":"https:\/\/lucacastelli.com\/fr\/wp-json\/wp\/v2\/types\/product"}],"wp:featuredmedia":[{"embeddable":true,"href":"https:\/\/lucacastelli.com\/fr\/wp-json\/wp\/v2\/media\/102035"}],"wp:attachment":[{"href":"https:\/\/lucacastelli.com\/fr\/wp-json\/wp\/v2\/media?parent=477215"}],"wp:term":[{"taxonomy":"product_brand","embeddable":true,"href":"https:\/\/lucacastelli.com\/fr\/wp-json\/wp\/v2\/product_brand?post=477215"},{"taxonomy":"product_cat","embeddable":true,"href":"https:\/\/lucacastelli.com\/fr\/wp-json\/wp\/v2\/product_cat?post=477215"},{"taxonomy":"product_tag","embeddable":true,"href":"https:\/\/lucacastelli.com\/fr\/wp-json\/wp\/v2\/product_tag?post=477215"}],"curies":[{"name":"wp","href":"https:\/\/api.w.org\/{rel}","templated":true}]}}