{"id":477166,"date":"2024-08-12T16:45:11","date_gmt":"2024-08-12T14:45:11","guid":{"rendered":"https:\/\/lucacastelli.com\/prodotto\/la-sportiva-akyra-femme\/"},"modified":"2024-08-12T16:45:11","modified_gmt":"2024-08-12T14:45:11","slug":"la-sportiva-akyra-femme","status":"publish","type":"product","link":"https:\/\/lucacastelli.com\/fr\/produit\/la-sportiva-akyra-femme\/","title":{"rendered":"LA SPORTIVA Akyra Femme"},"content":{"rendered":"<p>Chaussure de course en montagne structur\u00e9e et protectrice adapt\u00e9e aux itin\u00e9raires d\u2019endurance tels que les Ultra Trails et les Ultra Marathons. Akyra est particuli\u00e8rement enveloppant, confortable et souple, con\u00e7u pour une utilisation prolong\u00e9e sur sentier. <\/p>\n<p>Il adopte une tige confortable tr\u00e8s enveloppante structur\u00e9e sur 3 couches qui donnent de l\u2019int\u00e9rieur vers l\u2019ext\u00e9rieur&nbsp;: confort, gr\u00e2ce \u00e0 la construction sans couture, flexibilit\u00e9 et structure gr\u00e2ce \u00e0 l\u2019application innovante MicroLite Skeleton\u2122 qui suit le mouvement du pied de mani\u00e8re dynamique pendant la course, protection gr\u00e2ce aux applications structurelles Flex-Guard\u2122 en microfibre qui maintiennent la chaussure l\u00e9g\u00e8re mais en m\u00eame temps fournissant une barri\u00e8re contre d\u2019\u00e9ventuelles abrasions courant entre les rochers et les racines. La stabilit\u00e9 exceptionnelle est donn\u00e9e par la technologie TrailCage System\u2122 qui, plac\u00e9e entre les deux couches de la tige, donne structure et enveloppement en s\u2019int\u00e9grant au syst\u00e8me de la\u00e7age. La semelle d\u00e9velopp\u00e9e par le d\u00e9partement R&amp;D de La Sportiva est \u00e9quip\u00e9e de la nouvelle bande de roulement FriXion XT adh\u00e9rente avec Impact Brake System et d\u2019un design exclusif avec la technologie Trail Rocker qui favorise le soutien naturel du pied \u00ab&nbsp;ext\u00e9rieur talon-orteil int\u00e9rieur&nbsp;\u00bb du pied pendant la course. Amorti, protection et confort, 3 faces d\u2019une g\u00e9om\u00e9trie parfaite : l\u2019origami, qui a inspir\u00e9 le design g\u00e9n\u00e9ral de la chaussure. Avec Akyra, la course \u00e0 pied est un art.    <\/p>\n<p>Infos techniques<br \/>\nSup\u00e9rieur:<br \/>\nInt\u00e9rieur Ultra-Comfort AirMesh + application de microfibre thermo-adh\u00e9sive MicroLite Skeleton\u2122 TPU + Ext\u00e9rieur respirant en maille technique avec greffes de microfibre Flex-Guard\u2122<br \/>\nDoublure:<br \/>\nMaille antid\u00e9rapante<br \/>\nSemelle interm\u00e9diaire :<br \/>\nInjection EVA<br \/>\nPlantaire:<br \/>\nCourse en montagne Ortholite<br \/>\nSeul:<br \/>\ncompos\u00e9 ajust\u00e9 FriXion XT<br \/>\nGoutte:<br \/>\n10 millim\u00e8tre<br \/>\nDispositions:<br \/>\n36 &#8211; 43 (y compris les demi-tailles)<br \/>\nPoids:<br \/>\n310g demi-paire<\/p>\n","protected":false},"excerpt":{"rendered":"<p>Chaussure de course en montagne structur\u00e9e et protectrice adapt\u00e9e aux itin\u00e9raires d\u2019endurance tels que les Ultra Trails et les Ultra<\/p>\n","protected":false},"featured_media":102038,"template":"","meta":{"_seopress_robots_primary_cat":"","_seopress_titles_title":"","_seopress_titles_desc":"","_seopress_robots_index":""},"product_brand":[3648],"product_cat":[173,1420,1429],"product_tag":[],"class_list":{"0":"post-477166","1":"product","2":"type-product","3":"status-publish","4":"has-post-thumbnail","6":"product_brand-la-sportiva-fr","7":"product_cat-chaussures","8":"product_cat-chaussures-de-loisirs","9":"product_cat-chaussures-pour-femmes","10":"sws-gruppo-no-gruppo-fr","11":"sws-categoria-sito-fr","12":"sws-gruppo-iva-iva81-fr","14":"first","15":"instock","16":"shipping-taxable","17":"purchasable","18":"product-type-variable"},"_links":{"self":[{"href":"https:\/\/lucacastelli.com\/fr\/wp-json\/wp\/v2\/product\/477166","targetHints":{"allow":["GET"]}}],"collection":[{"href":"https:\/\/lucacastelli.com\/fr\/wp-json\/wp\/v2\/product"}],"about":[{"href":"https:\/\/lucacastelli.com\/fr\/wp-json\/wp\/v2\/types\/product"}],"wp:featuredmedia":[{"embeddable":true,"href":"https:\/\/lucacastelli.com\/fr\/wp-json\/wp\/v2\/media\/102038"}],"wp:attachment":[{"href":"https:\/\/lucacastelli.com\/fr\/wp-json\/wp\/v2\/media?parent=477166"}],"wp:term":[{"taxonomy":"product_brand","embeddable":true,"href":"https:\/\/lucacastelli.com\/fr\/wp-json\/wp\/v2\/product_brand?post=477166"},{"taxonomy":"product_cat","embeddable":true,"href":"https:\/\/lucacastelli.com\/fr\/wp-json\/wp\/v2\/product_cat?post=477166"},{"taxonomy":"product_tag","embeddable":true,"href":"https:\/\/lucacastelli.com\/fr\/wp-json\/wp\/v2\/product_tag?post=477166"}],"curies":[{"name":"wp","href":"https:\/\/api.w.org\/{rel}","templated":true}]}}