{"id":476932,"date":"2024-08-10T12:17:32","date_gmt":"2024-08-10T10:17:32","guid":{"rendered":"https:\/\/lucacastelli.com\/?post_type=product&#038;p=476932"},"modified":"2026-04-14T03:13:13","modified_gmt":"2026-04-14T01:13:13","slug":"la-sportiva-trango-tower-gtx","status":"publish","type":"product","link":"https:\/\/lucacastelli.com\/fr\/produit\/la-sportiva-trango-tower-gtx\/","title":{"rendered":"LA SPORTIVA Trango Tower Gtx"},"content":{"rendered":"<p>Chaussure \u00e0 membrane Gore-Tex l\u00e9g\u00e8re et moderne avec l&#8217;esth\u00e9tique-fonctionnelle incontournable de la s\u00e9rie Trango, con\u00e7ue pour la randonn\u00e9e alpine, les via ferrata et le trekking m\u00eame avec charges lourdes.<\/p>\n<p>DESCRIPTION :<br \/>\nLa tige est r\u00e9alis\u00e9e avec l&#8217;exclusif tissu haute t\u00e9nacit\u00e9 avec renforts mono-couche avec technologie \u00e0 zones anti-abrasion diff\u00e9renci\u00e9es Honey-Comb Guard\u2122 positionn\u00e9es aux points les plus sujets \u00e0 l&#8217;abrasion. La ligne esth\u00e9tique caract\u00e9ristique Trango avec coutures r\u00e9duites au minimum est fonctionnelle pour la r\u00e9duction du poids, auquel contribue \u00e9galement la semelle d&#8217;usure r\u00e9alis\u00e9e par Vibram avec dessin exclusif La Sportiva Cube \u00e0 \u00e9paisseurs all\u00e9g\u00e9es. La membrane Gore-Tex Performance Comfort garantit imperm\u00e9abilit\u00e9 et respirabilit\u00e9, l&#8217;articulation de la cheville 3D-Flex System permet un meilleur contr\u00f4le en appui. Le la\u00e7age diff\u00e9renci\u00e9 entre partie sup\u00e9rieure et inf\u00e9rieure permet un r\u00e9glage parfait des volumes pour un confort de chaussant optimal. La s\u00e9rie Trango s&#8217;enrichit de contenus technico-esth\u00e9tiques toujours en avance sur leur temps.    <\/p>\n<p>Tige :<br \/>\nNylon 6.6 haute t\u00e9nacit\u00e9 hydrofuge avec zones anti-abrasion Honey-Comb Guard\u2122 et FlexTec 3<\/p>\n<p>Renforts :<br \/>\nMicrofibre + TPU THIN LAYER<\/p>\n<p>Doublure :<br \/>\nGore-Tex Performance Comfort<\/p>\n<p>Semelle de propret\u00e9 :<br \/>\nNylon 5 mm haute densit\u00e9 avec \u00e9paisseur renforc\u00e9e dans la zone anti-torsion arri\u00e8re<\/p>\n<p>Semelle :<br \/>\nLa Sportiva Cube by Vibram\u00ae avec crampons \u00e0 \u00e9paisseur diff\u00e9renci\u00e9e Impact Brake System au talon et climbing-zone \u00e0 l&#8217;avant<\/p>\n<p>Pointures :<br \/>\n38 \u2013 48 demi-pointures comprises<\/p>\n<p>Brevet :<br \/>\ndesign d\u00e9pos\u00e9<\/p>\n<p>Poids :<br \/>\n745 g (demi-paire, pointure 42)<\/p>\n","protected":false},"excerpt":{"rendered":"<p>Chaussure \u00e0 membrane Gore-Tex l\u00e9g\u00e8re et moderne avec l&#8217;esth\u00e9tique-fonctionnelle incontournable de la s\u00e9rie Trango, con\u00e7ue pour la randonn\u00e9e alpine, les<\/p>\n","protected":false},"featured_media":101990,"template":"","meta":{"_seopress_robots_primary_cat":"none","_seopress_titles_title":"","_seopress_titles_desc":"","_seopress_robots_index":""},"product_brand":[3648],"product_cat":[173,1420,1432],"product_tag":[],"class_list":{"0":"post-476932","1":"product","2":"type-product","3":"status-publish","4":"has-post-thumbnail","6":"product_brand-la-sportiva-fr","7":"product_cat-chaussures","8":"product_cat-chaussures-de-loisirs","9":"product_cat-chaussures-pour-hommes","10":"sws-gruppo-abb-libero-fr","11":"sws-conto-ricavi-merci-rivendita-abbigliamento-fr","12":"sws-gruppo-iva-iva81-fr","14":"first","15":"instock","16":"shipping-taxable","17":"purchasable","18":"product-type-variable","19":"has-default-attributes"},"_links":{"self":[{"href":"https:\/\/lucacastelli.com\/fr\/wp-json\/wp\/v2\/product\/476932","targetHints":{"allow":["GET"]}}],"collection":[{"href":"https:\/\/lucacastelli.com\/fr\/wp-json\/wp\/v2\/product"}],"about":[{"href":"https:\/\/lucacastelli.com\/fr\/wp-json\/wp\/v2\/types\/product"}],"wp:featuredmedia":[{"embeddable":true,"href":"https:\/\/lucacastelli.com\/fr\/wp-json\/wp\/v2\/media\/101990"}],"wp:attachment":[{"href":"https:\/\/lucacastelli.com\/fr\/wp-json\/wp\/v2\/media?parent=476932"}],"wp:term":[{"taxonomy":"product_brand","embeddable":true,"href":"https:\/\/lucacastelli.com\/fr\/wp-json\/wp\/v2\/product_brand?post=476932"},{"taxonomy":"product_cat","embeddable":true,"href":"https:\/\/lucacastelli.com\/fr\/wp-json\/wp\/v2\/product_cat?post=476932"},{"taxonomy":"product_tag","embeddable":true,"href":"https:\/\/lucacastelli.com\/fr\/wp-json\/wp\/v2\/product_tag?post=476932"}],"curies":[{"name":"wp","href":"https:\/\/api.w.org\/{rel}","templated":true}]}}