{"id":476838,"date":"2024-08-09T19:34:21","date_gmt":"2024-08-09T17:34:21","guid":{"rendered":"https:\/\/lucacastelli.com\/prodotto\/la-sportiva-jackal-ii-boa-femme\/"},"modified":"2024-08-09T19:34:21","modified_gmt":"2024-08-09T17:34:21","slug":"la-sportiva-jackal-ii-boa-femme","status":"publish","type":"product","link":"https:\/\/lucacastelli.com\/fr\/produit\/la-sportiva-jackal-ii-boa-femme\/","title":{"rendered":"La Sportiva Jackal II Boa Femme"},"content":{"rendered":"<p>Chaussure de course\u00ae en montagne orient\u00e9e vers la performance sur des distances ULTRA-LONGUES. Ensemble semelle partag\u00e9e avec Jackal II, amorti et \u00e9quip\u00e9e de la technologie Infinitoo\u00ae pour moins de d\u00e9pense \u00e9nerg\u00e9tique. Tige de protection avec un ajustement pr\u00e9cis et enveloppant, capable d\u2019assurer la stabilit\u00e9 m\u00eame sur les sections les plus techniques d\u2019un ultra-marathon. Double roue BOA pour un\u00ae r\u00e9glage rapide et parfait du volume m\u00eame pendant la course.   <\/p>\n<p>La La Sportiva Jackal II BOA est une chaussure de course en montagne haute performance pour les tr\u00e8s longues distances. Il est dot\u00e9 de l\u2019enveloppe PerformFit\u2122, scientifiquement test\u00e9e et prouv\u00e9e, et du syst\u00e8me d\u2019ajustement BOA\u00ae, pour un ajustement de pr\u00e9cision rapide et sans effort. Deux cadrans BOA\u00ae sur la tige de protection, en combinaison avec une double languette de fermeture en microfibre \u00e0 3 couches, assurent un ajustement parfait sur chaque zone du pied pour un maintien maximal du talon. Cela augmente la stabilit\u00e9 et r\u00e9duit l\u2019impact au contact sur les parties les plus techniques d\u2019un parcours d\u2019ultra-marathon.   <\/p>\n<p>Infos techniques<br \/>\nDOUBLURE:<br \/>\nMaille anti-abrasion en mat\u00e9riau recycl\u00e9<br \/>\nSEMELLE INT\u00c9RIEURE:<br \/>\nOrtholite\u00ae Hybrid Mountain Running\u00ae Ergonomique 4 mm<br \/>\nSEUL:<br \/>\nExcellente prise en main gr\u00e2ce au compos\u00e9 FriXion\u00ae White avec boutons lat\u00e9raux IBS<br \/>\nSUP\u00c9RIEUR:<br \/>\nMaille sandwich en mati\u00e8re recycl\u00e9e + renforts en TPU thermo-adh\u00e9sif + rabat en microfibre multicouche + languette et col en Ariaprene<br \/>\nSEMELLE INTERCALAIRE :<br \/>\nEn EVA avec inserts de la technologie Infinitoo\u2122 + pare-roche EVA haute densit\u00e9 + couche de plate-forme d\u2019amorti interne suppl\u00e9mentaire<br \/>\nPOIDS:<br \/>\n300 gr (1\/2 paire)<br \/>\nGOUTTE:<br \/>\n7 millim\u00e8tres<br \/>\nTALON:<br \/>\n29 millim\u00e8tre<br \/>\nPOINT:<br \/>\n22 millim\u00e8tres<br \/>\nHAUTEUR DE HAUTEUR :<br \/>\n3,5 millim\u00e8tres<\/p>\n","protected":false},"excerpt":{"rendered":"<p>Chaussure de course\u00ae en montagne orient\u00e9e vers la performance sur des distances ULTRA-LONGUES. Ensemble semelle partag\u00e9e avec Jackal II, amorti<\/p>\n","protected":false},"featured_media":101972,"template":"","meta":{"_seopress_robots_primary_cat":"","_seopress_titles_title":"","_seopress_titles_desc":"","_seopress_robots_index":""},"product_brand":[3648],"product_cat":[173,1420,1429],"product_tag":[],"class_list":{"0":"post-476838","1":"product","2":"type-product","3":"status-publish","4":"has-post-thumbnail","6":"product_brand-la-sportiva-fr","7":"product_cat-chaussures","8":"product_cat-chaussures-de-loisirs","9":"product_cat-chaussures-pour-femmes","10":"sws-gruppo-no-gruppo","11":"sws-categoria-sito","12":"sws-gruppo-iva-iva81","14":"first","15":"instock","16":"shipping-taxable","17":"purchasable","18":"product-type-variable"},"_links":{"self":[{"href":"https:\/\/lucacastelli.com\/fr\/wp-json\/wp\/v2\/product\/476838","targetHints":{"allow":["GET"]}}],"collection":[{"href":"https:\/\/lucacastelli.com\/fr\/wp-json\/wp\/v2\/product"}],"about":[{"href":"https:\/\/lucacastelli.com\/fr\/wp-json\/wp\/v2\/types\/product"}],"wp:featuredmedia":[{"embeddable":true,"href":"https:\/\/lucacastelli.com\/fr\/wp-json\/wp\/v2\/media\/101972"}],"wp:attachment":[{"href":"https:\/\/lucacastelli.com\/fr\/wp-json\/wp\/v2\/media?parent=476838"}],"wp:term":[{"taxonomy":"product_brand","embeddable":true,"href":"https:\/\/lucacastelli.com\/fr\/wp-json\/wp\/v2\/product_brand?post=476838"},{"taxonomy":"product_cat","embeddable":true,"href":"https:\/\/lucacastelli.com\/fr\/wp-json\/wp\/v2\/product_cat?post=476838"},{"taxonomy":"product_tag","embeddable":true,"href":"https:\/\/lucacastelli.com\/fr\/wp-json\/wp\/v2\/product_tag?post=476838"}],"curies":[{"name":"wp","href":"https:\/\/api.w.org\/{rel}","templated":true}]}}