{"id":476798,"date":"2024-08-09T19:09:44","date_gmt":"2024-08-09T17:09:44","guid":{"rendered":"https:\/\/lucacastelli.com\/prodotto\/la-sportiva-jackal-ii-femme-gtx\/"},"modified":"2024-08-09T19:09:44","modified_gmt":"2024-08-09T17:09:44","slug":"la-sportiva-jackal-ii-femme-gtx","status":"publish","type":"product","link":"https:\/\/lucacastelli.com\/fr\/produit\/la-sportiva-jackal-ii-femme-gtx\/","title":{"rendered":"LA SPORTIVA Jackal II Femme GTX"},"content":{"rendered":"<p>Chaussure de course en\u00ae montagne en membrane Gore-Tex\u00ae avec technologie Invisible Fit d\u00e9di\u00e9e \u00e0 la course tout-terrain pendant les mois d\u2019hiver sur des distances ultra et des entra\u00eenements prolong\u00e9s gr\u00e2ce \u00e0 l\u2019amorti exceptionnel garanti par la semelle interm\u00e9diaire innovante \u00e0 haut retour d\u2019\u00e9nergie de la technologie Infinitoo\u2122.<\/p>\n<p>Infos techniques<br \/>\nSup\u00e9rieur:<br \/>\nMaille sandwich (orteil et languette) + renforts en TPU thermo-adh\u00e9sifs + panneaux lat\u00e9raux en nylon mono-bavure + col en jersey stretch<br \/>\nDoublure:<br \/>\nGore-Tex\u00ae Invisible fit Certifi\u00e9 Bluesign\u00ae<br \/>\nSemelle int\u00e9rieure:<br \/>\nOrtholite\u00ae Hybrid Mountain Running\u00ae Ergonomique 4 mm<br \/>\nSemelle interm\u00e9diaire :<br \/>\nEn EVA avec inserts de la technologie Infinitoo\u2122 + pare-roche EVA haute densit\u00e9 + couche de couture suppl\u00e9mentaire pour plate-forme interne<br \/>\nSeul:<br \/>\nFriXion\u00ae Red bi-compos\u00e9 avec boutons lat\u00e9raux IBS<br \/>\n:<br \/>\nSup\u00e9rieur<br \/>\nGore-Tex\u00ae Invisible fit Certifi\u00e9 Bluesign\u00ae :<br \/>\nSemelle int\u00e9rieure<br \/>\nOrtholite\u00ae Hybrid Mountain Running\u00ae Ergonomique 4 mm :<br \/>\nSemelle interm\u00e9diaire<\/p>\n","protected":false},"excerpt":{"rendered":"<p>Chaussure de course en\u00ae montagne en membrane Gore-Tex\u00ae avec technologie Invisible Fit d\u00e9di\u00e9e \u00e0 la course tout-terrain pendant les mois<\/p>\n","protected":false},"featured_media":101945,"template":"","meta":{"_seopress_robots_primary_cat":"","_seopress_titles_title":"","_seopress_titles_desc":"","_seopress_robots_index":""},"product_brand":[3648],"product_cat":[173,1420,1429],"product_tag":[],"class_list":{"0":"post-476798","1":"product","2":"type-product","3":"status-publish","4":"has-post-thumbnail","6":"product_brand-la-sportiva-fr","7":"product_cat-chaussures","8":"product_cat-chaussures-de-loisirs","9":"product_cat-chaussures-pour-femmes","10":"sws-gruppo-no-gruppo","11":"sws-categoria-sito","12":"sws-gruppo-iva-iva81","14":"first","15":"instock","16":"shipping-taxable","17":"purchasable","18":"product-type-variable"},"_links":{"self":[{"href":"https:\/\/lucacastelli.com\/fr\/wp-json\/wp\/v2\/product\/476798","targetHints":{"allow":["GET"]}}],"collection":[{"href":"https:\/\/lucacastelli.com\/fr\/wp-json\/wp\/v2\/product"}],"about":[{"href":"https:\/\/lucacastelli.com\/fr\/wp-json\/wp\/v2\/types\/product"}],"wp:featuredmedia":[{"embeddable":true,"href":"https:\/\/lucacastelli.com\/fr\/wp-json\/wp\/v2\/media\/101945"}],"wp:attachment":[{"href":"https:\/\/lucacastelli.com\/fr\/wp-json\/wp\/v2\/media?parent=476798"}],"wp:term":[{"taxonomy":"product_brand","embeddable":true,"href":"https:\/\/lucacastelli.com\/fr\/wp-json\/wp\/v2\/product_brand?post=476798"},{"taxonomy":"product_cat","embeddable":true,"href":"https:\/\/lucacastelli.com\/fr\/wp-json\/wp\/v2\/product_cat?post=476798"},{"taxonomy":"product_tag","embeddable":true,"href":"https:\/\/lucacastelli.com\/fr\/wp-json\/wp\/v2\/product_tag?post=476798"}],"curies":[{"name":"wp","href":"https:\/\/api.w.org\/{rel}","templated":true}]}}