{"id":476729,"date":"2024-08-09T19:10:49","date_gmt":"2024-08-09T17:10:49","guid":{"rendered":"https:\/\/lucacastelli.com\/?post_type=product&#038;p=476729"},"modified":"2025-07-29T09:05:20","modified_gmt":"2025-07-29T07:05:20","slug":"la-sportiva-jackal-ii","status":"publish","type":"product","link":"https:\/\/lucacastelli.com\/fr\/produit\/la-sportiva-jackal-ii\/","title":{"rendered":"LA SPORTIVA Jackal II"},"content":{"rendered":"<p>Version II du mod\u00e8le d\u00e9di\u00e9 au monde de la course ULTRA et de l\u2019entra\u00eenement longue distance, caract\u00e9ris\u00e9e par un amorti exceptionnel, gr\u00e2ce \u00e0 la technologie innovante INFINITOO\u2122 \u00e0 haut retour d\u2019\u00e9nergie. Nouveaux mat\u00e9riaux sup\u00e9rieurs avec un contenu respectueux de l\u2019environnement et de nouvelles constructions pour le talon et la languette qui assurent l\u2019adh\u00e9rence, l\u2019enveloppement et la respirabilit\u00e9 tout en r\u00e9duisant consid\u00e9rablement le poids. <\/p>\n<p>Infos techniques<br \/>\nSUP\u00c9RIEUR:<br \/>\nMaille sandwich en mati\u00e8re recycl\u00e9e + renforts thermo-adh\u00e9sifs en TPU + panneaux lat\u00e9raux en nylon mono-bavure<br \/>\nDOUBLURE:<br \/>\nMaille anti-abrasion en mat\u00e9riau recycl\u00e9<br \/>\nSEMELLE INT\u00c9RIEURE:<br \/>\nOrtholite\u00ae Hybrid Mountain Running\u00ae Ergonomique 4 mm<br \/>\nSEMELLE INTERCALAIRE :<br \/>\nEn EVA avec inserts de la technologie Infinitoo\u2122 + pare-roche EVA haute densit\u00e9 + couche de plate-forme d\u2019amorti interne suppl\u00e9mentaire<br \/>\nSEUL:<br \/>\nFriXion\u00ae Red bi-compos\u00e9 avec boutons lat\u00e9raux IBS<br \/>\nPOIDS:<br \/>\n275 gr (1\/2 paire)<br \/>\nGOUTTE:<br \/>\n7 millim\u00e8tres<br \/>\nTALON:<br \/>\n29 millim\u00e8tre<br \/>\nPOINT:<br \/>\n22 millim\u00e8tres<br \/>\nHAUTEUR DE HAUTEUR :<br \/>\n3,5 millim\u00e8tres<\/p>\n","protected":false},"excerpt":{"rendered":"<p>Version II du mod\u00e8le d\u00e9di\u00e9 au monde de la course ULTRA et de l\u2019entra\u00eenement longue distance, caract\u00e9ris\u00e9e par un amorti<\/p>\n","protected":false},"featured_media":101951,"template":"","meta":{"_seopress_robots_primary_cat":"","_seopress_titles_title":"","_seopress_titles_desc":"","_seopress_robots_index":""},"product_brand":[3648],"product_cat":[173,1420,1432],"product_tag":[],"class_list":{"0":"post-476729","1":"product","2":"type-product","3":"status-publish","4":"has-post-thumbnail","6":"product_brand-la-sportiva-fr","7":"product_cat-chaussures","8":"product_cat-chaussures-de-loisirs","9":"product_cat-chaussures-pour-hommes","10":"sws-gruppo-abb-libero-fr","11":"sws-conto-ricavi-merci-rivendita-abbigliamento-fr","12":"sws-gruppo-iva-iva81-fr","14":"first","15":"instock","16":"shipping-taxable","17":"purchasable","18":"product-type-variable"},"_links":{"self":[{"href":"https:\/\/lucacastelli.com\/fr\/wp-json\/wp\/v2\/product\/476729","targetHints":{"allow":["GET"]}}],"collection":[{"href":"https:\/\/lucacastelli.com\/fr\/wp-json\/wp\/v2\/product"}],"about":[{"href":"https:\/\/lucacastelli.com\/fr\/wp-json\/wp\/v2\/types\/product"}],"wp:featuredmedia":[{"embeddable":true,"href":"https:\/\/lucacastelli.com\/fr\/wp-json\/wp\/v2\/media\/101951"}],"wp:attachment":[{"href":"https:\/\/lucacastelli.com\/fr\/wp-json\/wp\/v2\/media?parent=476729"}],"wp:term":[{"taxonomy":"product_brand","embeddable":true,"href":"https:\/\/lucacastelli.com\/fr\/wp-json\/wp\/v2\/product_brand?post=476729"},{"taxonomy":"product_cat","embeddable":true,"href":"https:\/\/lucacastelli.com\/fr\/wp-json\/wp\/v2\/product_cat?post=476729"},{"taxonomy":"product_tag","embeddable":true,"href":"https:\/\/lucacastelli.com\/fr\/wp-json\/wp\/v2\/product_tag?post=476729"}],"curies":[{"name":"wp","href":"https:\/\/api.w.org\/{rel}","templated":true}]}}