{"id":476662,"date":"2024-08-09T15:49:32","date_gmt":"2024-08-09T13:49:32","guid":{"rendered":"https:\/\/lucacastelli.com\/prodotto\/la-sportiva-bushido-ii-gtx\/"},"modified":"2026-04-14T03:13:33","modified_gmt":"2026-04-14T01:13:33","slug":"la-sportiva-bushido-ii-gtx","status":"publish","type":"product","link":"https:\/\/lucacastelli.com\/fr\/produit\/la-sportiva-bushido-ii-gtx\/","title":{"rendered":"LA SPORTIVA Bushido II GTX"},"content":{"rendered":"<p>Version avec membrane GORE-TEX invisible fit du mod\u00e8le classique de Mountain Running Bushido II. D\u00e9di\u00e9e au monde des courses skyraces et con\u00e7ue pour une utilisation durant les mois d&#8217;hiver, elle est super l\u00e9g\u00e8re, adh\u00e9rente, aggressive et con\u00e7ue pour garantir une parfaite stabilit\u00e9 d&#8217;appui sur tous les types de terrains off-road.<\/p>\n<p>DESCRIPTION<br \/>\nBushido II GTX est la version avec membrane GORE-TEX invisible fit du mod\u00e8le classique de Mountain Running Bushido. D\u00e9di\u00e9e au monde des courses skyraces et con\u00e7ue pour une utilisation durant les mois d&#8217;hiver, elle est super l\u00e9g\u00e8re, adh\u00e9rente, aggressive et con\u00e7ue pour garantir une parfaite stabilit\u00e9 d&#8217;appui sur tous les types de terrains off-road. Gr\u00e2ce \u00e0 la construction STB Control, le squelette en TPU plac\u00e9 lat\u00e9ralement sur la tige descend pour envelopper la semelle interm\u00e9diaire dans la partie m\u00e9diale en stabilisant la chaussure. Cette solution permet d&#8217;obtenir un chaussant plus enveloppant et une meilleure stabilit\u00e9 g\u00e9n\u00e9rale gr\u00e2ce au travail synergique de la tige et de la semelle interm\u00e9diaire, ainsi qu&#8217;un all\u00e8gement du produit, \u00e9vitant l&#8217;insertion de lourds inserts stabilisateurs dans la partie centrale de la chaussure. La semelle bi-gomme FriXion Red pr\u00e9sente des surfaces d&#8217;appui diff\u00e9renci\u00e9es : la forme arrondie des crampons externes qui remontent lat\u00e9ralement pour toucher la semelle interm\u00e9diaire cr\u00e9e un angle d&#8217;appui progressif avec le terrain en maintenant la stabilit\u00e9 m\u00eame en cas de torsions extr\u00eames du pied. Cela permet de courir en s\u00e9curit\u00e9 m\u00eame sur les terrains les plus techniques en pr\u00e9sence de racines, pierres et branches. Maintien et enveloppement maximum sur la partie m\u00e9diale du pied, libert\u00e9 de mouvement et confort \u00e0 l&#8217;avant. Le r\u00e9sultat est une chaussure qui, dans le pur style La Sportiva, offre des solutions nouvelles aux exigences des coureurs les plus exigeants, r\u00e9\u00e9crivant les r\u00e8gles du jeu avec une construction jamais vue auparavant dans les chaussures de trail running.       <\/p>\n<p>Tige : air mesh respirant, renforts en film thermoplastique, squelette m\u00e9dial en TPU HF appliqu\u00e9 sur panneaux rip-stop<\/p>\n<p>Doublure : GORE-TEX invisible fit<br \/>\nSemelle interm\u00e9diaire : EVA \u00e0 compression et Stability Control System<\/p>\n<p>Semelle : Frixion Red<\/p>\n<p>Semelle int\u00e9rieure : Ortholite Ergonomic 4 mm<\/p>\n<p>Drop : 6 mm<\/p>\n<p>Poids : 330 g \u00bd paire<\/p>\n<p>Pointures : 38-47,5 demi-pointures comprises<\/p>\n","protected":false},"excerpt":{"rendered":"<p>Version avec membrane GORE-TEX invisible fit du mod\u00e8le classique de Mountain Running Bushido II. D\u00e9di\u00e9e au monde des courses skyraces<\/p>\n","protected":false},"featured_media":101904,"template":"","meta":{"_seopress_robots_primary_cat":"","_seopress_titles_title":"","_seopress_titles_desc":"","_seopress_robots_index":""},"product_brand":[3648],"product_cat":[173,1420,1432],"product_tag":[],"class_list":{"0":"post-476662","1":"product","2":"type-product","3":"status-publish","4":"has-post-thumbnail","6":"product_brand-la-sportiva-fr","7":"product_cat-chaussures","8":"product_cat-chaussures-de-loisirs","9":"product_cat-chaussures-pour-hommes","11":"first","12":"instock","13":"shipping-taxable","14":"purchasable","15":"product-type-variable"},"_links":{"self":[{"href":"https:\/\/lucacastelli.com\/fr\/wp-json\/wp\/v2\/product\/476662","targetHints":{"allow":["GET"]}}],"collection":[{"href":"https:\/\/lucacastelli.com\/fr\/wp-json\/wp\/v2\/product"}],"about":[{"href":"https:\/\/lucacastelli.com\/fr\/wp-json\/wp\/v2\/types\/product"}],"wp:featuredmedia":[{"embeddable":true,"href":"https:\/\/lucacastelli.com\/fr\/wp-json\/wp\/v2\/media\/101904"}],"wp:attachment":[{"href":"https:\/\/lucacastelli.com\/fr\/wp-json\/wp\/v2\/media?parent=476662"}],"wp:term":[{"taxonomy":"product_brand","embeddable":true,"href":"https:\/\/lucacastelli.com\/fr\/wp-json\/wp\/v2\/product_brand?post=476662"},{"taxonomy":"product_cat","embeddable":true,"href":"https:\/\/lucacastelli.com\/fr\/wp-json\/wp\/v2\/product_cat?post=476662"},{"taxonomy":"product_tag","embeddable":true,"href":"https:\/\/lucacastelli.com\/fr\/wp-json\/wp\/v2\/product_tag?post=476662"}],"curies":[{"name":"wp","href":"https:\/\/api.w.org\/{rel}","templated":true}]}}