{"id":476597,"date":"2024-08-09T18:31:41","date_gmt":"2024-08-09T16:31:41","guid":{"rendered":"https:\/\/lucacastelli.com\/prodotto\/la-sportiva-hyper-femme-gtx\/"},"modified":"2026-04-14T03:13:38","modified_gmt":"2026-04-14T01:13:38","slug":"la-sportiva-hyper-femme-gtx","status":"publish","type":"product","link":"https:\/\/lucacastelli.com\/fr\/produit\/la-sportiva-hyper-femme-gtx\/","title":{"rendered":"LA SPORTIVA HYPER WOMAN GTX"},"content":{"rendered":"<p>Chaussure d\u2019approche en cuir, con\u00e7ue avec des solutions innovantes pour la construction de la tige et du syst\u00e8me semelle\/intercalaire, d\u00e9velopp\u00e9es sp\u00e9cifiquement par La Sportiva pour l\u2019approche.<\/p>\n<p>Le chaussant est ergonomique et pr\u00e9cis gr\u00e2ce au syst\u00e8me de montage particulier du tirant all-around qui enveloppe la chaussure \u00e0 360\u00b0 en se reliant au syst\u00e8me de la\u00e7age. Le tirant entoure \u00e9galement l\u2019intercalaire \u00e0 l\u2019avant de mani\u00e8re innovante, contribuant \u00e0 une r\u00e9partition homog\u00e8ne de la tension sur toute la chaussure. Ce syst\u00e8me de construction est issu du savoir-faire d\u00e9velopp\u00e9 par La Sportiva dans le domaine des chaussons d\u2019escalade. L\u2019enrobage de protection en gomme \u00e0 la pointe provient aussi des chaussons de grimpe, avec une construction permettant une continuit\u00e9 entre le bord et la semelle pour une meilleure sensibilit\u00e9 en escalade. L\u2019intercalaire en EVA pr\u00e9sente une plateforme \u00ab Rock Guard \u00bb en pointe et un insert amortissant \u00e0 l\u2019arri\u00e8re pour faciliter l\u2019appui de la cheville tout en \u00e9vitant les torsions contre-nature. La semelle Vibram Idrogrip a \u00e9t\u00e9 r\u00e9alis\u00e9e avec des caract\u00e9ristiques sp\u00e9cifiques pour l\u2019approche et est dot\u00e9e de l\u2019Impact Brake System au talon et sur la partie interne, de ventouses sur la partie externe et d\u2019une climbing zone en pointe. Le summum de la technologie La Sportiva appliqu\u00e9 aux chaussures d\u2019approche.      <\/p>\n<p>Tige : Cuir su\u00e9d\u00e9 + tirant en PU-Leather all-around avec renforts en cuir.<br \/>\nDoublure : GORE-TEX Extended Comfort.<br \/>\nIntercalaire : MEMlex EVA \u00e0 compression avec coussinet souple en EVA par injection + plateforme \u00ab Rock Guard \u00bb extra densit\u00e9 + insert en TPU arri\u00e8re anti-torsion et stabilisateur.<br \/>\nForme : Ergonomic, construction en chaussette.<br \/>\nSemelle : Vibram\u00ae Idrogrip avec Impact Brake System + climbing zone en pointe.<br \/>\nPoids : 365 g (la demi-paire, pointure 38)<\/p>\n","protected":false},"excerpt":{"rendered":"<p>Chaussure d\u2019approche en cuir, con\u00e7ue avec des solutions innovantes pour la construction de la tige et du syst\u00e8me semelle\/intercalaire, d\u00e9velopp\u00e9es<\/p>\n","protected":false},"featured_media":101917,"template":"","meta":{"_seopress_robots_primary_cat":"none","_seopress_titles_title":"","_seopress_titles_desc":"","_seopress_robots_index":""},"product_brand":[3648],"product_cat":[173,1420,1429],"product_tag":[],"class_list":{"0":"post-476597","1":"product","2":"type-product","3":"status-publish","4":"has-post-thumbnail","6":"product_brand-la-sportiva-fr","7":"product_cat-chaussures","8":"product_cat-chaussures-de-loisirs","9":"product_cat-chaussures-pour-femmes","10":"sws-gruppo-no-gruppo-fr","11":"sws-categoria-sito-fr","12":"sws-gruppo-iva-iva81-fr","14":"first","15":"instock","16":"sale","17":"shipping-taxable","18":"purchasable","19":"product-type-variable","20":"has-default-attributes"},"_links":{"self":[{"href":"https:\/\/lucacastelli.com\/fr\/wp-json\/wp\/v2\/product\/476597","targetHints":{"allow":["GET"]}}],"collection":[{"href":"https:\/\/lucacastelli.com\/fr\/wp-json\/wp\/v2\/product"}],"about":[{"href":"https:\/\/lucacastelli.com\/fr\/wp-json\/wp\/v2\/types\/product"}],"wp:featuredmedia":[{"embeddable":true,"href":"https:\/\/lucacastelli.com\/fr\/wp-json\/wp\/v2\/media\/101917"}],"wp:attachment":[{"href":"https:\/\/lucacastelli.com\/fr\/wp-json\/wp\/v2\/media?parent=476597"}],"wp:term":[{"taxonomy":"product_brand","embeddable":true,"href":"https:\/\/lucacastelli.com\/fr\/wp-json\/wp\/v2\/product_brand?post=476597"},{"taxonomy":"product_cat","embeddable":true,"href":"https:\/\/lucacastelli.com\/fr\/wp-json\/wp\/v2\/product_cat?post=476597"},{"taxonomy":"product_tag","embeddable":true,"href":"https:\/\/lucacastelli.com\/fr\/wp-json\/wp\/v2\/product_tag?post=476597"}],"curies":[{"name":"wp","href":"https:\/\/api.w.org\/{rel}","templated":true}]}}