{"id":476560,"date":"2024-08-09T11:48:43","date_gmt":"2024-08-09T09:48:43","guid":{"rendered":"https:\/\/lucacastelli.com\/?post_type=product&#038;p=476560"},"modified":"2025-07-29T09:05:36","modified_gmt":"2025-07-29T07:05:36","slug":"la-sportiva-bushido-ii-femme-gtx","status":"publish","type":"product","link":"https:\/\/lucacastelli.com\/fr\/produit\/la-sportiva-bushido-ii-femme-gtx\/","title":{"rendered":"LA SPORTIVA Bushido II Femme GTX"},"content":{"rendered":"<p>Version membrane GORE-TEX, ajustement invisible du mod\u00e8le classique de course en montagne Bushido II. D\u00e9di\u00e9 au monde des courses de skyraces et con\u00e7u pour \u00eatre utilis\u00e9 pendant les mois d\u2019hiver, il est super l\u00e9ger, adh\u00e9rent, agressif et est con\u00e7u pour assurer une stabilit\u00e9 parfaite sur tous les types de terrains tout-terrain. <\/p>\n<p>DESCRIPTION&nbsp;:<br \/>\nLe Bushido II GTX est la version \u00e0 membrane GORE-TEX \u00e0 ajustement invisible du mod\u00e8le classique Bushido Mountain Running. D\u00e9di\u00e9 au monde des courses de skyraces et con\u00e7u pour \u00eatre utilis\u00e9 pendant les mois d\u2019hiver, il est super l\u00e9ger, adh\u00e9rent, agressif et est con\u00e7u pour assurer une stabilit\u00e9 parfaite sur tous les types de terrains tout-terrain. Gr\u00e2ce \u00e0 la construction STB Control, le squelette en TPU plac\u00e9 lat\u00e9ralement sur la tige descend pour envelopper la semelle interm\u00e9diaire dans la partie m\u00e9diane, stabilisant la chaussure. Cette solution permet un ajustement plus ajust\u00e9 et une plus grande stabilit\u00e9 g\u00e9n\u00e9rale gr\u00e2ce au travail synergique de la tige et de la semelle interm\u00e9diaire, ainsi qu\u2019un all\u00e8gement du produit, \u00e9vitant l\u2019insertion de lourds inserts stabilisateurs dans la partie centrale de la chaussure. La semelle bi-compos\u00e9e FriXion Red a des surfaces d\u2019appui diff\u00e9renci\u00e9es : la forme arrondie des crampons externes qui s\u2019\u00e9l\u00e8vent lat\u00e9ralement pour toucher la semelle interm\u00e9diaire, cr\u00e9e un angle d\u2019appui progressif avec le sol, en maintenant la stabilit\u00e9 m\u00eame en cas de torsion extr\u00eame du pied. Cela vous permet de courir en toute s\u00e9curit\u00e9 m\u00eame sur les terrains les plus techniques en pr\u00e9sence de racines, de pierres et de branches. Soutien maximal et bandage sur la partie m\u00e9diale du pied, libert\u00e9 de mouvement et confort sur la pointe. Le r\u00e9sultat est une chaussure qui, dans le plus pur style La Sportiva, offre de nouvelles solutions aux exigences des coureurs les plus exigeants, en r\u00e9\u00e9crivant les r\u00e8gles du jeu avec une construction jamais vue auparavant dans les chaussures de trail running.       <\/p>\n<p>Tige :<br \/>\n maille a\u00e9r\u00e9e respirante, renforts en film thermoplastique, squelette m\u00e9dial en TPU HF appliqu\u00e9 sur des panneaux ind\u00e9chirables<\/p>\n<p>Doublure : GORE-TEX invisible fit<\/p>\n<p>Semelle interm\u00e9diaire : EVA de compression et syst\u00e8me de contr\u00f4le de la sability<\/p>\n<p>Semelle ext\u00e9rieure : Frixion Red<\/p>\n<p>Semelle int\u00e9rieure : Ortholite Ergonomic 4mm<\/p>\n<p>Chute : 6 mm<\/p>\n<p>Poids : 280 gr<\/p>\n<p>Tailles : 36-43 y compris les demi-pointures<\/p>\n","protected":false},"excerpt":{"rendered":"<p>Version membrane GORE-TEX, ajustement invisible du mod\u00e8le classique de course en montagne Bushido II. D\u00e9di\u00e9 au monde des courses de<\/p>\n","protected":false},"featured_media":101875,"template":"","meta":{"_seopress_robots_primary_cat":"","_seopress_titles_title":"","_seopress_titles_desc":"","_seopress_robots_index":""},"product_brand":[3648],"product_cat":[173,1420,1429],"product_tag":[],"class_list":{"0":"post-476560","1":"product","2":"type-product","3":"status-publish","4":"has-post-thumbnail","6":"product_brand-la-sportiva-fr","7":"product_cat-chaussures","8":"product_cat-chaussures-de-loisirs","9":"product_cat-chaussures-pour-femmes","10":"sws-gruppo-abb-libero-fr","11":"sws-conto-ricavi-merci-rivendita-abbigliamento-fr","12":"sws-gruppo-iva-iva81-fr","14":"first","15":"instock","16":"shipping-taxable","17":"purchasable","18":"product-type-variable"},"_links":{"self":[{"href":"https:\/\/lucacastelli.com\/fr\/wp-json\/wp\/v2\/product\/476560","targetHints":{"allow":["GET"]}}],"collection":[{"href":"https:\/\/lucacastelli.com\/fr\/wp-json\/wp\/v2\/product"}],"about":[{"href":"https:\/\/lucacastelli.com\/fr\/wp-json\/wp\/v2\/types\/product"}],"wp:featuredmedia":[{"embeddable":true,"href":"https:\/\/lucacastelli.com\/fr\/wp-json\/wp\/v2\/media\/101875"}],"wp:attachment":[{"href":"https:\/\/lucacastelli.com\/fr\/wp-json\/wp\/v2\/media?parent=476560"}],"wp:term":[{"taxonomy":"product_brand","embeddable":true,"href":"https:\/\/lucacastelli.com\/fr\/wp-json\/wp\/v2\/product_brand?post=476560"},{"taxonomy":"product_cat","embeddable":true,"href":"https:\/\/lucacastelli.com\/fr\/wp-json\/wp\/v2\/product_cat?post=476560"},{"taxonomy":"product_tag","embeddable":true,"href":"https:\/\/lucacastelli.com\/fr\/wp-json\/wp\/v2\/product_tag?post=476560"}],"curies":[{"name":"wp","href":"https:\/\/api.w.org\/{rel}","templated":true}]}}