{"id":476456,"date":"2024-08-09T09:10:32","date_gmt":"2024-08-09T07:10:32","guid":{"rendered":"https:\/\/lucacastelli.com\/?post_type=product&#038;p=476456"},"modified":"2026-04-14T03:14:06","modified_gmt":"2026-04-14T01:14:06","slug":"la-sportiva-jackal-ii-boa","status":"publish","type":"product","link":"https:\/\/lucacastelli.com\/fr\/produit\/la-sportiva-jackal-ii-boa\/","title":{"rendered":"LA SPORTIVA Jackal II Boa"},"content":{"rendered":"<p>Chaussure Mountain Running\u00ae orient\u00e9e performance sur distances ULTRA-LONG. Ensemble de semelle commun avec Jackal II, amortissant et dot\u00e9 de la technologie Infinitoo\u00ae pour une moindre d\u00e9pense d&#8217;\u00e9nergie. Tige protectrice avec ajustement pr\u00e9cis et enveloppant, capable d&#8217;assurer la stabilit\u00e9 m\u00eame sur les sections les plus techniques d&#8217;un Ultra-Marathon. Double molette BOA\u00ae pour un r\u00e9glage rapide et parfait des volumes m\u00eame en course.   <\/p>\n<p>DOUBLURE :<br \/>\nMesh anti-abrasion en mat\u00e9riau recycl\u00e9<\/p>\n<p>TIGE :<br \/>\nSandwich mesh en mat\u00e9riau recycl\u00e9 + renforts TPU thermoadh\u00e9sifs + Flap en microfibre multicouche + languette et col en Ariaprene<\/p>\n<p>SEMELLE INT\u00c9RIEURE :<br \/>\nOrtholite\u00ae Hybrid Mountain Running\u00ae Ergonomic 4 mm<\/p>\n<p>SEMELLE :<br \/>\nExcellente adh\u00e9rence gr\u00e2ce au compos\u00e9 FriXion\u00ae White avec crampons IBS lat\u00e9raux<\/p>\n<p>SEMELLE INTERM\u00c9DIAIRE :<br \/>\nEn EVA avec inserts Infinitoo\u2122 Technology + rock-shield en EVA haute densit\u00e9 + couche additionnelle cushioning platform interne<\/p>\n<p>POIDS&nbsp;:<br \/>\n300 gr (1\/2 paire)<\/p>\n<p>DROP :<br \/>\n7 mm<\/p>\n<p>TALON :<br \/>\n29 mm<\/p>\n<p>POINTE :<br \/>\n22 mm<\/p>\n<p>LUGH HEIGHT :<br \/>\n3,5 mm<\/p>\n","protected":false},"excerpt":{"rendered":"<p>Chaussure Mountain Running\u00ae orient\u00e9e performance sur distances ULTRA-LONG. Ensemble de semelle commun avec Jackal II, amortissant et dot\u00e9 de la<\/p>\n","protected":false},"featured_media":101825,"template":"","meta":{"_seopress_robots_primary_cat":"none","_seopress_titles_title":"","_seopress_titles_desc":"","_seopress_robots_index":""},"product_brand":[3648],"product_cat":[173,1420,1432],"product_tag":[],"class_list":{"0":"post-476456","1":"product","2":"type-product","3":"status-publish","4":"has-post-thumbnail","6":"product_brand-la-sportiva-fr","7":"product_cat-chaussures","8":"product_cat-chaussures-de-loisirs","9":"product_cat-chaussures-pour-hommes","10":"sws-gruppo-abb-libero-fr","11":"sws-conto-ricavi-merci-rivendita-abbigliamento-fr","12":"sws-gruppo-iva-iva81-fr","14":"first","15":"instock","16":"shipping-taxable","17":"purchasable","18":"product-type-variable","19":"has-default-attributes"},"_links":{"self":[{"href":"https:\/\/lucacastelli.com\/fr\/wp-json\/wp\/v2\/product\/476456","targetHints":{"allow":["GET"]}}],"collection":[{"href":"https:\/\/lucacastelli.com\/fr\/wp-json\/wp\/v2\/product"}],"about":[{"href":"https:\/\/lucacastelli.com\/fr\/wp-json\/wp\/v2\/types\/product"}],"wp:featuredmedia":[{"embeddable":true,"href":"https:\/\/lucacastelli.com\/fr\/wp-json\/wp\/v2\/media\/101825"}],"wp:attachment":[{"href":"https:\/\/lucacastelli.com\/fr\/wp-json\/wp\/v2\/media?parent=476456"}],"wp:term":[{"taxonomy":"product_brand","embeddable":true,"href":"https:\/\/lucacastelli.com\/fr\/wp-json\/wp\/v2\/product_brand?post=476456"},{"taxonomy":"product_cat","embeddable":true,"href":"https:\/\/lucacastelli.com\/fr\/wp-json\/wp\/v2\/product_cat?post=476456"},{"taxonomy":"product_tag","embeddable":true,"href":"https:\/\/lucacastelli.com\/fr\/wp-json\/wp\/v2\/product_tag?post=476456"}],"curies":[{"name":"wp","href":"https:\/\/api.w.org\/{rel}","templated":true}]}}