{"id":476413,"date":"2026-02-25T15:46:43","date_gmt":"2026-02-25T14:46:43","guid":{"rendered":"https:\/\/lucacastelli.com\/prodotto\/la-sportiva-trango-pro-gtx\/"},"modified":"2026-02-26T15:29:02","modified_gmt":"2026-02-26T14:29:02","slug":"la-sportiva-trango-pro-gtx","status":"publish","type":"product","link":"https:\/\/lucacastelli.com\/fr\/produit\/la-sportiva-trango-pro-gtx\/","title":{"rendered":"LA SPORTIVA Trango Pro GTX"},"content":{"rendered":"<p>La chaussure Trango Pro GTX a \u00e9t\u00e9 d\u00e9velopp\u00e9e pour les utilisateurs les plus exigeants qui n\u00e9cessitent s\u00e9curit\u00e9 et performance sur des voies alpines techniques et traditionnelles en conditions estivales.<\/p>\n<p>R\u00e9alis\u00e9e avec des concepts et mat\u00e9riaux de nouvelle g\u00e9n\u00e9ration, la Trango Pro GTX a \u00e9t\u00e9 soign\u00e9e dans les moindres d\u00e9tails pour garantir une technicit\u00e9 maximale, une pr\u00e9cision en escalade et un poids extr\u00eamement r\u00e9duit, afin de satisfaire les exigences des professionnels de la montagne et des utilisateurs les plus avanc\u00e9s.<br \/>\nLa nouvelle forme Trango-Ergo, con\u00e7ue pour mieux s&#8217;adapter aux diff\u00e9rentes morphologies de pied, permet aux alpinistes d&#8217;exp\u00e9rimenter une pr\u00e9cision et un confort maximaux.<br \/>\nLa gu\u00eatre La Sportiva Vortex avec fermeture rapide emp\u00eache l&#8217;entr\u00e9e de d\u00e9bris et de neige et prot\u00e8ge le la\u00e7age sup\u00e9rieur de la chaussure.<br \/>\nLa semelle Vibram\u00ae Cube Evo, r\u00e9alis\u00e9e avec la technologie SpringLug Tech pour garantir l&#8217;amorti de l&#8217;impact avec le sol tout en restant ultra-l\u00e9g\u00e8re, a \u00e9t\u00e9 con\u00e7ue par les experts La Sportiva pour maximiser les performances en escalade gr\u00e2ce \u00e0 la large Climbing Zone \u00e0 l&#8217;avant et pour am\u00e9liorer la traction et le freinage gr\u00e2ce \u00e0 l&#8217;utilisation de la technologie brevet\u00e9e Impact Brake System\u2122.<br \/>\nLa doublure imperm\u00e9able GORE-TEX Performance Comfort assure une protection maximale contre les intemp\u00e9ries.<\/p>\n<p>INFOS TECHNIQUES :<br \/>\n&#8211; Gu\u00eatre : Tissu hydrofuge, \u00e9lastique et anti-abrasion avec syst\u00e8me de fermeture Vortex\u2122.<br \/>\n&#8211; Tige : Nylon 6.6 haute t\u00e9nacit\u00e9, hydrofuge et avec zones anti-abrasion HoneyComb Guard\u2122.<br \/>\n&#8211; Doublure : GORE-TEX Performance Comfort<br \/>\n&#8211; Semelle de propret\u00e9 : Nylon charg\u00e9 carbone<br \/>\n&#8211; Semelle interm\u00e9diaire : Polyur\u00e9thane basse densit\u00e9 et insert en TPU pour la fixation du crampon arri\u00e8re<br \/>\n&#8211; Semelle : Vibram\u00ae avec technologie SpringLug Tech et syst\u00e8me Impact Brake<br \/>\n&#8211; Brevet : Syst\u00e8me Impact Brake ; Syst\u00e8me de flexion 3D Evo<br \/>\n&#8211; Poids : 640 g la demi-paire.<\/p>\n","protected":false},"excerpt":{"rendered":"<p>La chaussure Trango Pro GTX a \u00e9t\u00e9 d\u00e9velopp\u00e9e pour les utilisateurs les plus exigeants qui n\u00e9cessitent s\u00e9curit\u00e9 et performance sur<\/p>\n","protected":false},"featured_media":101767,"template":"","meta":{"_seopress_robots_primary_cat":"none","_seopress_titles_title":"","_seopress_titles_desc":"","_seopress_robots_index":""},"product_brand":[3419],"product_cat":[28,568,569],"product_tag":[],"class_list":{"0":"post-476413","1":"product","2":"type-product","3":"status-publish","4":"has-post-thumbnail","6":"product_brand-la-sportiva","7":"product_cat-calzature","8":"product_cat-calzature-per-il-tempo-libero","9":"product_cat-calzature-da-uomo","10":"sws-gruppo-abb-libero-fr","11":"sws-categoria-sito-fr","12":"sws-conto-ricavi-merci-rivendita-abbigliamento-fr","13":"sws-gruppo-iva-iva81-fr","15":"first","16":"instock","17":"shipping-taxable","18":"purchasable","19":"product-type-variable","20":"has-default-attributes"},"_links":{"self":[{"href":"https:\/\/lucacastelli.com\/fr\/wp-json\/wp\/v2\/product\/476413","targetHints":{"allow":["GET"]}}],"collection":[{"href":"https:\/\/lucacastelli.com\/fr\/wp-json\/wp\/v2\/product"}],"about":[{"href":"https:\/\/lucacastelli.com\/fr\/wp-json\/wp\/v2\/types\/product"}],"wp:featuredmedia":[{"embeddable":true,"href":"https:\/\/lucacastelli.com\/fr\/wp-json\/wp\/v2\/media\/101767"}],"wp:attachment":[{"href":"https:\/\/lucacastelli.com\/fr\/wp-json\/wp\/v2\/media?parent=476413"}],"wp:term":[{"taxonomy":"product_brand","embeddable":true,"href":"https:\/\/lucacastelli.com\/fr\/wp-json\/wp\/v2\/product_brand?post=476413"},{"taxonomy":"product_cat","embeddable":true,"href":"https:\/\/lucacastelli.com\/fr\/wp-json\/wp\/v2\/product_cat?post=476413"},{"taxonomy":"product_tag","embeddable":true,"href":"https:\/\/lucacastelli.com\/fr\/wp-json\/wp\/v2\/product_tag?post=476413"}],"curies":[{"name":"wp","href":"https:\/\/api.w.org\/{rel}","templated":true}]}}