{"id":476361,"date":"2024-08-07T18:37:22","date_gmt":"2024-08-07T16:37:22","guid":{"rendered":"https:\/\/lucacastelli.com\/prodotto\/la-sportiva-tx2-evo-cuir\/"},"modified":"2024-08-07T18:37:22","modified_gmt":"2024-08-07T16:37:22","slug":"la-sportiva-tx2-evo-cuir","status":"publish","type":"product","link":"https:\/\/lucacastelli.com\/fr\/produit\/la-sportiva-tx2-evo-cuir\/","title":{"rendered":"LA SPORTIVA TX2 Evo Cuir"},"content":{"rendered":"<p>Une chaussure d\u2019approche con\u00e7ue pour l\u2019approche technique des murs d\u2019escalade et l\u2019utilisation en falaise, elle est dot\u00e9e d\u2019un ajustement enveloppant et du confort in\u00e9gal\u00e9 de la tige en daim.<\/p>\n<p>TX2 Evo Leather est la chaussure con\u00e7ue pour l\u2019approche technique des murs d\u2019escalade et pour une utilisation en falaise, elle est dot\u00e9e d\u2019une coupe enveloppante et du confort in\u00e9gal\u00e9 de la tige en daim. Elle adopte une semelle avec une bande de roulement 100&nbsp;% solvable qui double son cycle de vie et utilise des mat\u00e9riaux recycl\u00e9s pour un impact environnemental moindre. L\u2019ensemble de semelles est con\u00e7u pour un ressemelage rapide et facile en rempla\u00e7ant la bande de roulement exclusivement chez les semeleuses agr\u00e9\u00e9es La Sportiva. Elle respecte l\u2019environnement gr\u00e2ce \u00e0 la tige \u00e9co-tann\u00e9e sans m\u00e9tal, \u00e0 la semelle int\u00e9rieure Ortholite\u00ae Hybrid en mati\u00e8re recycl\u00e9e, \u00e0 la semelle interm\u00e9diaire fabriqu\u00e9e en partie avec des d\u00e9chets de traitement et aux lacets 100&nbsp;% recycl\u00e9s. Semelle Vibram\u00ae IdroGrip avec zone d\u2019escalade con\u00e7ue pour une adh\u00e9rence maximale sur les terrains techniques. TX2 Evo : renouveler, r\u00e9utiliser, ressemeler.     <\/p>\n<p>Empeigne&nbsp;:<br \/>\nSu\u00e8de (sans m\u00e9tal) + PU Tech-Lite\u2122 sur la pointe et le talon.<\/p>\n<p>Doublure&nbsp;:<br \/>\nmaille antid\u00e9rapante Semelle int\u00e9rieure<br \/>\n&nbsp;:<br \/>\nOrtholite\u00ae Hybrid Approach 4 mm<\/p>\n<p>Semelle intercalaire&nbsp;:<br \/>\n EVA de compression recycl\u00e9<\/p>\n<p>Semelle&nbsp;:<br \/>\n Vibram\u00ae Idrogrip<br \/>\nBrevets&nbsp;:<\/p>\n<p>C2 &#8211; Combo Cord et syst\u00e8me de la\u00e7age Mythos<br \/>\nTailles&nbsp;:<br \/>\n37-471\/2 +1\/2<\/p>\n<p>Poids :<br \/>\n 295 g (une demi-paire)<\/p>\n","protected":false},"excerpt":{"rendered":"<p>Une chaussure d\u2019approche con\u00e7ue pour l\u2019approche technique des murs d\u2019escalade et l\u2019utilisation en falaise, elle est dot\u00e9e d\u2019un ajustement enveloppant<\/p>\n","protected":false},"featured_media":101808,"template":"","meta":{"_seopress_robots_primary_cat":"","_seopress_titles_title":"","_seopress_titles_desc":"","_seopress_robots_index":""},"product_brand":[3648],"product_cat":[173,1420,1432],"product_tag":[],"class_list":{"0":"post-476361","1":"product","2":"type-product","3":"status-publish","4":"has-post-thumbnail","6":"product_brand-la-sportiva-fr","7":"product_cat-chaussures","8":"product_cat-chaussures-de-loisirs","9":"product_cat-chaussures-pour-hommes","11":"first","12":"instock","13":"sale","14":"shipping-taxable","15":"purchasable","16":"product-type-variable"},"_links":{"self":[{"href":"https:\/\/lucacastelli.com\/fr\/wp-json\/wp\/v2\/product\/476361","targetHints":{"allow":["GET"]}}],"collection":[{"href":"https:\/\/lucacastelli.com\/fr\/wp-json\/wp\/v2\/product"}],"about":[{"href":"https:\/\/lucacastelli.com\/fr\/wp-json\/wp\/v2\/types\/product"}],"wp:featuredmedia":[{"embeddable":true,"href":"https:\/\/lucacastelli.com\/fr\/wp-json\/wp\/v2\/media\/101808"}],"wp:attachment":[{"href":"https:\/\/lucacastelli.com\/fr\/wp-json\/wp\/v2\/media?parent=476361"}],"wp:term":[{"taxonomy":"product_brand","embeddable":true,"href":"https:\/\/lucacastelli.com\/fr\/wp-json\/wp\/v2\/product_brand?post=476361"},{"taxonomy":"product_cat","embeddable":true,"href":"https:\/\/lucacastelli.com\/fr\/wp-json\/wp\/v2\/product_cat?post=476361"},{"taxonomy":"product_tag","embeddable":true,"href":"https:\/\/lucacastelli.com\/fr\/wp-json\/wp\/v2\/product_tag?post=476361"}],"curies":[{"name":"wp","href":"https:\/\/api.w.org\/{rel}","templated":true}]}}