{"id":476349,"date":"2024-06-21T16:59:56","date_gmt":"2024-06-21T14:59:56","guid":{"rendered":"https:\/\/lucacastelli.com\/prodotto\/la-sportiva-mutant\/"},"modified":"2024-06-21T16:59:56","modified_gmt":"2024-06-21T14:59:56","slug":"la-sportiva-mutant","status":"publish","type":"product","link":"https:\/\/lucacastelli.com\/fr\/produit\/la-sportiva-mutant\/","title":{"rendered":"LA SPORTIVA MUTANT"},"content":{"rendered":"<p>Dot\u00e9e d\u2019une semelle ext\u00e9rieure agressive, de pointes solides et d\u2019un ajustement adaptable, la Mutant est con\u00e7ue pour affronter les terrains les plus difficiles. \u00c9quip\u00e9 du caoutchouc FriXion\u00ae XF 2.0 plus adh\u00e9rent pour une traction positive sur les sentiers mouill\u00e9s et meubles et d\u2019un syst\u00e8me de la\u00e7age FusionGate\u2122 unique, le Mutant inspire confiance et vitesse en montagne. Graphismes mis \u00e0 jour inspir\u00e9s de la topographie du Val di Fiemme et fabriqu\u00e9s avec des mat\u00e9riaux plus durables.  <\/p>\n<p>&#8211; Le syst\u00e8me de la\u00e7age int\u00e9gr\u00e9 avec technologie Fusiongate\u2122 et renforts \u00e0 haute fr\u00e9quence permet l\u2019ajustement du volume et de l\u2019adh\u00e9rence du pied.<br \/>\n&#8211; Technologie Spyraltongue\u2122 : Gu\u00eatre int\u00e9gr\u00e9e qui \u00e9pouse le bas de la cheville tout en maintenant le collier serr\u00e9 et en \u00e9vitant le contact avec les \u00e9l\u00e9ments ext\u00e9rieurs.<br \/>\n&#8211; Le compos\u00e9 de caoutchouc FriXion\u00ae FX 2.0 ultra-collant est parfait pour courir sur des terrains mous et boueux, tandis que la bande de roulement V-Groove\u2122 s\u2019adapte aux conditions hivernales gr\u00e2ce \u00e0 la fonction AT Grip Spike.<br \/>\n&#8211; Le Mutant est un monstre absolu sur les sentiers, prot\u00e9geant vos pieds des rochers et des racines et inspirant confiance gr\u00e2ce \u00e0 son caoutchouc ultra-adh\u00e9rent.<br \/>\n&#8211; Profil d\u2019utilisateur : Coureurs de montagne \u00e0 la recherche d\u2019une chaussure de trail agressive, durable et neutre avec un amorti sublime et une semelle aux dents collantes.<\/p>\n<p>SP\u00c9CIFICATIONS DE L\u2019ARTICLE&nbsp;: 56F<br \/>\nTAILLES&nbsp;: 38 &#8211; 47.5 (demi-tailles<br \/>\n)<br \/>\nPOIDS&nbsp;: 320g<br \/>\nDURABILIT\u00c9&nbsp;: 2 Ergo<br \/>\nTime Fit&nbsp;: Medium<br \/>\nLACETS&nbsp;: 100&nbsp;% Polyester<br \/>\nRECYCL\u00c9 TIGE&nbsp;: AirMesh recycl\u00e9 \/ Lacet recycl\u00e9 \/ Garde d\u2019\u00e9boulis extensible dans les 4 sens avec garage \u00e0 lacets \/ TPU FusionGate<br \/>\nDOUBLURE&nbsp;:<br \/>\nAntid\u00e9rapant Recycled AirMesh SOLE&nbsp;: Ortholite Hybrid avec 5&nbsp;% de caoutchouc recycl\u00e9 + 15&nbsp;% de mousse de d\u00e9chets de production<br \/>\nSemelle intercalaire&nbsp;: Stabilisateur EVA \/ TPU<br \/>\n moul\u00e9 par injectionSEMELLE : Compos\u00e9 FriXion\u00ae XF 2.0 avec syst\u00e8me Impact Brake\u2122 et bande de roulement V-Groove\u2122.<br \/>\nPROFONDEUR DU CAPUCHON : 6,5 mm<br \/>\nCHUTE : 10 mm ; Semelle : 24 mm (talon) \/ 14 mm (avant-pied)<br \/>\nSUSPENSION : Semelle interm\u00e9diaire : 32A<\/p>\n","protected":false},"excerpt":{"rendered":"<p>Dot\u00e9e d\u2019une semelle ext\u00e9rieure agressive, de pointes solides et d\u2019un ajustement adaptable, la Mutant est con\u00e7ue pour affronter les terrains<\/p>\n","protected":false},"featured_media":101721,"template":"","meta":{"_seopress_robots_primary_cat":"","_seopress_titles_title":"","_seopress_titles_desc":"","_seopress_robots_index":""},"product_brand":[3648],"product_cat":[173,1420,1429],"product_tag":[],"class_list":{"0":"post-476349","1":"product","2":"type-product","3":"status-publish","4":"has-post-thumbnail","6":"product_brand-la-sportiva-fr","7":"product_cat-chaussures","8":"product_cat-chaussures-de-loisirs","9":"product_cat-chaussures-pour-femmes","10":"sws-gruppo-no-gruppo-fr","11":"sws-categoria-sito-fr","12":"sws-gruppo-iva-iva81-fr","14":"first","15":"instock","16":"shipping-taxable","17":"purchasable","18":"product-type-variable"},"_links":{"self":[{"href":"https:\/\/lucacastelli.com\/fr\/wp-json\/wp\/v2\/product\/476349","targetHints":{"allow":["GET"]}}],"collection":[{"href":"https:\/\/lucacastelli.com\/fr\/wp-json\/wp\/v2\/product"}],"about":[{"href":"https:\/\/lucacastelli.com\/fr\/wp-json\/wp\/v2\/types\/product"}],"wp:featuredmedia":[{"embeddable":true,"href":"https:\/\/lucacastelli.com\/fr\/wp-json\/wp\/v2\/media\/101721"}],"wp:attachment":[{"href":"https:\/\/lucacastelli.com\/fr\/wp-json\/wp\/v2\/media?parent=476349"}],"wp:term":[{"taxonomy":"product_brand","embeddable":true,"href":"https:\/\/lucacastelli.com\/fr\/wp-json\/wp\/v2\/product_brand?post=476349"},{"taxonomy":"product_cat","embeddable":true,"href":"https:\/\/lucacastelli.com\/fr\/wp-json\/wp\/v2\/product_cat?post=476349"},{"taxonomy":"product_tag","embeddable":true,"href":"https:\/\/lucacastelli.com\/fr\/wp-json\/wp\/v2\/product_tag?post=476349"}],"curies":[{"name":"wp","href":"https:\/\/api.w.org\/{rel}","templated":true}]}}