{"id":476285,"date":"2026-04-02T14:15:30","date_gmt":"2026-04-02T12:15:30","guid":{"rendered":"https:\/\/lucacastelli.com\/prodotto\/la-sportiva-tx4-femme-gtx\/"},"modified":"2026-04-13T22:05:11","modified_gmt":"2026-04-13T20:05:11","slug":"la-sportiva-tx4-femme-gtx","status":"publish","type":"product","link":"https:\/\/lucacastelli.com\/fr\/produit\/la-sportiva-tx4-femme-gtx\/","title":{"rendered":"LA SPORTIVA TX4 Woman GTX"},"content":{"rendered":"<p>Chaussure en cuir avec doublure Gore-Tex Extended Comfort con\u00e7ue pour les approches techniques et les via ferrata, appartenant \u00e0 la s\u00e9rie approach Traverse X : id\u00e9ale pour une utilisation prolong\u00e9e par les guides et les professionnels de la montagne. Chaque d\u00e9tail est \u00e9tudi\u00e9 pour garantir adh\u00e9rence, confort et protection en phase d&#8217;approche et pour favoriser l&#8217;utilisation technique jusqu&#8217;\u00e0 la base de la paroi. <\/p>\n<p>TX4 est une chaussure robuste \u00ab built to last \u00bb, construite pour durer dans le temps gr\u00e2ce au syst\u00e8me de construction STB Control System\u2122 qui fournit structure et stabilit\u00e9 torsionnelle. Design \u00e9pur\u00e9 et essentiel gr\u00e2ce \u00e0 la tige en cuir tr\u00e8s robuste, haute r\u00e9sistance aux abrasions gr\u00e2ce au bord en PU TechLite all-around, semelle Vibram MegaGrip avec climbing zone \u00e0 l&#8217;avant et Impact Brake System \u00e0 l&#8217;arri\u00e8re : con\u00e7ue pour l&#8217;escalade et les retours sur terrains techniques. Le syst\u00e8me de la\u00e7age d\u00e9rive du mod\u00e8le d&#8217;escalade Mythos et permet le r\u00e9glage de la tension et des volumes de chaussant en un seul mouvement. Traverse X est l&#8217;expression maximale du d\u00e9placement en montagne de mani\u00e8re confortable, rapide et s\u00fbre.   <\/p>\n<p>Tige :<br \/>\ncuir velours + bord de protection PU TechLite 1,5 mm et bout en caoutchouc protecteur<\/p>\n<p>Doublure :<br \/>\nGore-Tex Extended Comfort<\/p>\n<p>Semelle interm\u00e9diaire :<br \/>\nEVA inject\u00e9e amortissante<\/p>\n<p>Semelle int\u00e9rieure :<br \/>\nOrtholite Approach 4 mm<\/p>\n<p>Semelle :<br \/>\nVibram Mega-Grip avec Impact Brake System et climbing zone \u00e0 l&#8217;avant<\/p>\n<p>Pointures :<br \/>\n36 \u2013 42 demi-pointures comprises<\/p>\n<p>Brevets :<br \/>\nsyst\u00e8me de la\u00e7age Mythos<\/p>\n<p>Poids :<br \/>\n330 g la demi-paire<\/p>\n","protected":false},"excerpt":{"rendered":"<p>Chaussure en cuir avec doublure Gore-Tex Extended Comfort con\u00e7ue pour les approches techniques et les via ferrata, appartenant \u00e0 la<\/p>\n","protected":false},"featured_media":101734,"template":"","meta":{"_seopress_robots_primary_cat":"none","_seopress_titles_title":"","_seopress_titles_desc":"","_seopress_robots_index":""},"product_brand":[3648],"product_cat":[173,1420,1429],"product_tag":[],"class_list":{"0":"post-476285","1":"product","2":"type-product","3":"status-publish","4":"has-post-thumbnail","6":"product_brand-la-sportiva-fr","7":"product_cat-chaussures","8":"product_cat-chaussures-de-loisirs","9":"product_cat-chaussures-pour-femmes","10":"sws-gruppo-abb-libero-fr","11":"sws-conto-ricavi-merci-rivendita-abbigliamento-fr","12":"sws-gruppo-iva-iva81-fr","14":"first","15":"instock","16":"sale","17":"shipping-taxable","18":"purchasable","19":"product-type-variable","20":"has-default-attributes"},"_links":{"self":[{"href":"https:\/\/lucacastelli.com\/fr\/wp-json\/wp\/v2\/product\/476285","targetHints":{"allow":["GET"]}}],"collection":[{"href":"https:\/\/lucacastelli.com\/fr\/wp-json\/wp\/v2\/product"}],"about":[{"href":"https:\/\/lucacastelli.com\/fr\/wp-json\/wp\/v2\/types\/product"}],"wp:featuredmedia":[{"embeddable":true,"href":"https:\/\/lucacastelli.com\/fr\/wp-json\/wp\/v2\/media\/101734"}],"wp:attachment":[{"href":"https:\/\/lucacastelli.com\/fr\/wp-json\/wp\/v2\/media?parent=476285"}],"wp:term":[{"taxonomy":"product_brand","embeddable":true,"href":"https:\/\/lucacastelli.com\/fr\/wp-json\/wp\/v2\/product_brand?post=476285"},{"taxonomy":"product_cat","embeddable":true,"href":"https:\/\/lucacastelli.com\/fr\/wp-json\/wp\/v2\/product_cat?post=476285"},{"taxonomy":"product_tag","embeddable":true,"href":"https:\/\/lucacastelli.com\/fr\/wp-json\/wp\/v2\/product_tag?post=476285"}],"curies":[{"name":"wp","href":"https:\/\/api.w.org\/{rel}","templated":true}]}}