{"id":476273,"date":"2024-06-21T16:48:50","date_gmt":"2024-06-21T14:48:50","guid":{"rendered":"https:\/\/lucacastelli.com\/prodotto\/la-sportiva-jackal-ii-femme\/"},"modified":"2024-06-21T16:48:50","modified_gmt":"2024-06-21T14:48:50","slug":"la-sportiva-jackal-ii-femme","status":"publish","type":"product","link":"https:\/\/lucacastelli.com\/fr\/produit\/la-sportiva-jackal-ii-femme\/","title":{"rendered":"LA SPORTIVA JACKAL II FEMME"},"content":{"rendered":"<p>Con\u00e7ues pour les coureuses qui veulent un amorti doux, un ajustement plus large et plus de volume, les chaussures de trail running Jackal II pour femme maintiennent vos pieds stables et charg\u00e9s pour les longues courses sur des terrains techniques et accident\u00e9s. Le mod\u00e8le mis \u00e0 jour conserve tous les meilleurs aspects de l\u2019original avec de nouveaux mat\u00e9riaux sup\u00e9rieurs respectueux de l\u2019environnement, une nouvelle construction talon\/languette et une respirabilit\u00e9 accrue, le tout dans un design plus l\u00e9ger. <\/p>\n<p>&#8211; Les mises \u00e0 jour de la premi\u00e8re version Jackal comprennent : l\u2019utilisation de maille recycl\u00e9e (avant-pied, languette et doublure), une nouvelle construction de languette pour r\u00e9duire le poids, un talon redessin\u00e9 avec une nouvelle construction et de nouveaux mat\u00e9riaux, et un nouveau design de la\u00e7age pour un plus grand niveau d\u2019adaptabilit\u00e9 du volume \u00e0 l\u2019avant-pied.<br \/>\n&#8211; Combinaison innovante d\u2019une semelle interm\u00e9diaire en EVA et d\u2019inserts en PU Infinitoo\u2122 (10 mm au talon et 5 mm \u00e0 l\u2019avant-pied) pour un \u00e9quilibre parfait entre amorti sur longue distance et stabilit\u00e9 sur les sentiers.<br \/>\n&#8211; Compos\u00e9 de caoutchouc Frixion\u00ae XT 2.0 pour un \u00e9quilibre entre traction et durabilit\u00e9<br \/>\n &#8211; La maille Mono-Burr m\u00e9diane\/lat\u00e9rale augmente la respirabilit\u00e9 pour une ventilation maximale et un confort climatique.<br \/>\n&#8211; Profil d\u2019utilisateur : Id\u00e9al pour les amateurs de course en montagne \u00e0 la recherche d\u2019une chaussure de moyenne \u00e0 longue distance pour les courses et les courses sur des terrains plus techniques.<\/p>\n<p>PRODUIT : 56K<br \/>\nTAILLES : 36 &#8211; 43 (demi-tailles)<br \/>\nPOIDS : 8,6 oz \/ 245 g<br \/>\nDUR\u00c9E : Ultra Temps Femmes<br \/>\nCoupe : ample<br \/>\nLACETS : 100 % polyester recycl\u00e9<br \/>\nTIGE : Maille sandwich recycl\u00e9e \/ Lacets recycl\u00e9s \/ Inserts en nylon mono-beurre respirant \/ Renforts en TPU thermo-adh\u00e9sifs sans couture \/ Embout en TPU<br \/>\nDOUBLURE : tricot recycl\u00e9 r\u00e9sistant \u00e0 l\u2019abrasion<br \/>\nSEMELLE : Ortholite Hybrid avec 5 % de caoutchouc recycl\u00e9 + 15 % de mousse de d\u00e9chets de production<br \/>\nSemelle intercalaire : EVA moul\u00e9 par compression avec inserts en PU Infinitoo \/ protection contre les roches en EVA compress\u00e9 \u00e0 double densit\u00e9 de 1,5 mm<br \/>\nSEMELLE : FriXion\u00ae XT 2.0 avec syst\u00e8me Impact Brake \/ inserts FLEX<br \/>\nPROFONDEUR DU CAPUCHON : 3,5 mm<br \/>\nCHUTE : 7 mm ; Positionnement : Talon : 29 mm \/ Orteil : 22 mm<br \/>\nCOSSINS : EVA : 35A et 32A (talon\/avant-pied) \/ Inserts PU Infinitoo : 30A (talon\/avant-pied)<\/p>\n","protected":false},"excerpt":{"rendered":"<p>Con\u00e7ues pour les coureuses qui veulent un amorti doux, un ajustement plus large et plus de volume, les chaussures de<\/p>\n","protected":false},"featured_media":101698,"template":"","meta":{"_seopress_robots_primary_cat":"","_seopress_titles_title":"","_seopress_titles_desc":"","_seopress_robots_index":""},"product_brand":[3648],"product_cat":[173,1420,1429],"product_tag":[],"class_list":{"0":"post-476273","1":"product","2":"type-product","3":"status-publish","4":"has-post-thumbnail","6":"product_brand-la-sportiva-fr","7":"product_cat-chaussures","8":"product_cat-chaussures-de-loisirs","9":"product_cat-chaussures-pour-femmes","10":"sws-gruppo-no-gruppo-fr","11":"sws-categoria-sito-fr","12":"sws-gruppo-iva-iva81-fr","14":"first","15":"instock","16":"shipping-taxable","17":"purchasable","18":"product-type-variable"},"_links":{"self":[{"href":"https:\/\/lucacastelli.com\/fr\/wp-json\/wp\/v2\/product\/476273","targetHints":{"allow":["GET"]}}],"collection":[{"href":"https:\/\/lucacastelli.com\/fr\/wp-json\/wp\/v2\/product"}],"about":[{"href":"https:\/\/lucacastelli.com\/fr\/wp-json\/wp\/v2\/types\/product"}],"wp:featuredmedia":[{"embeddable":true,"href":"https:\/\/lucacastelli.com\/fr\/wp-json\/wp\/v2\/media\/101698"}],"wp:attachment":[{"href":"https:\/\/lucacastelli.com\/fr\/wp-json\/wp\/v2\/media?parent=476273"}],"wp:term":[{"taxonomy":"product_brand","embeddable":true,"href":"https:\/\/lucacastelli.com\/fr\/wp-json\/wp\/v2\/product_brand?post=476273"},{"taxonomy":"product_cat","embeddable":true,"href":"https:\/\/lucacastelli.com\/fr\/wp-json\/wp\/v2\/product_cat?post=476273"},{"taxonomy":"product_tag","embeddable":true,"href":"https:\/\/lucacastelli.com\/fr\/wp-json\/wp\/v2\/product_tag?post=476273"}],"curies":[{"name":"wp","href":"https:\/\/api.w.org\/{rel}","templated":true}]}}