{"id":476179,"date":"2024-06-21T16:26:40","date_gmt":"2024-06-21T14:26:40","guid":{"rendered":"https:\/\/lucacastelli.com\/prodotto\/la-sportiva-akasha-ii-femme\/"},"modified":"2024-06-21T16:26:40","modified_gmt":"2024-06-21T14:26:40","slug":"la-sportiva-akasha-ii-femme","status":"publish","type":"product","link":"https:\/\/lucacastelli.com\/fr\/produit\/la-sportiva-akasha-ii-femme\/","title":{"rendered":"LA SPORTIVA Akasha II Femme"},"content":{"rendered":"<p>Refonte technique et esth\u00e9tique d\u2019Akasha, la chaussure de la collection La Sportiva Mountain Running\u00ae d\u00e9di\u00e9e aux comp\u00e9titions d\u2019endurance, parfaite pour les parcours longue distance, les UltraMarathons, les Ultra-Trails et pour une utilisation prolong\u00e9e \u00e0 l\u2019entra\u00eenement. Le confort d\u2019ajustement est assur\u00e9 par l\u2019amorti, gr\u00e2ce \u00e0 l\u2019insert de semelle int\u00e9rieure Cushion Platform\u2122 et aux grands volumes internes ainsi qu\u2019\u00e0 la tige douce, respirante et enveloppante avec construction Slip-on qui \u00e9vite les points de compression pendant la course. Les renforts avant actifs Dynamic ProTechTion\u2122 offrent protection et structure en suivant le mouvement du pied de mani\u00e8re dynamique et sans constriction. La semelle FriXion\u00ae Red, adh\u00e9rente et bi-compos\u00e9e, est \u00e9quip\u00e9e de la solution exclusive Trail Rocker\u2122 capable de favoriser le mouvement naturel \u00ab talon externe \u2013 orteil int\u00e9rieur \u00bb du pied pendant la course. Les lacets et la semelle int\u00e9rieure Ortholite\u00ae Hybrid sont \u00e9galement fabriqu\u00e9s \u00e0 partir de mat\u00e9riaux recycl\u00e9s. Akasha II : le code de l\u2019ultra-runner s\u2019exprime \u00e0 travers la protection, le confort et l\u2019amorti.     <\/p>\n<p>Tige :<br \/>\n AirMesh perfor\u00e9 + dos en cuir PU et Dynamic ProTechTion\u2122 \u00e0 la pointe<\/p>\n<p>Doublure&nbsp;:<br \/>\nMaille antid\u00e9rapante<\/p>\n<p>Semelle int\u00e9rieure :<br \/>\n Ortholite\u00ae Hybrid Mountain Running<\/p>\n<p>Semelle interm\u00e9diaire :<br \/>\n EVA inject\u00e9 et plate-forme amortissante\u2122<\/p>\n<p>Semelle :<br \/>\n FriXion\u00ae Red bi-compos\u00e9 avec Trail Rocker\u2122<\/p>\n<p>Tailles&nbsp;:<br \/>\n36-43 +1\/2<\/p>\n<p>Poids&nbsp;:<br \/>\n260 (demi-paire)<\/p>\n","protected":false},"excerpt":{"rendered":"<p>Refonte technique et esth\u00e9tique d\u2019Akasha, la chaussure de la collection La Sportiva Mountain Running\u00ae d\u00e9di\u00e9e aux comp\u00e9titions d\u2019endurance, parfaite pour<\/p>\n","protected":false},"featured_media":101675,"template":"","meta":{"_seopress_robots_primary_cat":"","_seopress_titles_title":"","_seopress_titles_desc":"","_seopress_robots_index":""},"product_brand":[3648],"product_cat":[173,1420,1429],"product_tag":[],"class_list":{"0":"post-476179","1":"product","2":"type-product","3":"status-publish","4":"has-post-thumbnail","6":"product_brand-la-sportiva-fr","7":"product_cat-chaussures","8":"product_cat-chaussures-de-loisirs","9":"product_cat-chaussures-pour-femmes","10":"sws-gruppo-no-gruppo","11":"sws-categoria-sito","12":"sws-gruppo-iva-iva81","14":"first","15":"instock","16":"shipping-taxable","17":"purchasable","18":"product-type-variable"},"_links":{"self":[{"href":"https:\/\/lucacastelli.com\/fr\/wp-json\/wp\/v2\/product\/476179","targetHints":{"allow":["GET"]}}],"collection":[{"href":"https:\/\/lucacastelli.com\/fr\/wp-json\/wp\/v2\/product"}],"about":[{"href":"https:\/\/lucacastelli.com\/fr\/wp-json\/wp\/v2\/types\/product"}],"wp:featuredmedia":[{"embeddable":true,"href":"https:\/\/lucacastelli.com\/fr\/wp-json\/wp\/v2\/media\/101675"}],"wp:attachment":[{"href":"https:\/\/lucacastelli.com\/fr\/wp-json\/wp\/v2\/media?parent=476179"}],"wp:term":[{"taxonomy":"product_brand","embeddable":true,"href":"https:\/\/lucacastelli.com\/fr\/wp-json\/wp\/v2\/product_brand?post=476179"},{"taxonomy":"product_cat","embeddable":true,"href":"https:\/\/lucacastelli.com\/fr\/wp-json\/wp\/v2\/product_cat?post=476179"},{"taxonomy":"product_tag","embeddable":true,"href":"https:\/\/lucacastelli.com\/fr\/wp-json\/wp\/v2\/product_tag?post=476179"}],"curies":[{"name":"wp","href":"https:\/\/api.w.org\/{rel}","templated":true}]}}