{"id":476169,"date":"2024-06-21T14:54:35","date_gmt":"2024-06-21T12:54:35","guid":{"rendered":"https:\/\/lucacastelli.com\/prodotto\/la-sportiva-karacal\/"},"modified":"2024-06-21T14:54:35","modified_gmt":"2024-06-21T12:54:35","slug":"la-sportiva-karacal","status":"publish","type":"product","link":"https:\/\/lucacastelli.com\/fr\/produit\/la-sportiva-karacal\/","title":{"rendered":"LA SPORTIVA Karacal"},"content":{"rendered":"<p>Cette chaussure d\u2019entra\u00eenement de trail running a \u00e9t\u00e9 d\u00e9velopp\u00e9e pour des s\u00e9ances d\u2019entra\u00eenement plus longues sur des distances moyennes et longues et est parfaite pour la r\u00e9cup\u00e9ration apr\u00e8s la course gr\u00e2ce \u00e0 son confort parfait et sa respirabilit\u00e9 maximale.<\/p>\n<p>Karacal est une chaussure d\u2019entra\u00eenement de trail running et a \u00e9t\u00e9 d\u00e9velopp\u00e9e pour des s\u00e9ances d\u2019entra\u00eenement tout-terrain plus longues sur des distances moyennes et longues. Parfait pour la r\u00e9cup\u00e9ration apr\u00e8s la course gr\u00e2ce \u00e0 un confort parfait et une respirabilit\u00e9 maximale. Coupe confortable, col de protection compact \u00ab&nbsp;performant&nbsp;\u00bb et languette de construction traditionnelle pour un confort maximal. L\u2019empeigne en maille 3D monocouche sans couture permet de r\u00e9duire le volume et une grande respirabilit\u00e9, tandis que les renforts dorsaux en microfibre favorisent la stabilit\u00e9 globale de la chaussure. Extr\u00eamement l\u00e9g\u00e8re et flexible gr\u00e2ce \u00e0 la r\u00e9duction de poids de tous les mat\u00e9riaux utilis\u00e9s et \u00e0 la semelle interm\u00e9diaire en EVA double densit\u00e9, l\u00e9g\u00e8re et r\u00e9sistante. La pointe thermoform\u00e9e contribue \u00e0 la l\u00e9g\u00e8ret\u00e9 et offre une protection optimale contre les chocs avec les rochers et les racines. La semelle est fabriqu\u00e9e en compos\u00e9 FriXion bleu r\u00e9sistant avec des crampons Impact Brake System de diff\u00e9rentes \u00e9paisseurs et est con\u00e7ue pour les longues s\u00e9ances d\u2019entra\u00eenement.        <\/p>\n<p>Tige : Maille monocouche 3D<br \/>\nrespirante Doublure : Maille haute r\u00e9sistance au frottement<br \/>\nSemelle int\u00e9rieure : Ortholite Mountain Running<br \/>\nSemelle interm\u00e9diaire : Memlex Eva pour un amorti optimal<br \/>\nSemelle ext\u00e9rieure : R\u00e9sistant au<br \/>\nFriXion Chute : 7 mm<br \/>\nPoids : 290 g (1\/2 paire)<\/p>\n","protected":false},"excerpt":{"rendered":"<p>Cette chaussure d\u2019entra\u00eenement de trail running a \u00e9t\u00e9 d\u00e9velopp\u00e9e pour des s\u00e9ances d\u2019entra\u00eenement plus longues sur des distances moyennes et<\/p>\n","protected":false},"featured_media":101641,"template":"","meta":{"_seopress_robots_primary_cat":"","_seopress_titles_title":"","_seopress_titles_desc":"","_seopress_robots_index":""},"product_brand":[3648],"product_cat":[173,1420,1432],"product_tag":[],"class_list":{"0":"post-476169","1":"product","2":"type-product","3":"status-publish","4":"has-post-thumbnail","6":"product_brand-la-sportiva-fr","7":"product_cat-chaussures","8":"product_cat-chaussures-de-loisirs","9":"product_cat-chaussures-pour-hommes","10":"sws-gruppo-no-gruppo-fr","11":"sws-categoria-sito-fr","12":"sws-gruppo-iva-iva81-fr","14":"first","15":"instock","16":"shipping-taxable","17":"purchasable","18":"product-type-variable"},"_links":{"self":[{"href":"https:\/\/lucacastelli.com\/fr\/wp-json\/wp\/v2\/product\/476169","targetHints":{"allow":["GET"]}}],"collection":[{"href":"https:\/\/lucacastelli.com\/fr\/wp-json\/wp\/v2\/product"}],"about":[{"href":"https:\/\/lucacastelli.com\/fr\/wp-json\/wp\/v2\/types\/product"}],"wp:featuredmedia":[{"embeddable":true,"href":"https:\/\/lucacastelli.com\/fr\/wp-json\/wp\/v2\/media\/101641"}],"wp:attachment":[{"href":"https:\/\/lucacastelli.com\/fr\/wp-json\/wp\/v2\/media?parent=476169"}],"wp:term":[{"taxonomy":"product_brand","embeddable":true,"href":"https:\/\/lucacastelli.com\/fr\/wp-json\/wp\/v2\/product_brand?post=476169"},{"taxonomy":"product_cat","embeddable":true,"href":"https:\/\/lucacastelli.com\/fr\/wp-json\/wp\/v2\/product_cat?post=476169"},{"taxonomy":"product_tag","embeddable":true,"href":"https:\/\/lucacastelli.com\/fr\/wp-json\/wp\/v2\/product_tag?post=476169"}],"curies":[{"name":"wp","href":"https:\/\/api.w.org\/{rel}","templated":true}]}}