{"id":476104,"date":"2024-06-21T14:33:17","date_gmt":"2024-06-21T12:33:17","guid":{"rendered":"https:\/\/lucacastelli.com\/prodotto\/la-sportiva-lycan-ii-femme\/"},"modified":"2026-04-14T03:14:00","modified_gmt":"2026-04-14T01:14:00","slug":"la-sportiva-lycan-ii-femme","status":"publish","type":"product","link":"https:\/\/lucacastelli.com\/fr\/produit\/la-sportiva-lycan-ii-femme\/","title":{"rendered":"LA SPORTIVA Lycan II Woman"},"content":{"rendered":"<p>Une chaussure de trail running parfaite pour les moyennes distances, les entra\u00eenements et le skyrunning. Confortable, elle est id\u00e9ale pour tous les passionn\u00e9s de course tout-terrain. <\/p>\n<p>La LYCAN II est une chaussure de trail running parfaite pour les moyennes distances, les entra\u00eenements et les courses en montagne. Confortable, elle est id\u00e9ale pour tous les amateurs de course tout-terrain. \u00c9volution technique et esth\u00e9tique du mod\u00e8le Lycan avec un nouveau graphisme, une nouvelle doublure hautement r\u00e9sistante \u00e0 l\u2019abrasion et une nouvelle semelle en m\u00e9lange FriXion Blue hautement adh\u00e9rente, parfaite pour courir sur terrains meubles et boueux. Ce mod\u00e8le de trail running est extr\u00eamement polyvalent gr\u00e2ce \u00e0 son amorti \u00e9lev\u00e9 et au syst\u00e8me de fixation des clous amovibles AT Grip Spike. L\u2019empeigne est r\u00e9alis\u00e9e en mesh respirant avec des renforts en microfibre anti-abrasion pour offrir protection et l\u00e9g\u00e8ret\u00e9. Le chaussant large offre un confort maximal. La semelle interm\u00e9diaire inject\u00e9e garantit un amorti optimal et un confort g\u00e9n\u00e9ral.      <\/p>\n<p>Empeigne : mesh respirant avec renforts en microfibre anti-abrasion + pointe de protection en TPU<br \/>\nDoublure : mesh hautement r\u00e9sistant \u00e0 l\u2019abrasion<br \/>\nSemelle int\u00e9rieure : Ortholite\u00ae Mountain Running Ergonomic 4 mm<br \/>\nSemelle interm\u00e9diaire : EVA pour un amorti optimal<br \/>\nSemelle ext\u00e9rieure : FriXion\u00ae Blue avec syst\u00e8me Impact Brake<br \/>\nPoids : 270 g (la demi-paire)<br \/>\nDrop : 7 mm<\/p>\n","protected":false},"excerpt":{"rendered":"<p>Une chaussure de trail running parfaite pour les moyennes distances, les entra\u00eenements et le skyrunning. Confortable, elle est id\u00e9ale pour<\/p>\n","protected":false},"featured_media":101624,"template":"","meta":{"_seopress_robots_primary_cat":"none","_seopress_titles_title":"","_seopress_titles_desc":"","_seopress_robots_index":""},"product_brand":[3419],"product_cat":[28,568,575],"product_tag":[],"class_list":{"0":"post-476104","1":"product","2":"type-product","3":"status-publish","4":"has-post-thumbnail","6":"product_brand-la-sportiva","7":"product_cat-calzature","8":"product_cat-calzature-per-il-tempo-libero","9":"product_cat-calzature-da-donna","10":"sws-gruppo-no-gruppo-fr","11":"sws-categoria-sito-fr","12":"sws-gruppo-iva-iva81-fr","14":"first","15":"instock","16":"shipping-taxable","17":"purchasable","18":"product-type-variable"},"_links":{"self":[{"href":"https:\/\/lucacastelli.com\/fr\/wp-json\/wp\/v2\/product\/476104","targetHints":{"allow":["GET"]}}],"collection":[{"href":"https:\/\/lucacastelli.com\/fr\/wp-json\/wp\/v2\/product"}],"about":[{"href":"https:\/\/lucacastelli.com\/fr\/wp-json\/wp\/v2\/types\/product"}],"wp:featuredmedia":[{"embeddable":true,"href":"https:\/\/lucacastelli.com\/fr\/wp-json\/wp\/v2\/media\/101624"}],"wp:attachment":[{"href":"https:\/\/lucacastelli.com\/fr\/wp-json\/wp\/v2\/media?parent=476104"}],"wp:term":[{"taxonomy":"product_brand","embeddable":true,"href":"https:\/\/lucacastelli.com\/fr\/wp-json\/wp\/v2\/product_brand?post=476104"},{"taxonomy":"product_cat","embeddable":true,"href":"https:\/\/lucacastelli.com\/fr\/wp-json\/wp\/v2\/product_cat?post=476104"},{"taxonomy":"product_tag","embeddable":true,"href":"https:\/\/lucacastelli.com\/fr\/wp-json\/wp\/v2\/product_tag?post=476104"}],"curies":[{"name":"wp","href":"https:\/\/api.w.org\/{rel}","templated":true}]}}