{"id":476084,"date":"2024-06-18T13:37:16","date_gmt":"2024-06-18T11:37:16","guid":{"rendered":"https:\/\/lucacastelli.com\/prodotto\/la-sportiva-akasha-femme\/"},"modified":"2024-06-18T13:37:16","modified_gmt":"2024-06-18T11:37:16","slug":"la-sportiva-akasha-femme","status":"publish","type":"product","link":"https:\/\/lucacastelli.com\/fr\/produit\/la-sportiva-akasha-femme\/","title":{"rendered":"LA SPORTIVA AKASHA Femme"},"content":{"rendered":"<p>Chaussure d\u2019endurance hyper-amortie pour la course en montagne, con\u00e7ue pour les longues distances, les ultra-marathons, les ultra-trails et les entra\u00eenements prolong\u00e9s.<br \/>\nAkasha, un mot d\u2019origine sanskrite utilis\u00e9 pour indiquer la l\u00e9g\u00e8ret\u00e9 de l\u2019\u00eatre, est la chaussure la plus amortie de la collection La Sportiva Mountain Running : d\u00e9di\u00e9e aux comp\u00e9titions d\u2019endurance, id\u00e9ale pour les courses de longue distance, les ultra-marathons, les ultra-trails et pour les entra\u00eenements prolong\u00e9s.<br \/>\nLe confort est assur\u00e9 par l\u2019amorti, gr\u00e2ce \u00e0 l\u2019insert orthop\u00e9dique Cushion Platform\u2122, les grands volumes internes et la tige douce, respirante et enveloppante avec construction Slip-on qui \u00e9vite les points de compression pendant la course. Les renforts avant actifs Dynamic ProTechTion\u2122 offrent protection et structure en suivant le mouvement du pied de mani\u00e8re dynamique et sans stress.<br \/>\nLa semelle bi-mesh FriXion XT est \u00e9quip\u00e9e du syst\u00e8me exclusif Trail Rocker\u2122 qui favorise le soutien naturel du pied \u00ab&nbsp;talon ext\u00e9rieur &#8211; orteil int\u00e9rieur&nbsp;\u00bb pendant la course.<br \/>\nAkasha : le code de l\u2019ultra-coureur qui s\u2019exprime \u00e0 travers la protection, le confort et l\u2019amorti <\/p>\n<p>Tige \u00e0 enfiler douce, confortable et super respirante avec une construction semblable \u00e0 une chaussette qui \u00e9vite les points de compression, pour un confort maximal.<br \/>\n+ Grand volume con\u00e7u pour une utilisation prolong\u00e9e dans les courses d\u2019endurance<br \/>\n+ Renforts avant actifs Dynamic ProTechTion\u2122 : assurent protection et structure en suivant le mouvement du pied de mani\u00e8re dynamique et sans stress.<br \/>\n+ Amorti suppl\u00e9mentaire gr\u00e2ce \u00e0 l\u2019insert orthop\u00e9dique Cushion Platform\u2122.<br \/>\n+ Semelle avec le syst\u00e8me exclusif Trail Rocker\u2122 qui favorise le soutien naturel du pied \u00ab&nbsp;talon externe &#8211; orteil interne&nbsp;\u00bb pendant la course.<br \/>\n+6 mm<br \/>\n de chute+Poids 330 grammes<\/p>\n","protected":false},"excerpt":{"rendered":"<p>Chaussure d\u2019endurance hyper-amortie pour la course en montagne, con\u00e7ue pour les longues distances, les ultra-marathons, les ultra-trails et les entra\u00eenements<\/p>\n","protected":false},"featured_media":101477,"template":"","meta":{"_seopress_robots_primary_cat":"","_seopress_titles_title":"","_seopress_titles_desc":"","_seopress_robots_index":""},"product_brand":[3648],"product_cat":[173,1420,1429],"product_tag":[],"class_list":{"0":"post-476084","1":"product","2":"type-product","3":"status-publish","4":"has-post-thumbnail","6":"product_brand-la-sportiva-fr","7":"product_cat-chaussures","8":"product_cat-chaussures-de-loisirs","9":"product_cat-chaussures-pour-femmes","10":"sws-gruppo-no-gruppo-fr","11":"sws-categoria-sito-fr","12":"sws-gruppo-iva-iva81-fr","14":"first","15":"instock","16":"shipping-taxable","17":"purchasable","18":"product-type-variable"},"_links":{"self":[{"href":"https:\/\/lucacastelli.com\/fr\/wp-json\/wp\/v2\/product\/476084","targetHints":{"allow":["GET"]}}],"collection":[{"href":"https:\/\/lucacastelli.com\/fr\/wp-json\/wp\/v2\/product"}],"about":[{"href":"https:\/\/lucacastelli.com\/fr\/wp-json\/wp\/v2\/types\/product"}],"wp:featuredmedia":[{"embeddable":true,"href":"https:\/\/lucacastelli.com\/fr\/wp-json\/wp\/v2\/media\/101477"}],"wp:attachment":[{"href":"https:\/\/lucacastelli.com\/fr\/wp-json\/wp\/v2\/media?parent=476084"}],"wp:term":[{"taxonomy":"product_brand","embeddable":true,"href":"https:\/\/lucacastelli.com\/fr\/wp-json\/wp\/v2\/product_brand?post=476084"},{"taxonomy":"product_cat","embeddable":true,"href":"https:\/\/lucacastelli.com\/fr\/wp-json\/wp\/v2\/product_cat?post=476084"},{"taxonomy":"product_tag","embeddable":true,"href":"https:\/\/lucacastelli.com\/fr\/wp-json\/wp\/v2\/product_tag?post=476084"}],"curies":[{"name":"wp","href":"https:\/\/api.w.org\/{rel}","templated":true}]}}