{"id":476023,"date":"2024-06-18T12:50:35","date_gmt":"2024-06-18T10:50:35","guid":{"rendered":"https:\/\/lucacastelli.com\/prodotto\/la-sportiva-ultra-raptor-ii-femme-gtx\/"},"modified":"2024-06-18T12:50:35","modified_gmt":"2024-06-18T10:50:35","slug":"la-sportiva-ultra-raptor-ii-femme-gtx","status":"publish","type":"product","link":"https:\/\/lucacastelli.com\/fr\/produit\/la-sportiva-ultra-raptor-ii-femme-gtx\/","title":{"rendered":"LA SPORTIVA Ultra Raptor II Femme GTX"},"content":{"rendered":"<p>R\u00e9interpr\u00e9tation esth\u00e9tique avec les membranes GORE-TEX Extended Comfort du mod\u00e8le populaire Ultra Raptor, une chaussure de trail running con\u00e7ue pour les itin\u00e9raires tout-terrain longue distance et les s\u00e9ances d\u2019entra\u00eenement prolong\u00e9es, m\u00eame pendant les mois d\u2019hiver.<\/p>\n<p>Une version f\u00e9minine avec des membranes GORE-TEX Extended Comfort du mod\u00e8le populaire Ultra Raptor, une chaussure de trail running con\u00e7ue pour les itin\u00e9raires tout-terrain longue distance et les s\u00e9ances d\u2019entra\u00eenement prolong\u00e9es, m\u00eame pendant les mois d\u2019hiver. La doublure en membrane GORE-TEX permet d\u2019\u00e9vacuer la transpiration mais emp\u00eache l\u2019eau de p\u00e9n\u00e9trer, ce qui rend cette chaussure id\u00e9ale pour la course hivernale. L\u2019insert arri\u00e8re stabilisateur sur le talon permet un contr\u00f4le parfait dans les sections de cross-country. Le syst\u00e8me de la\u00e7age est int\u00e9gr\u00e9 \u00e0 la tige par des \u0153illets cousus sur le tissu \u00e9lastique interne et des renforts en plastique dur sur la maille ext\u00e9rieure : ce syst\u00e8me permet de r\u00e9partir la tension du la\u00e7age sur toute la tige pour un confort maximal. L\u2019Ultra Raptor II GTX est \u00e9galement disponible dans une version confort \u00e0 coupe large pour les athl\u00e8tes aux pieds plus larges. Le r\u00e9sultat est une chaussure l\u00e9g\u00e8re et technique qui peut \u00eatre port\u00e9e pendant plusieurs heures, parfaite pour la course tout-terrain sur tous les terrains.     <\/p>\n<p>Tige : maille anti-abrasion avec bandes de renfort en microfibre et couche anti-frottement<br \/>\nDoublure : GORE-TEX Extended Comfort<br \/>\nSemelle int\u00e9rieure : Ortholite\u00ae Hybrid Semelle interm\u00e9diaire de randonn\u00e9e<br \/>\n: Memlex Eva pour un amorti optimal<br \/>\nSemelle ext\u00e9rieure : FriXion\u00ae White avec IBS et embouts en caoutchouc int\u00e9gr\u00e9s et r\u00e9sistants<br \/>\naux chocs Poids : 335 g (demi-paire)<\/p>\n","protected":false},"excerpt":{"rendered":"<p>R\u00e9interpr\u00e9tation esth\u00e9tique avec les membranes GORE-TEX Extended Comfort du mod\u00e8le populaire Ultra Raptor, une chaussure de trail running con\u00e7ue pour<\/p>\n","protected":false},"featured_media":101462,"template":"","meta":{"_seopress_robots_primary_cat":"","_seopress_titles_title":"","_seopress_titles_desc":"","_seopress_robots_index":""},"product_brand":[3648],"product_cat":[173,1420,1429],"product_tag":[],"class_list":{"0":"post-476023","1":"product","2":"type-product","3":"status-publish","4":"has-post-thumbnail","6":"product_brand-la-sportiva-fr","7":"product_cat-chaussures","8":"product_cat-chaussures-de-loisirs","9":"product_cat-chaussures-pour-femmes","10":"sws-gruppo-no-gruppo-fr","11":"sws-categoria-sito-fr","12":"sws-gruppo-iva-iva81-fr","14":"first","15":"instock","16":"shipping-taxable","17":"purchasable","18":"product-type-variable"},"_links":{"self":[{"href":"https:\/\/lucacastelli.com\/fr\/wp-json\/wp\/v2\/product\/476023","targetHints":{"allow":["GET"]}}],"collection":[{"href":"https:\/\/lucacastelli.com\/fr\/wp-json\/wp\/v2\/product"}],"about":[{"href":"https:\/\/lucacastelli.com\/fr\/wp-json\/wp\/v2\/types\/product"}],"wp:featuredmedia":[{"embeddable":true,"href":"https:\/\/lucacastelli.com\/fr\/wp-json\/wp\/v2\/media\/101462"}],"wp:attachment":[{"href":"https:\/\/lucacastelli.com\/fr\/wp-json\/wp\/v2\/media?parent=476023"}],"wp:term":[{"taxonomy":"product_brand","embeddable":true,"href":"https:\/\/lucacastelli.com\/fr\/wp-json\/wp\/v2\/product_brand?post=476023"},{"taxonomy":"product_cat","embeddable":true,"href":"https:\/\/lucacastelli.com\/fr\/wp-json\/wp\/v2\/product_cat?post=476023"},{"taxonomy":"product_tag","embeddable":true,"href":"https:\/\/lucacastelli.com\/fr\/wp-json\/wp\/v2\/product_tag?post=476023"}],"curies":[{"name":"wp","href":"https:\/\/api.w.org\/{rel}","templated":true}]}}