{"id":476017,"date":"2024-06-17T19:34:31","date_gmt":"2024-06-17T17:34:31","guid":{"rendered":"https:\/\/lucacastelli.com\/prodotto\/la-sportiva-ultra-raptor-ii-mid-leather-femme-gtx\/"},"modified":"2024-06-17T19:34:31","modified_gmt":"2024-06-17T17:34:31","slug":"la-sportiva-ultra-raptor-ii-mid-leather-femme-gtx","status":"publish","type":"product","link":"https:\/\/lucacastelli.com\/fr\/produit\/la-sportiva-ultra-raptor-ii-mid-leather-femme-gtx\/","title":{"rendered":"LA SPORTIVA Ultra Raptor II Mid Leather Femme GTX"},"content":{"rendered":"<p>Une version avec une tige en cuir Nubuck du mod\u00e8le Ultra Raptor II Mid, elle est id\u00e9ale pour les randonn\u00e9es rapides et les excursions avec des charges l\u00e9g\u00e8res. Imperm\u00e9able et respirant gr\u00e2ce \u00e0 la membrane GORE-TEX Extended Comfort. <\/p>\n<p>Ultra Raptor II Mid Leather GTX est la version avec tige en cuir du mod\u00e8le Ultra Raptor II Mid, elle est id\u00e9ale pour les randonn\u00e9es rapides et les excursions avec des charges l\u00e9g\u00e8res. La tige est en cuir Nubuck renforc\u00e9 par des lignes de compression qui garantissent l\u2019enveloppement du pied et une grande stabilit\u00e9. R\u00e9sistant \u00e0 l\u2019abrasion et respirant, parfait pour la randonn\u00e9e. Imperm\u00e9able et respirant gr\u00e2ce \u00e0 la membrane GORE-TEX Extended Comfort. Le \u00ab&nbsp;Comfort Collar&nbsp;\u00bb doux prot\u00e8ge la cheville de l\u2019entr\u00e9e de pierres ou de boue et int\u00e8gre le spoiler easy-fit pour une facilit\u00e9 d\u2019ajustement maximale. Le talon stabilisateur arri\u00e8re permet un contr\u00f4le parfait sur les travers\u00e9es. L\u2019Ultra Raptor II Mid Leather GTX est \u00e9galement disponible dans une version confort \u00e0 coupe large d\u00e9di\u00e9e aux randonneurs au pied large. Le r\u00e9sultat est une chaussure qui peut \u00eatre port\u00e9e pendant de nombreuses heures cons\u00e9cutives et qui convient \u00e0 une utilisation tout-terrain sur tout type de terrain.       <\/p>\n<p>INFO TECHNIQUE<br \/>\nEmpeigne&nbsp;: Cuir Nubuck<br \/>\nDoublure&nbsp;: GORE-TEX Extended Comfort<br \/>\nSemelle int\u00e9rieure&nbsp;: Ortholite Mountain Running<br \/>\nSemelle intercalaire&nbsp;: Memlex Eva avec injection absorbant les<br \/>\nchocs Semelle ext\u00e9rieure&nbsp;: FriXion Blue en compos\u00e9 hautement r\u00e9sistant \u00e0 l\u2019abrasion, syst\u00e8me de freinage \u00e0 impact et embout en caoutchouc antichoc int\u00e9gr\u00e9<br \/>\nPoids&nbsp;: 370g \/ 1\/2pa<br \/>\nDrop&nbsp;: 9mm<\/p>\n","protected":false},"excerpt":{"rendered":"<p>Une version avec une tige en cuir Nubuck du mod\u00e8le Ultra Raptor II Mid, elle est id\u00e9ale pour les randonn\u00e9es<\/p>\n","protected":false},"featured_media":99870,"template":"","meta":{"_seopress_robots_primary_cat":"","_seopress_titles_title":"","_seopress_titles_desc":"","_seopress_robots_index":""},"product_brand":[3648],"product_cat":[173,1420,1423,1429],"product_tag":[],"class_list":{"0":"post-476017","1":"product","2":"type-product","3":"status-publish","4":"has-post-thumbnail","6":"product_brand-la-sportiva-fr","7":"product_cat-chaussures","8":"product_cat-chaussures-de-loisirs","9":"product_cat-chaussures-de-travail","10":"product_cat-chaussures-pour-femmes","12":"first","13":"instock","14":"shipping-taxable","15":"purchasable","16":"product-type-variable"},"_links":{"self":[{"href":"https:\/\/lucacastelli.com\/fr\/wp-json\/wp\/v2\/product\/476017","targetHints":{"allow":["GET"]}}],"collection":[{"href":"https:\/\/lucacastelli.com\/fr\/wp-json\/wp\/v2\/product"}],"about":[{"href":"https:\/\/lucacastelli.com\/fr\/wp-json\/wp\/v2\/types\/product"}],"wp:featuredmedia":[{"embeddable":true,"href":"https:\/\/lucacastelli.com\/fr\/wp-json\/wp\/v2\/media\/99870"}],"wp:attachment":[{"href":"https:\/\/lucacastelli.com\/fr\/wp-json\/wp\/v2\/media?parent=476017"}],"wp:term":[{"taxonomy":"product_brand","embeddable":true,"href":"https:\/\/lucacastelli.com\/fr\/wp-json\/wp\/v2\/product_brand?post=476017"},{"taxonomy":"product_cat","embeddable":true,"href":"https:\/\/lucacastelli.com\/fr\/wp-json\/wp\/v2\/product_cat?post=476017"},{"taxonomy":"product_tag","embeddable":true,"href":"https:\/\/lucacastelli.com\/fr\/wp-json\/wp\/v2\/product_tag?post=476017"}],"curies":[{"name":"wp","href":"https:\/\/api.w.org\/{rel}","templated":true}]}}