{"id":476002,"date":"2026-04-14T18:00:09","date_gmt":"2026-04-14T16:00:09","guid":{"rendered":"https:\/\/lucacastelli.com\/prodotto\/la-sportiva-ultra-raptor-ii-cuir-femme-gtx\/"},"modified":"2026-04-15T07:19:07","modified_gmt":"2026-04-15T05:19:07","slug":"la-sportiva-ultra-raptor-ii-cuir-femme-gtx","status":"publish","type":"product","link":"https:\/\/lucacastelli.com\/fr\/produit\/la-sportiva-ultra-raptor-ii-cuir-femme-gtx\/","title":{"rendered":"LA SPORTIVA Ultra Raptor II Leather Woman GTX"},"content":{"rendered":"<p>Version 2.0 en cuir nubuck du c\u00e9l\u00e8bre mod\u00e8le Ultra Raptor, id\u00e9ale pour le tout-terrain et les randonn\u00e9es en montagne, m\u00eame sur de longues distances. Respirante et imperm\u00e9able comme une chaussure de trekking gr\u00e2ce \u00e0 la membrane GORE-TEX Extended Comfort. <\/p>\n<p>L\u2019Ultra Raptor II Leather GTX est la version 2.0 avec tige en cuir du c\u00e9l\u00e8bre mod\u00e8le Ultra Raptor, parfaite pour une utilisation off-road et les marches en montagne sur de longues distances. Respirante et imperm\u00e9able comme une chaussure de randonn\u00e9e gr\u00e2ce \u00e0 la membrane GORE-TEX Extended Comfort. La tige en cuir Nubuck est renforc\u00e9e par des lignes de compression garantissant l\u2019enveloppement du pied et une grande stabilit\u00e9. Offrant une r\u00e9sistance maximale \u00e0 l\u2019abrasion et une excellente respirabilit\u00e9, elle est parfaite pour l\u2019excursionnisme. L\u2019Ultra Raptor II Leather GTX est \u00e9galement disponible en version comfort wide-fit pour les pieds larges. Le r\u00e9sultat est une chaussure pouvant \u00eatre port\u00e9e durant de nombreuses heures cons\u00e9cutives, adapt\u00e9e \u00e0 tout type de terrain. Raptorisez-vous, encore une fois.      <\/p>\n<p>INFOS TECHNIQUES<br \/>\nTige : Cuir nubuck<br \/>\nDoublure : GORE-TEX Extended Comfort<br \/>\nSemelle int\u00e9rieure : Ortholite Mountain Running<br \/>\nSemelle interm\u00e9diaire : Memlex Eva \u00e0 injection amortissante<br \/>\nSemelle ext\u00e9rieure : FriXion\u2122 Blue en m\u00e9lange hautement r\u00e9sistant \u00e0 l\u2019abrasion, Impact Brake System et pointe en caoutchouc antichoc int\u00e9gr\u00e9e<br \/>\nDrop : 9 mm<br \/>\nPoids : 350 g \/ \u00bdpa<\/p>\n","protected":false},"excerpt":{"rendered":"<p>Version 2.0 en cuir nubuck du c\u00e9l\u00e8bre mod\u00e8le Ultra Raptor, id\u00e9ale pour le tout-terrain et les randonn\u00e9es en montagne, m\u00eame<\/p>\n","protected":false},"featured_media":101420,"template":"","meta":{"_seopress_robots_primary_cat":"none","_seopress_titles_title":"","_seopress_titles_desc":"","_seopress_robots_index":""},"product_brand":[3648],"product_cat":[173,1420,1429],"product_tag":[],"class_list":{"0":"post-476002","1":"product","2":"type-product","3":"status-publish","4":"has-post-thumbnail","6":"product_brand-la-sportiva-fr","7":"product_cat-chaussures","8":"product_cat-chaussures-de-loisirs","9":"product_cat-chaussures-pour-femmes","10":"sws-gruppo-no-gruppo-fr","11":"sws-categoria-sito-fr","12":"sws-gruppo-iva-iva81-fr","14":"first","15":"instock","16":"sale","17":"shipping-taxable","18":"purchasable","19":"product-type-variable","20":"has-default-attributes"},"_links":{"self":[{"href":"https:\/\/lucacastelli.com\/fr\/wp-json\/wp\/v2\/product\/476002","targetHints":{"allow":["GET"]}}],"collection":[{"href":"https:\/\/lucacastelli.com\/fr\/wp-json\/wp\/v2\/product"}],"about":[{"href":"https:\/\/lucacastelli.com\/fr\/wp-json\/wp\/v2\/types\/product"}],"wp:featuredmedia":[{"embeddable":true,"href":"https:\/\/lucacastelli.com\/fr\/wp-json\/wp\/v2\/media\/101420"}],"wp:attachment":[{"href":"https:\/\/lucacastelli.com\/fr\/wp-json\/wp\/v2\/media?parent=476002"}],"wp:term":[{"taxonomy":"product_brand","embeddable":true,"href":"https:\/\/lucacastelli.com\/fr\/wp-json\/wp\/v2\/product_brand?post=476002"},{"taxonomy":"product_cat","embeddable":true,"href":"https:\/\/lucacastelli.com\/fr\/wp-json\/wp\/v2\/product_cat?post=476002"},{"taxonomy":"product_tag","embeddable":true,"href":"https:\/\/lucacastelli.com\/fr\/wp-json\/wp\/v2\/product_tag?post=476002"}],"curies":[{"name":"wp","href":"https:\/\/api.w.org\/{rel}","templated":true}]}}