{"id":475932,"date":"2026-04-14T18:10:43","date_gmt":"2026-04-14T16:10:43","guid":{"rendered":"https:\/\/lucacastelli.com\/prodotto\/la-sportiva-ultra-raptor-ii-mid-femme-gtx\/"},"modified":"2026-04-15T07:20:02","modified_gmt":"2026-04-15T05:20:02","slug":"la-sportiva-ultra-raptor-ii-mid-femme-gtx","status":"publish","type":"product","link":"https:\/\/lucacastelli.com\/fr\/produit\/la-sportiva-ultra-raptor-ii-mid-femme-gtx\/","title":{"rendered":"La Sportiva Ultra Raptor II Mid Woman GTX"},"content":{"rendered":"<p>Version mi-montante de l\u2019ic\u00f4ne Ultra Raptor Running, id\u00e9ale pour les randonn\u00e9es rapides avec des charges l\u00e9g\u00e8res. Imperm\u00e9able et respirante gr\u00e2ce \u00e0 la membrane GORE-TEX Extended Comfort. <\/p>\n<p>L\u2019Ultra Raptor Mid II GTX est la version mi-montante de l\u2019ic\u00f4ne Ultra Raptor Mountain Running, id\u00e9ale pour les randonn\u00e9es rapides avec des charges l\u00e9g\u00e8res. Imperm\u00e9able et respirante gr\u00e2ce \u00e0 la membrane GORE-TEX Extended Comfort. Le col souple Comfort Collar prot\u00e8ge la cheville de l\u2019entr\u00e9e de pierres ou de boue et int\u00e8gre le spoiler easy-fit pour une facilit\u00e9 de chaussage maximale. L\u2019empeigne est en tissu mesh respirant et r\u00e9sistant \u00e0 l\u2019abrasion, parfait pour une utilisation dans toutes les conditions. Le talon stabilisateur arri\u00e8re permet un contr\u00f4le parfait lors des travers\u00e9es. R\u00e9glage parfait du volume et maintien du pied gr\u00e2ce aux \u00e9l\u00e9ments de la\u00e7age d\u00e9di\u00e9s : les sangles de la tige sont cousues \u00e0 l\u2019int\u00e9rieur de l\u2019empeigne et renforc\u00e9es \u00e0 l\u2019ext\u00e9rieur par un squelette en TPU haute fr\u00e9quence, permettant de r\u00e9partir uniform\u00e9ment la force de traction du lacet sur toutes les zones de l\u2019empeigne. L\u2019Ultra Raptor Mid II GTX est \u00e9galement disponible en version comfort wide-fit, pour s\u2019adapter \u00e0 diff\u00e9rents volumes de pied. Le r\u00e9sultat est une chaussure de randonn\u00e9e mi-montante qui peut \u00eatre port\u00e9e pendant de nombreuses heures cons\u00e9cutives et convient \u00e0 une utilisation tout-terrain sur tout type de sol. Raptorisez-vous, encore une fois.        <\/p>\n<p>INFOS TECHNIQUES<br \/>\nEmpeigne : Mesh r\u00e9sistant \u00e0 l\u2019abrasion avec bande de renfort en microfibre et rev\u00eatement anti-abrasion.<br \/>\nDoublure : GORE-TEX Extended Comfort<br \/>\nSemelle int\u00e9rieure : Ortholite Mountain Running<br \/>\nSemelle interm\u00e9diaire : Memlex Eva avec injection antichoc<br \/>\nSemelle ext\u00e9rieure : FriXion White ultra-adh\u00e9rente avec Impact Brake System et pointe en caoutchouc antichoc int\u00e9gr\u00e9e<br \/>\nDrop : 9 mm<br \/>\nPoids : 395 g (1\/2 paire)<\/p>\n","protected":false},"excerpt":{"rendered":"<p>Version mi-montante de l\u2019ic\u00f4ne Ultra Raptor Running, id\u00e9ale pour les randonn\u00e9es rapides avec des charges l\u00e9g\u00e8res. Imperm\u00e9able et respirante gr\u00e2ce<\/p>\n","protected":false},"featured_media":101405,"template":"","meta":{"_seopress_robots_primary_cat":"none","_seopress_titles_title":"","_seopress_titles_desc":"","_seopress_robots_index":""},"product_brand":[3648],"product_cat":[173,1420,1429],"product_tag":[],"class_list":{"0":"post-475932","1":"product","2":"type-product","3":"status-publish","4":"has-post-thumbnail","6":"product_brand-la-sportiva-fr","7":"product_cat-chaussures","8":"product_cat-chaussures-de-loisirs","9":"product_cat-chaussures-pour-femmes","10":"sws-gruppo-no-gruppo-fr","11":"sws-categoria-sito-fr","12":"sws-gruppo-iva-iva81-fr","14":"first","15":"instock","16":"sale","17":"shipping-taxable","18":"purchasable","19":"product-type-variable","20":"has-default-attributes"},"_links":{"self":[{"href":"https:\/\/lucacastelli.com\/fr\/wp-json\/wp\/v2\/product\/475932","targetHints":{"allow":["GET"]}}],"collection":[{"href":"https:\/\/lucacastelli.com\/fr\/wp-json\/wp\/v2\/product"}],"about":[{"href":"https:\/\/lucacastelli.com\/fr\/wp-json\/wp\/v2\/types\/product"}],"wp:featuredmedia":[{"embeddable":true,"href":"https:\/\/lucacastelli.com\/fr\/wp-json\/wp\/v2\/media\/101405"}],"wp:attachment":[{"href":"https:\/\/lucacastelli.com\/fr\/wp-json\/wp\/v2\/media?parent=475932"}],"wp:term":[{"taxonomy":"product_brand","embeddable":true,"href":"https:\/\/lucacastelli.com\/fr\/wp-json\/wp\/v2\/product_brand?post=475932"},{"taxonomy":"product_cat","embeddable":true,"href":"https:\/\/lucacastelli.com\/fr\/wp-json\/wp\/v2\/product_cat?post=475932"},{"taxonomy":"product_tag","embeddable":true,"href":"https:\/\/lucacastelli.com\/fr\/wp-json\/wp\/v2\/product_tag?post=475932"}],"curies":[{"name":"wp","href":"https:\/\/api.w.org\/{rel}","templated":true}]}}