{"id":475896,"date":"2024-06-15T15:58:18","date_gmt":"2024-06-15T13:58:18","guid":{"rendered":"https:\/\/lucacastelli.com\/prodotto\/la-sportiva-trango-alp-evo-femme-gtx-taupe-safari\/"},"modified":"2024-06-15T15:58:18","modified_gmt":"2024-06-15T13:58:18","slug":"la-sportiva-trango-alp-evo-femme-gtx-taupe-safari","status":"publish","type":"product","link":"https:\/\/lucacastelli.com\/fr\/produit\/la-sportiva-trango-alp-evo-femme-gtx-taupe-safari\/","title":{"rendered":"LA SPORTIVA Trango Alp EVO Femme GTX &#8211; Taupe\/Safari"},"content":{"rendered":"<p>Trango Alp Evo GORE-TEX Woman est la botte robuste et confortable d\u00e9di\u00e9e \u00e0 des activit\u00e9s telles que la randonn\u00e9e alpine et le trekking exigeant, m\u00eame avec de lourdes charges.<\/p>\n<p>Des d\u00e9tails esth\u00e9tiques \u00e9pur\u00e9s, un confinement du volume pour une mobilit\u00e9 maximale et un confort g\u00e9n\u00e9ral de la chaussure sont les points forts d\u2019un produit crois\u00e9 entre l\u2019alpinisme et la randonn\u00e9e. L\u2019aspect minimaliste est obtenu gr\u00e2ce \u00e0 la technologie d\u2019injection interne SubSkin Injection\u2122 qui constitue une nervure sous-cutan\u00e9e structurelle qui \u00e9vite l\u2019utilisation de coutures inutiles, une solution adopt\u00e9e pour obtenir un haut degr\u00e9 de confort et une d\u00e9perlance globale. La doublure GORE-TEX Performance Comfort garantit \u00e9galement imperm\u00e9abilit\u00e9 et respirabilit\u00e9. La semelle avec des crampons d\u2019\u00e9paisseur diff\u00e9renci\u00e9e travaille en synergie avec la semelle interm\u00e9diaire en polyur\u00e9thane et en EVA souple pour un excellent amorti global. Trango Alp Evo GTX est un excellent choix pour ceux qui ont besoin d\u2019un produit semi-cramponnable longue dur\u00e9e.    <\/p>\n<p>Tige : Cuir hydrofuge 2,2 mm Water-Perwanger\u00ae + injection\u2122<br \/>\nSubSkin Doublure : GORE-TEX Performance Comfort.<br \/>\nSemelle int\u00e9rieure : nylon haute densit\u00e9 de 5 mm avec une plus grande \u00e9paisseur sur la zone centrale<br \/>\nSemelle : La Sportiva \u00ab&nbsp;Cube&nbsp;\u00bb de Vibram avec crampons Impact Brake System sur le talon et zone d\u2019escalade sur la pointe<br \/>\nPoids : 665 g (demi-paire, taille 38)<br \/>\nSemelle interm\u00e9diaire : polyur\u00e9thane anti-choc \u00e0 la pointe et au talon + EVA dans la partie centrale et dans l\u2019insert de talon + inserts cramponnables en TP<\/p>\n","protected":false},"excerpt":{"rendered":"<p>Trango Alp Evo GORE-TEX Woman est la botte robuste et confortable d\u00e9di\u00e9e \u00e0 des activit\u00e9s telles que la randonn\u00e9e alpine<\/p>\n","protected":false},"featured_media":101378,"template":"","meta":{"_seopress_robots_primary_cat":"","_seopress_titles_title":"","_seopress_titles_desc":"","_seopress_robots_index":""},"product_brand":[3648],"product_cat":[173,1420,1429],"product_tag":[],"class_list":{"0":"post-475896","1":"product","2":"type-product","3":"status-publish","4":"has-post-thumbnail","6":"product_brand-la-sportiva-fr","7":"product_cat-chaussures","8":"product_cat-chaussures-de-loisirs","9":"product_cat-chaussures-pour-femmes","10":"sws-gruppo-no-gruppo-fr","11":"sws-categoria-sito-fr","12":"sws-gruppo-iva-iva81-fr","14":"first","15":"instock","16":"shipping-taxable","17":"purchasable","18":"product-type-variable"},"_links":{"self":[{"href":"https:\/\/lucacastelli.com\/fr\/wp-json\/wp\/v2\/product\/475896","targetHints":{"allow":["GET"]}}],"collection":[{"href":"https:\/\/lucacastelli.com\/fr\/wp-json\/wp\/v2\/product"}],"about":[{"href":"https:\/\/lucacastelli.com\/fr\/wp-json\/wp\/v2\/types\/product"}],"wp:featuredmedia":[{"embeddable":true,"href":"https:\/\/lucacastelli.com\/fr\/wp-json\/wp\/v2\/media\/101378"}],"wp:attachment":[{"href":"https:\/\/lucacastelli.com\/fr\/wp-json\/wp\/v2\/media?parent=475896"}],"wp:term":[{"taxonomy":"product_brand","embeddable":true,"href":"https:\/\/lucacastelli.com\/fr\/wp-json\/wp\/v2\/product_brand?post=475896"},{"taxonomy":"product_cat","embeddable":true,"href":"https:\/\/lucacastelli.com\/fr\/wp-json\/wp\/v2\/product_cat?post=475896"},{"taxonomy":"product_tag","embeddable":true,"href":"https:\/\/lucacastelli.com\/fr\/wp-json\/wp\/v2\/product_tag?post=475896"}],"curies":[{"name":"wp","href":"https:\/\/api.w.org\/{rel}","templated":true}]}}