{"id":475738,"date":"2024-02-28T15:08:55","date_gmt":"2024-02-28T14:08:55","guid":{"rendered":"https:\/\/lucacastelli.com\/prodotto\/la-sportiva-tx4-evo-mid-femme-gtx\/"},"modified":"2024-02-28T15:08:55","modified_gmt":"2024-02-28T14:08:55","slug":"la-sportiva-tx4-evo-mid-femme-gtx","status":"publish","type":"product","link":"https:\/\/lucacastelli.com\/fr\/produit\/la-sportiva-tx4-evo-mid-femme-gtx\/","title":{"rendered":"La Sportiva TX4 Evo Mid Femme GTX"},"content":{"rendered":"<p>TX4 Evo Mid GTX est la version mi-montante de l\u2019embl\u00e9matique chaussure en cuir, d\u00e9velopp\u00e9e pour assurer une stabilit\u00e9 et une adh\u00e9rence maximales, m\u00eame sur les terrains les plus accident\u00e9s. Id\u00e9ale pour les approches techniques sur tous types de terrains, elle offre un confort in\u00e9gal\u00e9 gr\u00e2ce aux mat\u00e9riaux qui composent la tige et aux grands volumes internes. La membrane GORE-TEX Extended Comfort rend la chaussure imperm\u00e9able et respirante, m\u00eame en cas d\u2019utilisation prolong\u00e9e. La bande de roulement avec compos\u00e9 Vibram\u00ae MegaGrip et la structure de bloc brevet\u00e9e Impact Brake System\u2122 vous permettent d\u2019avoir toujours une stabilit\u00e9 maximale en descente et un contr\u00f4le parfait de la traction en mont\u00e9e. La grande zone d\u2019escalade situ\u00e9e \u00e0 la pointe garantit une pr\u00e9cision et une grande adh\u00e9rence lors de l\u2019escalade et lors des passages les plus d\u00e9licats. La semelle interm\u00e9diaire sp\u00e9ciale avec insert brevet\u00e9 Resole Platform\u2122 vous permet de ressemeler TX4 Evo Mid GTX sans affecter ses caract\u00e9ristiques techniques et de confort.      <\/p>\n<p>Flex Zone au niveau de la mall\u00e9ole pour assurer une mobilit\u00e9 et un contr\u00f4le maximum lors de la mise en poids<br \/>\n + Plate-forme\u2122 de rassise : l\u2019ensemble de la semelle est con\u00e7u pour un ressemelage facile et rapide en rempla\u00e7ant la bande de roulement \u00e0 l\u2019aide de composants d\u2019origine fournis par La Sportiva<\/p>\n<p>INFORMATIONS TECHNIQUES<br \/>\nNOUVEAU<br \/>\nTaille&nbsp;: 36 &#8211; 42 (+ 1\/2) Poids&nbsp;: 380 g (demi-paire)<br \/>\n37G FEMME<br \/>\n900322<br \/>\nCARBONE \/ TOMATE CERISE<br \/>\n900411<br \/>\nCARBONE \/ PRINTEMPS<br \/>\n644322<br \/>\nCLAIR DE LUNE \/ TOMATE CERISE<br \/>\nTige : Daim + bord de protection<br \/>\nEmbout en caoutchouc et de protection en caoutchouc<br \/>\nDoublure : GORE-TEX Extended Comfort<br \/>\nSemelle int\u00e9rieure : Ortholite\u00ae Hybrid Approach 4 mm<br \/>\nSemelle interm\u00e9diaire : Compression EVA<br \/>\nSoleil : Vibram\u00ae MegaGrip avec IBS<br \/>\nBrevets : Plate-forme\u2122 de raccord &#8211;<br \/>\nSyst\u00e8me\u2122 de freinage \u00e0 impact<\/p>\n","protected":false},"excerpt":{"rendered":"<p>TX4 Evo Mid GTX est la version mi-montante de l\u2019embl\u00e9matique chaussure en cuir, d\u00e9velopp\u00e9e pour assurer une stabilit\u00e9 et une<\/p>\n","protected":false},"featured_media":101196,"template":"","meta":{"_seopress_robots_primary_cat":"","_seopress_titles_title":"","_seopress_titles_desc":"","_seopress_robots_index":""},"product_brand":[3648],"product_cat":[173,1420,1429],"product_tag":[],"class_list":{"0":"post-475738","1":"product","2":"type-product","3":"status-publish","4":"has-post-thumbnail","6":"product_brand-la-sportiva-fr","7":"product_cat-chaussures","8":"product_cat-chaussures-de-loisirs","9":"product_cat-chaussures-pour-femmes","10":"sws-gruppo-no-gruppo-fr","11":"sws-categoria-sito-fr","12":"sws-gruppo-iva-iva81-fr","14":"first","15":"instock","16":"shipping-taxable","17":"purchasable","18":"product-type-variable"},"_links":{"self":[{"href":"https:\/\/lucacastelli.com\/fr\/wp-json\/wp\/v2\/product\/475738","targetHints":{"allow":["GET"]}}],"collection":[{"href":"https:\/\/lucacastelli.com\/fr\/wp-json\/wp\/v2\/product"}],"about":[{"href":"https:\/\/lucacastelli.com\/fr\/wp-json\/wp\/v2\/types\/product"}],"wp:featuredmedia":[{"embeddable":true,"href":"https:\/\/lucacastelli.com\/fr\/wp-json\/wp\/v2\/media\/101196"}],"wp:attachment":[{"href":"https:\/\/lucacastelli.com\/fr\/wp-json\/wp\/v2\/media?parent=475738"}],"wp:term":[{"taxonomy":"product_brand","embeddable":true,"href":"https:\/\/lucacastelli.com\/fr\/wp-json\/wp\/v2\/product_brand?post=475738"},{"taxonomy":"product_cat","embeddable":true,"href":"https:\/\/lucacastelli.com\/fr\/wp-json\/wp\/v2\/product_cat?post=475738"},{"taxonomy":"product_tag","embeddable":true,"href":"https:\/\/lucacastelli.com\/fr\/wp-json\/wp\/v2\/product_tag?post=475738"}],"curies":[{"name":"wp","href":"https:\/\/api.w.org\/{rel}","templated":true}]}}