{"id":475729,"date":"2026-03-10T10:20:30","date_gmt":"2026-03-10T09:20:30","guid":{"rendered":"https:\/\/lucacastelli.com\/prodotto\/la-sportiva-spire-gtx\/"},"modified":"2024-02-28T12:20:30","modified_gmt":"2024-02-28T11:20:30","slug":"la-sportiva-spire-gtx","status":"publish","type":"product","link":"https:\/\/lucacastelli.com\/fr\/produit\/la-sportiva-spire-gtx\/","title":{"rendered":"La Sportiva Spire GTX"},"content":{"rendered":"<p>Spire est la chaussure de randonn\u00e9e rapide de nouvelle g\u00e9n\u00e9ration pour la randonn\u00e9e rapide. Elle adopte des solutions qui font partie de l\u2019ADN de la montagne de La Sportiva en les combinant avec des technologies et des concepts d\u00e9riv\u00e9s du Mountain Running pour un produit polyvalent, imperm\u00e9able et super respirant gr\u00e2ce \u00e0 la nouvelle technologie GORE-TEX SURROUND :\u00ae une technologie exclusive qui permet une respirabilit\u00e9 totale gr\u00e2ce \u00e0 la plus grande surface de ventilation qui comprend la tige, la semelle int\u00e9rieure et la semelle interm\u00e9diaire EVA et TPU perfor\u00e9e lat\u00e9ralement. Les canaux de ventilation visibles le long du profil de la semelle interm\u00e9diaire sont prot\u00e9g\u00e9s par un filet en nylon mono-filament tr\u00e8s r\u00e9sistant pour emp\u00eacher l\u2019entr\u00e9e de cailloux et d\u2019impuret\u00e9s. L\u2019empeigne basse est fabriqu\u00e9e avec une structure Nano-Cells 2.0\u2122 compos\u00e9e de cellules super respirantes qui travaillent en synergie avec la membrane GORE-TEX SURROUND\u00ae pour une respirabilit\u00e9 accrue sans pr\u00e9c\u00e9dent. La partie inf\u00e9rieure de la chaussure voit l\u2019int\u00e9gration du syst\u00e8me\u2122 de contr\u00f4le de stabilit\u00e9, un syst\u00e8me de stabilisation anti-torsion qui int\u00e8gre les trous de ventilation de la technologie GORE-TEX SURROUND\u00ae. La bande de roulement est en compos\u00e9 Vibram XS Trek pour une excellente adh\u00e9rence sur les terrains durs, mous et boueux. Respirabilit\u00e9 et confort \u00e0 360 degr\u00e9s.      <\/p>\n<p>Empeigne&nbsp;:<br \/>\nMaille \u00e0 haute r\u00e9sistance \u00e0 l\u2019abrasion et respirabilit\u00e9 avec structure Nano Cell 2.0 et embout et talon en PU TechLite<\/p>\n<p>Doublure&nbsp;:<br \/>\nGORE-TEX SURROUND\u00ae<\/p>\n<p>Semelle interm\u00e9diaire :<br \/>\n EVA de compression absorbant les chocs avec flancs en TPU et canaux de ventilation GORE-TEX SURROUND\u00ae<\/p>\n<p>Semelle int\u00e9rieure&nbsp;:<br \/>\nOrtholite Mountain Hiking 5mm<\/p>\n<p>Semelle :<br \/>\n Vibram XS Trek avec syst\u00e8me Impact Break<\/p>\n<p>Tailles :<br \/>\n 38 \u2013 47,5 y compris les demi-pointures<\/p>\n<p>Poids :<br \/>\n 430 g en demi-paire taille 42<\/p>\n","protected":false},"excerpt":{"rendered":"<p>Spire est la chaussure de randonn\u00e9e rapide de nouvelle g\u00e9n\u00e9ration pour la randonn\u00e9e rapide. Elle adopte des solutions qui font<\/p>\n","protected":false},"featured_media":101054,"template":"","meta":{"_seopress_robots_primary_cat":"","_seopress_titles_title":"","_seopress_titles_desc":"","_seopress_robots_index":""},"product_brand":[3648],"product_cat":[173,1420,1429],"product_tag":[],"class_list":{"0":"post-475729","1":"product","2":"type-product","3":"status-publish","4":"has-post-thumbnail","6":"product_brand-la-sportiva-fr","7":"product_cat-chaussures","8":"product_cat-chaussures-de-loisirs","9":"product_cat-chaussures-pour-femmes","11":"first","12":"instock","13":"sale","14":"shipping-taxable","15":"purchasable","16":"product-type-variable"},"_links":{"self":[{"href":"https:\/\/lucacastelli.com\/fr\/wp-json\/wp\/v2\/product\/475729","targetHints":{"allow":["GET"]}}],"collection":[{"href":"https:\/\/lucacastelli.com\/fr\/wp-json\/wp\/v2\/product"}],"about":[{"href":"https:\/\/lucacastelli.com\/fr\/wp-json\/wp\/v2\/types\/product"}],"wp:featuredmedia":[{"embeddable":true,"href":"https:\/\/lucacastelli.com\/fr\/wp-json\/wp\/v2\/media\/101054"}],"wp:attachment":[{"href":"https:\/\/lucacastelli.com\/fr\/wp-json\/wp\/v2\/media?parent=475729"}],"wp:term":[{"taxonomy":"product_brand","embeddable":true,"href":"https:\/\/lucacastelli.com\/fr\/wp-json\/wp\/v2\/product_brand?post=475729"},{"taxonomy":"product_cat","embeddable":true,"href":"https:\/\/lucacastelli.com\/fr\/wp-json\/wp\/v2\/product_cat?post=475729"},{"taxonomy":"product_tag","embeddable":true,"href":"https:\/\/lucacastelli.com\/fr\/wp-json\/wp\/v2\/product_tag?post=475729"}],"curies":[{"name":"wp","href":"https:\/\/api.w.org\/{rel}","templated":true}]}}