{"id":475642,"date":"2026-02-09T08:01:42","date_gmt":"2026-02-09T07:01:42","guid":{"rendered":"https:\/\/lucacastelli.com\/prodotto\/la-sportiva-karakorum-trek-gtx\/"},"modified":"2026-03-26T13:15:45","modified_gmt":"2026-03-26T12:15:45","slug":"la-sportiva-karakorum-trek-gtx","status":"publish","type":"product","link":"https:\/\/lucacastelli.com\/fr\/produit\/la-sportiva-karakorum-trek-gtx\/","title":{"rendered":"LA SPORTIVA Karakorum Trek GTX"},"content":{"rendered":"<p>Id\u00e9al pour le backpacking et le trekking de longue dur\u00e9e.<\/p>\n<p>Dot\u00e9e d\u2019une tige issue de la gamme Mountain La Sportiva avec une articulation multidirectionnelle 3D Flex System \u00e0 la cheville, garantissant une mobilit\u00e9 totale sans compromis sur la stabilit\u00e9. Doublure en Gore-Tex\u00ae pour l\u2019imperm\u00e9abilit\u00e9 et la respirabilit\u00e9 ; intersemelle en microporeux pour une l\u00e9g\u00e8ret\u00e9 maximale ; semelle Vibram\u00ae avec Impact Brake System qui absorbe les chocs, favorise la traction et assure le freinage sur les terrains les plus escarp\u00e9s. <\/p>\n<p>Tige : Cuir Idro-Perwanger\u00ae 2,8 mm<\/p>\n<p>Doublure : Gore-Tex\u00ae Performance Comfort.<\/p>\n<p>Sous-pied : Nylon 8 mm haute densit\u00e9 avec plaque anti-torsion<\/p>\n<p>Semelle : Vibram\u00ae avec Impact Brake System Trek.<\/p>\n<p>Brevets : Design d\u00e9pos\u00e9.<\/p>\n<p>Pointures : 38 &#8211; 48 (demi-pointures incluses)<\/p>\n<p>Poids : 1 600 g (la paire, pointure 42)<\/p>\n","protected":false},"excerpt":{"rendered":"<p>Id\u00e9al pour le backpacking et le trekking de longue dur\u00e9e. Dot\u00e9e d\u2019une tige issue de la gamme Mountain La Sportiva<\/p>\n","protected":false},"featured_media":718732,"template":"","meta":{"_seopress_robots_primary_cat":"none","_seopress_titles_title":"","_seopress_titles_desc":"","_seopress_robots_index":""},"product_brand":[3648],"product_cat":[173,1420,1432],"product_tag":[],"class_list":{"0":"post-475642","1":"product","2":"type-product","3":"status-publish","4":"has-post-thumbnail","6":"product_brand-la-sportiva-fr","7":"product_cat-chaussures","8":"product_cat-chaussures-de-loisirs","9":"product_cat-chaussures-pour-hommes","10":"sws-gruppo-abb-libero-fr","11":"sws-conto-ricavi-merci-rivendita-abbigliamento-fr","12":"sws-gruppo-iva-iva81-fr","14":"first","15":"instock","16":"sale","17":"shipping-taxable","18":"purchasable","19":"product-type-variable","20":"has-default-attributes"},"_links":{"self":[{"href":"https:\/\/lucacastelli.com\/fr\/wp-json\/wp\/v2\/product\/475642","targetHints":{"allow":["GET"]}}],"collection":[{"href":"https:\/\/lucacastelli.com\/fr\/wp-json\/wp\/v2\/product"}],"about":[{"href":"https:\/\/lucacastelli.com\/fr\/wp-json\/wp\/v2\/types\/product"}],"wp:featuredmedia":[{"embeddable":true,"href":"https:\/\/lucacastelli.com\/fr\/wp-json\/wp\/v2\/media\/718732"}],"wp:attachment":[{"href":"https:\/\/lucacastelli.com\/fr\/wp-json\/wp\/v2\/media?parent=475642"}],"wp:term":[{"taxonomy":"product_brand","embeddable":true,"href":"https:\/\/lucacastelli.com\/fr\/wp-json\/wp\/v2\/product_brand?post=475642"},{"taxonomy":"product_cat","embeddable":true,"href":"https:\/\/lucacastelli.com\/fr\/wp-json\/wp\/v2\/product_cat?post=475642"},{"taxonomy":"product_tag","embeddable":true,"href":"https:\/\/lucacastelli.com\/fr\/wp-json\/wp\/v2\/product_tag?post=475642"}],"curies":[{"name":"wp","href":"https:\/\/api.w.org\/{rel}","templated":true}]}}