{"id":475593,"date":"2023-11-23T16:17:00","date_gmt":"2023-11-23T15:17:00","guid":{"rendered":"https:\/\/lucacastelli.com\/prodotto\/la-sportiva-bushido-ii-jr-gtx\/"},"modified":"2026-04-14T03:29:53","modified_gmt":"2026-04-14T01:29:53","slug":"la-sportiva-bushido-ii-jr-gtx","status":"publish","type":"product","link":"https:\/\/lucacastelli.com\/fr\/produit\/la-sportiva-bushido-ii-jr-gtx\/","title":{"rendered":"La Sportiva Bushido II JR Gtx"},"content":{"rendered":"<p>Version Junior de l\u2019iconique mod\u00e8le Bushido. Chaussure con\u00e7ue pour accompagner les plus petits dans leurs courses et aventures, garantissant imperm\u00e9abilit\u00e9, soutien et protection. <\/p>\n<p>Tige:<br \/>\nAir mesh respirant + renforts en film thermoplastique<br \/>\nDoublure:<br \/>\nGore-Tex\u00ae Extended Comfort<br \/>\nSemelle int\u00e9rieure :<br \/>\nOrtholite\u00ae Hybrid Kids 4 mm<br \/>\nSemelle interm\u00e9diaire:<br \/>\nEVA amortissante \u00e0 compression<br \/>\nSemelle ext\u00e9rieure:<br \/>\nGomme FriXion\u00ae Blue avec Impact Brake System<br \/>\n:<br \/>\nTige<br \/>\nGore-Tex\u00ae Extended Comfort :<br \/>\nSemelle int\u00e9rieure<br \/>\nOrtholite\u00ae Hybrid Kids 4 mm :<br \/>\nSemelle interm\u00e9diaire<br \/>\nEVA amortissante \u00e0 compression :<br \/>\nSemelle<\/p>\n<p>+ La\u00e7age rapide avec syst\u00e8me quick-lace System<br \/>\n+ Membrane Gore-Tex\u00ae Extended Comfort<br \/>\n+ Applications en TPU pour la protection et la durabilit\u00e9<br \/>\n+ Semelle avec gomme FriXion\u00ae Blue durable et Impact Brake System pour une meilleure absorption des chocs et traction<\/p>\n","protected":false},"excerpt":{"rendered":"<p>Version Junior de l\u2019iconique mod\u00e8le Bushido. Chaussure con\u00e7ue pour accompagner les plus petits dans leurs courses et aventures, garantissant imperm\u00e9abilit\u00e9,<\/p>\n","protected":false},"featured_media":100630,"template":"","meta":{"_seopress_robots_primary_cat":"none","_seopress_titles_title":"","_seopress_titles_desc":"","_seopress_robots_index":""},"product_brand":[3648],"product_cat":[173,1420,1426],"product_tag":[],"class_list":{"0":"post-475593","1":"product","2":"type-product","3":"status-publish","4":"has-post-thumbnail","6":"product_brand-la-sportiva-fr","7":"product_cat-chaussures","8":"product_cat-chaussures-de-loisirs","9":"product_cat-chaussures-pour-enfants","11":"first","12":"instock","13":"sale","14":"shipping-taxable","15":"purchasable","16":"product-type-variable"},"_links":{"self":[{"href":"https:\/\/lucacastelli.com\/fr\/wp-json\/wp\/v2\/product\/475593","targetHints":{"allow":["GET"]}}],"collection":[{"href":"https:\/\/lucacastelli.com\/fr\/wp-json\/wp\/v2\/product"}],"about":[{"href":"https:\/\/lucacastelli.com\/fr\/wp-json\/wp\/v2\/types\/product"}],"wp:featuredmedia":[{"embeddable":true,"href":"https:\/\/lucacastelli.com\/fr\/wp-json\/wp\/v2\/media\/100630"}],"wp:attachment":[{"href":"https:\/\/lucacastelli.com\/fr\/wp-json\/wp\/v2\/media?parent=475593"}],"wp:term":[{"taxonomy":"product_brand","embeddable":true,"href":"https:\/\/lucacastelli.com\/fr\/wp-json\/wp\/v2\/product_brand?post=475593"},{"taxonomy":"product_cat","embeddable":true,"href":"https:\/\/lucacastelli.com\/fr\/wp-json\/wp\/v2\/product_cat?post=475593"},{"taxonomy":"product_tag","embeddable":true,"href":"https:\/\/lucacastelli.com\/fr\/wp-json\/wp\/v2\/product_tag?post=475593"}],"curies":[{"name":"wp","href":"https:\/\/api.w.org\/{rel}","templated":true}]}}