{"id":475555,"date":"2026-04-12T16:04:36","date_gmt":"2026-04-12T14:04:36","guid":{"rendered":"https:\/\/lucacastelli.com\/prodotto\/la-sportiva-tx4-evo\/"},"modified":"2024-02-23T16:04:36","modified_gmt":"2024-02-23T15:04:36","slug":"la-sportiva-tx4-evo","status":"publish","type":"product","link":"https:\/\/lucacastelli.com\/fr\/produit\/la-sportiva-tx4-evo\/","title":{"rendered":"LA SPORTIVA TX4 EVO"},"content":{"rendered":"<p>TX4 Evo est la chaussure en cuir d\u00e9velopp\u00e9e pour assurer une stabilit\u00e9 et une adh\u00e9rence maximales m\u00eame sur les terrains les plus accident\u00e9s. Id\u00e9al pour les approches techniques et les passages d\u2019escalade faciles, il offre un confort in\u00e9gal\u00e9 gr\u00e2ce aux mat\u00e9riaux qui composent la tige et aux grands volumes internes. La bande de roulement avec compos\u00e9 Vibram\u00ae MegaGrip et la structure de bloc brevet\u00e9e Impact Brake System\u2122 vous permettent d\u2019avoir toujours une stabilit\u00e9 maximale en descente et un contr\u00f4le parfait de la traction en mont\u00e9e. La grande zone d\u2019escalade situ\u00e9e \u00e0 la pointe garantit une pr\u00e9cision et une grande adh\u00e9rence lors de l\u2019escalade et lors des passages les plus d\u00e9licats. La semelle interm\u00e9diaire sp\u00e9ciale avec insert brevet\u00e9 Resole Platform\u2122 permet de ressemeler TX4 Evo sans affecter ses caract\u00e9ristiques techniques et de confort. Ressemeler ses chaussures, c\u2019est<br \/>\nprolonger leur cycle de vie et donc \u00e9viter les d\u00e9chets.     <\/p>\n<p>PLUS<br \/>\n+ Syst\u00e8me de la\u00e7age d\u00e9riv\u00e9 de l\u2019escalade pour un r\u00e9glage optimal du volume<br \/>\n+ Tissu de protection appliqu\u00e9 sur l\u2019avant m\u00e9dial de la cale pour la prot\u00e9ger de l\u2019abrasion<br \/>\n+ Plate-forme\u2122 de semelle : l\u2019ensemble de la semelle est con\u00e7u pour un ressemelage facile et rapide en rempla\u00e7ant la bande de roulement par des composants d\u2019origine fournis par La Sportiva<\/p>\n<p>INFORMATIONS TECHNIQUES<\/p>\n<p>Tige : Daim + bord de protection en caoutchouc et embout de protection en caoutchouc<br \/>\nDoublure : Maille<br \/>\nSemelle int\u00e9rieure : Ortholite\u00ae Hybrid Approach 4 mm<br \/>\nSemelle interm\u00e9diaire : Compression<br \/>\nEVA Semelle : Vibram\u00ae MegaGrip avec brevets IBS<br \/>\n: Plate-forme\u2122 de raccord &#8211; Syst\u00e8me\u2122 de freinage \u00e0 impact<\/p>\n","protected":false},"excerpt":{"rendered":"<p>TX4 Evo est la chaussure en cuir d\u00e9velopp\u00e9e pour assurer une stabilit\u00e9 et une adh\u00e9rence maximales m\u00eame sur les terrains<\/p>\n","protected":false},"featured_media":786788,"template":"","meta":{"_seopress_robots_primary_cat":"","_seopress_titles_title":"","_seopress_titles_desc":"","_seopress_robots_index":""},"product_brand":[3648],"product_cat":[173,1420,1432],"product_tag":[],"class_list":{"0":"post-475555","1":"product","2":"type-product","3":"status-publish","4":"has-post-thumbnail","6":"product_brand-la-sportiva-fr","7":"product_cat-chaussures","8":"product_cat-chaussures-de-loisirs","9":"product_cat-chaussures-pour-hommes","11":"first","12":"instock","13":"shipping-taxable","14":"purchasable","15":"product-type-variable"},"_links":{"self":[{"href":"https:\/\/lucacastelli.com\/fr\/wp-json\/wp\/v2\/product\/475555","targetHints":{"allow":["GET"]}}],"collection":[{"href":"https:\/\/lucacastelli.com\/fr\/wp-json\/wp\/v2\/product"}],"about":[{"href":"https:\/\/lucacastelli.com\/fr\/wp-json\/wp\/v2\/types\/product"}],"wp:featuredmedia":[{"embeddable":true,"href":"https:\/\/lucacastelli.com\/fr\/wp-json\/wp\/v2\/media\/786788"}],"wp:attachment":[{"href":"https:\/\/lucacastelli.com\/fr\/wp-json\/wp\/v2\/media?parent=475555"}],"wp:term":[{"taxonomy":"product_brand","embeddable":true,"href":"https:\/\/lucacastelli.com\/fr\/wp-json\/wp\/v2\/product_brand?post=475555"},{"taxonomy":"product_cat","embeddable":true,"href":"https:\/\/lucacastelli.com\/fr\/wp-json\/wp\/v2\/product_cat?post=475555"},{"taxonomy":"product_tag","embeddable":true,"href":"https:\/\/lucacastelli.com\/fr\/wp-json\/wp\/v2\/product_tag?post=475555"}],"curies":[{"name":"wp","href":"https:\/\/api.w.org\/{rel}","templated":true}]}}