{"id":475512,"date":"2026-02-09T08:43:40","date_gmt":"2026-02-09T07:43:40","guid":{"rendered":"https:\/\/lucacastelli.com\/prodotto\/la-sportiva-karakorum-trek-femme-gtx\/"},"modified":"2026-02-17T15:19:35","modified_gmt":"2026-02-17T14:19:35","slug":"la-sportiva-karakorum-trek-femme-gtx","status":"publish","type":"product","link":"https:\/\/lucacastelli.com\/fr\/produit\/la-sportiva-karakorum-trek-femme-gtx\/","title":{"rendered":"LA SPORTIVA Karakorum Trek Woman GTX"},"content":{"rendered":"<p>La Karakorum Trek Woman GTX est une chaussure robuste en cuir. Elle convient \u00e0 l&#8217;alpinisme traditionnel et aux randonn\u00e9es exigeantes o\u00f9 les crampons sont parfois n\u00e9cessaires. C&#8217;est une compagne fiable et polyvalente en montagne.  <\/p>\n<p>La tige haute avec deux crochets am\u00e9liore la protection de la cheville et offre plus de stabilit\u00e9. Elle est fabriqu\u00e9e d&#8217;une seule pi\u00e8ce de cuir de 2,8 mm avec traitement hydrofuge. La doublure GORE-TEX\u00ae rend la chaussure imperm\u00e9able et respirante. La semelle Vibram\u00ae antid\u00e9rapante avec syst\u00e8me de freinage \u00e0 l&#8217;impact absorbe les chocs et permet de descendre confortablement sur terrains irr\u00e9guliers.   <\/p>\n","protected":false},"excerpt":{"rendered":"<p>La Karakorum Trek Woman GTX est une chaussure robuste en cuir. Elle convient \u00e0 l&#8217;alpinisme traditionnel et aux randonn\u00e9es exigeantes<\/p>\n","protected":false},"featured_media":718749,"template":"","meta":{"_seopress_robots_primary_cat":"none","_seopress_titles_title":"","_seopress_titles_desc":"","_seopress_robots_index":""},"product_brand":[3648],"product_cat":[173,1420,1429],"product_tag":[],"class_list":{"0":"post-475512","1":"product","2":"type-product","3":"status-publish","4":"has-post-thumbnail","6":"product_brand-la-sportiva-fr","7":"product_cat-chaussures","8":"product_cat-chaussures-de-loisirs","9":"product_cat-chaussures-pour-femmes","10":"sws-gruppo-abb-libero-fr","11":"sws-conto-ricavi-merci-rivendita-abbigliamento-fr","12":"sws-gruppo-iva-iva81-fr","14":"first","15":"instock","16":"sale","17":"shipping-taxable","18":"purchasable","19":"product-type-variable","20":"has-default-attributes"},"_links":{"self":[{"href":"https:\/\/lucacastelli.com\/fr\/wp-json\/wp\/v2\/product\/475512","targetHints":{"allow":["GET"]}}],"collection":[{"href":"https:\/\/lucacastelli.com\/fr\/wp-json\/wp\/v2\/product"}],"about":[{"href":"https:\/\/lucacastelli.com\/fr\/wp-json\/wp\/v2\/types\/product"}],"wp:featuredmedia":[{"embeddable":true,"href":"https:\/\/lucacastelli.com\/fr\/wp-json\/wp\/v2\/media\/718749"}],"wp:attachment":[{"href":"https:\/\/lucacastelli.com\/fr\/wp-json\/wp\/v2\/media?parent=475512"}],"wp:term":[{"taxonomy":"product_brand","embeddable":true,"href":"https:\/\/lucacastelli.com\/fr\/wp-json\/wp\/v2\/product_brand?post=475512"},{"taxonomy":"product_cat","embeddable":true,"href":"https:\/\/lucacastelli.com\/fr\/wp-json\/wp\/v2\/product_cat?post=475512"},{"taxonomy":"product_tag","embeddable":true,"href":"https:\/\/lucacastelli.com\/fr\/wp-json\/wp\/v2\/product_tag?post=475512"}],"curies":[{"name":"wp","href":"https:\/\/api.w.org\/{rel}","templated":true}]}}