{"id":475511,"date":"2023-09-18T11:54:06","date_gmt":"2023-09-18T09:54:06","guid":{"rendered":"https:\/\/lucacastelli.com\/prodotto\/la-sportiva-jackal-ii-gtx\/"},"modified":"2023-09-18T11:54:06","modified_gmt":"2023-09-18T09:54:06","slug":"la-sportiva-jackal-ii-gtx","status":"publish","type":"product","link":"https:\/\/lucacastelli.com\/fr\/produit\/la-sportiva-jackal-ii-gtx\/","title":{"rendered":"La Sportiva Jackal II GTX"},"content":{"rendered":"<p>Version II du mod\u00e8le d\u00e9di\u00e9 au monde de la course ULTRA et de l\u2019entra\u00eenement longue distance, caract\u00e9ris\u00e9e par un amorti exceptionnel, gr\u00e2ce \u00e0 la technologie innovante INFINITOO\u2122 \u00e0 haut retour d\u2019\u00e9nergie. Nouveaux mat\u00e9riaux sup\u00e9rieurs avec un contenu respectueux de l\u2019environnement et de nouvelles constructions pour le talon et la languette qui assurent l\u2019adh\u00e9rence, l\u2019enveloppement et la respirabilit\u00e9 tout en r\u00e9duisant consid\u00e9rablement le poids. <\/p>\n<p>DESCRIPTION<br \/>\nVersion II du mod\u00e8le d\u00e9di\u00e9 au monde de la course ULTRA et de l\u2019entra\u00eenement longue distance, caract\u00e9ris\u00e9 par un amorti exceptionnel, gr\u00e2ce \u00e0 la technologie innovante INFINITOO\u2122 \u00e0 haut retour d\u2019\u00e9nergie. Nouveaux mat\u00e9riaux sup\u00e9rieurs avec un contenu respectueux de l\u2019environnement et de nouvelles constructions pour le talon et la languette qui assurent l\u2019adh\u00e9rence, l\u2019enveloppement et la respirabilit\u00e9 tout en r\u00e9duisant consid\u00e9rablement le poids. <\/p>\n<p>TIGE : Maille sandwich en mat\u00e9riau recycl\u00e9 + renforts en TPU thermo-adh\u00e9sifs + panneaux lat\u00e9raux en nylon mono-bavure<br \/>\nDOUBLURE : Maille anti-abrasion en mat\u00e9riau recycl\u00e9<br \/>\nSEMELLE INT\u00c9RIEURE : Ortholite\u00ae Hybrid Mountain Running\u00ae Ergonomique 4 mm<br \/>\nSEMELLE INTERCALAIRE : En EVA avec inserts de la technologie Infinitoo\u2122 + pare-roche EVA haute densit\u00e9 + couche d\u2019amorti suppl\u00e9mentaire Plate-forme interne<br \/>\nSEMELLE : Bi-compos\u00e9 FriXion\u00ae Red avec crampons lat\u00e9raux<br \/>\nIBS POIDS :  275 gr (1\/2 paire)<br \/>\nCHUTE : 7 mm<br \/>\nTALON : 29 mm<br \/>\nOrteil : 22 mm<br \/>\nHAUTEUR : 3,5mm<\/p>\n","protected":false},"excerpt":{"rendered":"<p>Version II du mod\u00e8le d\u00e9di\u00e9 au monde de la course ULTRA et de l\u2019entra\u00eenement longue distance, caract\u00e9ris\u00e9e par un amorti<\/p>\n","protected":false},"featured_media":100425,"template":"","meta":{"_seopress_robots_primary_cat":"","_seopress_titles_title":"","_seopress_titles_desc":"","_seopress_robots_index":""},"product_brand":[3648],"product_cat":[173,1420,1432],"product_tag":[],"class_list":{"0":"post-475511","1":"product","2":"type-product","3":"status-publish","4":"has-post-thumbnail","6":"product_brand-la-sportiva-fr","7":"product_cat-chaussures","8":"product_cat-chaussures-de-loisirs","9":"product_cat-chaussures-pour-hommes","11":"first","12":"instock","13":"shipping-taxable","14":"purchasable","15":"product-type-variable"},"_links":{"self":[{"href":"https:\/\/lucacastelli.com\/fr\/wp-json\/wp\/v2\/product\/475511","targetHints":{"allow":["GET"]}}],"collection":[{"href":"https:\/\/lucacastelli.com\/fr\/wp-json\/wp\/v2\/product"}],"about":[{"href":"https:\/\/lucacastelli.com\/fr\/wp-json\/wp\/v2\/types\/product"}],"wp:featuredmedia":[{"embeddable":true,"href":"https:\/\/lucacastelli.com\/fr\/wp-json\/wp\/v2\/media\/100425"}],"wp:attachment":[{"href":"https:\/\/lucacastelli.com\/fr\/wp-json\/wp\/v2\/media?parent=475511"}],"wp:term":[{"taxonomy":"product_brand","embeddable":true,"href":"https:\/\/lucacastelli.com\/fr\/wp-json\/wp\/v2\/product_brand?post=475511"},{"taxonomy":"product_cat","embeddable":true,"href":"https:\/\/lucacastelli.com\/fr\/wp-json\/wp\/v2\/product_cat?post=475511"},{"taxonomy":"product_tag","embeddable":true,"href":"https:\/\/lucacastelli.com\/fr\/wp-json\/wp\/v2\/product_tag?post=475511"}],"curies":[{"name":"wp","href":"https:\/\/api.w.org\/{rel}","templated":true}]}}