{"id":475300,"date":"2023-02-23T10:12:12","date_gmt":"2023-02-23T09:12:12","guid":{"rendered":"https:\/\/lucacastelli.com\/prodotto\/la-sportiva-ultra-raptor-ii-jr-gtx\/"},"modified":"2023-02-23T10:12:12","modified_gmt":"2023-02-23T09:12:12","slug":"la-sportiva-ultra-raptor-ii-jr-gtx","status":"publish","type":"product","link":"https:\/\/lucacastelli.com\/fr\/produit\/la-sportiva-ultra-raptor-ii-jr-gtx\/","title":{"rendered":"LA SPORTIVA Ultra Raptor II JR GTX"},"content":{"rendered":"<p>Ultra Raptor II Junior GTX est la chaussure \u00e0 membrane GORE-TEX imperm\u00e9able et respirante d\u00e9di\u00e9e \u00e0 la randonn\u00e9e et con\u00e7ue pour les plus petits. Parfait pour un usage quotidien et pour la course\/marche sur un terrain non pav\u00e9. La tige est en maille respirante avec renfort en microfibre thermo-adh\u00e9sif et bord anti-abrasion pour assurer la l\u00e9g\u00e8ret\u00e9 et une protection maximale contre les chocs. La semelle int\u00e9rieure Ortholite\u00ae Hybrid est fabriqu\u00e9e avec des composants recycl\u00e9s du cycle de production et chaque mat\u00e9riau de la chaussure est v\u00e9g\u00e9talien. La semelle en compos\u00e9 FriXion\u00ae Blue permet une excellente adh\u00e9rence et durabilit\u00e9. D\u00e9di\u00e9 \u00e0 nos petits V\u00e9lociraptors.     <\/p>\n<p>Empeigne&nbsp;:<br \/>\nMaille respirante avec renforts en microfibre thermo-adh\u00e9sifs et bord anti-abrasion.<\/p>\n<p>Doublure :<br \/>\n maille antid\u00e9rapante<\/p>\n<p>Semelle int\u00e9rieure&nbsp;:<br \/>\nOtholite\u00ae Hybrid Kid\u2019s<\/p>\n<p>Semelle interm\u00e9diaire :<br \/>\n Memlex EVA l\u00e9g\u00e8re et amortissante<\/p>\n<p>Semelle&nbsp;:<br \/>\n Frixion\u00ae Blue<\/p>\n<p>Tailles&nbsp;:<br \/>\n27-38<\/p>\n<p>Poids :<br \/>\n 215 g (une demi-paire)<\/p>\n","protected":false},"excerpt":{"rendered":"<p>Ultra Raptor II Junior GTX est la chaussure \u00e0 membrane GORE-TEX imperm\u00e9able et respirante d\u00e9di\u00e9e \u00e0 la randonn\u00e9e et con\u00e7ue<\/p>\n","protected":false},"featured_media":86363,"template":"","meta":{"_seopress_robots_primary_cat":"","_seopress_titles_title":"","_seopress_titles_desc":"","_seopress_robots_index":""},"product_brand":[3648],"product_cat":[173,1420,1426],"product_tag":[],"class_list":{"0":"post-475300","1":"product","2":"type-product","3":"status-publish","4":"has-post-thumbnail","6":"product_brand-la-sportiva-fr","7":"product_cat-chaussures","8":"product_cat-chaussures-de-loisirs","9":"product_cat-chaussures-pour-enfants","11":"first","12":"instock","13":"shipping-taxable","14":"purchasable","15":"product-type-variable"},"_links":{"self":[{"href":"https:\/\/lucacastelli.com\/fr\/wp-json\/wp\/v2\/product\/475300","targetHints":{"allow":["GET"]}}],"collection":[{"href":"https:\/\/lucacastelli.com\/fr\/wp-json\/wp\/v2\/product"}],"about":[{"href":"https:\/\/lucacastelli.com\/fr\/wp-json\/wp\/v2\/types\/product"}],"wp:featuredmedia":[{"embeddable":true,"href":"https:\/\/lucacastelli.com\/fr\/wp-json\/wp\/v2\/media\/86363"}],"wp:attachment":[{"href":"https:\/\/lucacastelli.com\/fr\/wp-json\/wp\/v2\/media?parent=475300"}],"wp:term":[{"taxonomy":"product_brand","embeddable":true,"href":"https:\/\/lucacastelli.com\/fr\/wp-json\/wp\/v2\/product_brand?post=475300"},{"taxonomy":"product_cat","embeddable":true,"href":"https:\/\/lucacastelli.com\/fr\/wp-json\/wp\/v2\/product_cat?post=475300"},{"taxonomy":"product_tag","embeddable":true,"href":"https:\/\/lucacastelli.com\/fr\/wp-json\/wp\/v2\/product_tag?post=475300"}],"curies":[{"name":"wp","href":"https:\/\/api.w.org\/{rel}","templated":true}]}}