{"id":475224,"date":"2023-02-23T11:42:09","date_gmt":"2023-02-23T10:42:09","guid":{"rendered":"https:\/\/lucacastelli.com\/?post_type=product&#038;p=475224"},"modified":"2026-03-31T10:38:19","modified_gmt":"2026-03-31T08:38:19","slug":"la-sportiva-jandal","status":"publish","type":"product","link":"https:\/\/lucacastelli.com\/fr\/produit\/la-sportiva-jandal\/","title":{"rendered":"LA SPORTIVA Jandal"},"content":{"rendered":"<p>Tongs confortables id\u00e9ales pour l\u2019\u00e9t\u00e9 et pour se d\u00e9tendre apr\u00e8s l\u2019escalade.<\/p>\n<p>Mat\u00e9riau&nbsp;:<br \/>\nDaim<\/p>\n<p>Doublure&nbsp;:<br \/>\nAjustement<\/p>\n<p>confortable Semelle interm\u00e9diaire&nbsp;:<br \/>\nEVA avec surface antid\u00e9rapante<\/p>\n<p>Poids&nbsp;:<br \/>\n120 g (demi-paire)<\/p>\n","protected":false},"excerpt":{"rendered":"<p>Tongs confortables id\u00e9ales pour l\u2019\u00e9t\u00e9 et pour se d\u00e9tendre apr\u00e8s l\u2019escalade. Mat\u00e9riau&nbsp;: Daim Doublure&nbsp;: Ajustement confortable Semelle interm\u00e9diaire&nbsp;: EVA avec<\/p>\n","protected":false},"featured_media":86625,"template":"","meta":{"_seopress_robots_primary_cat":"","_seopress_titles_title":"","_seopress_titles_desc":"","_seopress_robots_index":""},"product_brand":[3648],"product_cat":[173,1420,1432],"product_tag":[],"class_list":{"0":"post-475224","1":"product","2":"type-product","3":"status-publish","4":"has-post-thumbnail","6":"product_brand-la-sportiva-fr","7":"product_cat-chaussures","8":"product_cat-chaussures-de-loisirs","9":"product_cat-chaussures-pour-hommes","10":"sws-gruppo-abb-libero-fr","11":"sws-conto-ricavi-merci-rivendita-abbigliamento-fr","12":"sws-gruppo-iva-iva81-fr","14":"first","15":"instock","16":"shipping-taxable","17":"purchasable","18":"product-type-variable"},"_links":{"self":[{"href":"https:\/\/lucacastelli.com\/fr\/wp-json\/wp\/v2\/product\/475224","targetHints":{"allow":["GET"]}}],"collection":[{"href":"https:\/\/lucacastelli.com\/fr\/wp-json\/wp\/v2\/product"}],"about":[{"href":"https:\/\/lucacastelli.com\/fr\/wp-json\/wp\/v2\/types\/product"}],"wp:featuredmedia":[{"embeddable":true,"href":"https:\/\/lucacastelli.com\/fr\/wp-json\/wp\/v2\/media\/86625"}],"wp:attachment":[{"href":"https:\/\/lucacastelli.com\/fr\/wp-json\/wp\/v2\/media?parent=475224"}],"wp:term":[{"taxonomy":"product_brand","embeddable":true,"href":"https:\/\/lucacastelli.com\/fr\/wp-json\/wp\/v2\/product_brand?post=475224"},{"taxonomy":"product_cat","embeddable":true,"href":"https:\/\/lucacastelli.com\/fr\/wp-json\/wp\/v2\/product_cat?post=475224"},{"taxonomy":"product_tag","embeddable":true,"href":"https:\/\/lucacastelli.com\/fr\/wp-json\/wp\/v2\/product_tag?post=475224"}],"curies":[{"name":"wp","href":"https:\/\/api.w.org\/{rel}","templated":true}]}}