{"id":475179,"date":"2022-11-29T09:17:11","date_gmt":"2022-11-29T08:17:11","guid":{"rendered":"https:\/\/lucacastelli.com\/?post_type=product&#038;p=475179"},"modified":"2025-07-29T09:05:54","modified_gmt":"2025-07-29T07:05:54","slug":"semelles-de-montagne-la-sportiva","status":"publish","type":"product","link":"https:\/\/lucacastelli.com\/fr\/produit\/semelles-de-montagne-la-sportiva\/","title":{"rendered":"Semelles de montagne LA SPORTIVA"},"content":{"rendered":"<p>Semelles de rechange adapt\u00e9es \u00e0 tous les mod\u00e8les de Mountain Trango, Nepal et Karakorum.<\/p>\n","protected":false},"excerpt":{"rendered":"<p>Semelles de rechange adapt\u00e9es \u00e0 tous les mod\u00e8les de Mountain Trango, Nepal et Karakorum.<\/p>\n","protected":false},"featured_media":84641,"template":"","meta":{"_seopress_robots_primary_cat":"","_seopress_titles_title":"","_seopress_titles_desc":"","_seopress_robots_index":""},"product_brand":[3648],"product_cat":[173,1399],"product_tag":[],"class_list":{"0":"post-475179","1":"product","2":"type-product","3":"status-publish","4":"has-post-thumbnail","6":"product_brand-la-sportiva-fr","7":"product_cat-chaussures","8":"product_cat-accessoires-pour-chaussures","9":"sws-gruppo-abb-libero-fr","10":"sws-conto-ricavi-merci-rivendita-abbigliamento-fr","11":"sws-gruppo-iva-iva81-fr","13":"first","14":"instock","15":"shipping-taxable","16":"purchasable","17":"product-type-variable"},"_links":{"self":[{"href":"https:\/\/lucacastelli.com\/fr\/wp-json\/wp\/v2\/product\/475179","targetHints":{"allow":["GET"]}}],"collection":[{"href":"https:\/\/lucacastelli.com\/fr\/wp-json\/wp\/v2\/product"}],"about":[{"href":"https:\/\/lucacastelli.com\/fr\/wp-json\/wp\/v2\/types\/product"}],"wp:featuredmedia":[{"embeddable":true,"href":"https:\/\/lucacastelli.com\/fr\/wp-json\/wp\/v2\/media\/84641"}],"wp:attachment":[{"href":"https:\/\/lucacastelli.com\/fr\/wp-json\/wp\/v2\/media?parent=475179"}],"wp:term":[{"taxonomy":"product_brand","embeddable":true,"href":"https:\/\/lucacastelli.com\/fr\/wp-json\/wp\/v2\/product_brand?post=475179"},{"taxonomy":"product_cat","embeddable":true,"href":"https:\/\/lucacastelli.com\/fr\/wp-json\/wp\/v2\/product_cat?post=475179"},{"taxonomy":"product_tag","embeddable":true,"href":"https:\/\/lucacastelli.com\/fr\/wp-json\/wp\/v2\/product_tag?post=475179"}],"curies":[{"name":"wp","href":"https:\/\/api.w.org\/{rel}","templated":true}]}}