{"id":475175,"date":"2022-11-29T08:45:34","date_gmt":"2022-11-29T07:45:34","guid":{"rendered":"https:\/\/lucacastelli.com\/prodotto\/la-sportiva-tx2-evo\/"},"modified":"2022-11-29T08:45:34","modified_gmt":"2022-11-29T07:45:34","slug":"la-sportiva-tx2-evo","status":"publish","type":"product","link":"https:\/\/lucacastelli.com\/fr\/produit\/la-sportiva-tx2-evo\/","title":{"rendered":"LA SPORTIVA TX2 Evo"},"content":{"rendered":"<p>La chaussure la plus l\u00e9g\u00e8re de la s\u00e9rie d\u2019approche Traverse X : elle r\u00e9pond aux besoins d\u2019adh\u00e9rence, de protection, de volumes minimaux et de l\u00e9g\u00e8ret\u00e9 requis dans les approches techniques et les grandes voies. Elle adopte un ensemble de semelles avec une bande de roulement 100&nbsp;% ressemelable qui double son cycle de vie et utilise des mat\u00e9riaux recycl\u00e9s pour un impact environnemental moindre. <\/p>\n<p>DESCRIPTION<br \/>\nTX2 Evo est la chaussure la plus l\u00e9g\u00e8re de la s\u00e9rie de chaussures d\u2019approche Traverse X : elle r\u00e9pond aux besoins d\u2019adh\u00e9rence, de protection, de volumes minimaux et de l\u00e9g\u00e8ret\u00e9 requis dans les approches techniques et les grandes voies. Elle adopte une semelle de bande de roulement 100 % soluble qui double son cycle de vie et utilise des mat\u00e9riaux recycl\u00e9s pour r\u00e9duire l\u2019impact environnemental. L\u2019ensemble de semelle a \u00e9t\u00e9 con\u00e7u pour une r\u00e9solution rapide et facile, en rempla\u00e7ant la bande de roulement exclusivement chez les solveurs agr\u00e9\u00e9s La Sportiva. La tige est sans couture et tr\u00e8s ajust\u00e9e gr\u00e2ce \u00e0 la languette int\u00e9gr\u00e9e qui \u00e9limine les espaces et enveloppe le pied pour un maximum de confort et de protection. Le tissu utilis\u00e9 pour la tige, les lacets, la semelle int\u00e9rieure Ortholite\u00ae Hybrid Approach et une partie de la semelle interm\u00e9diaire EVA est \u00e9galement fabriqu\u00e9 \u00e0 partir de mat\u00e9riaux recycl\u00e9s et v\u00e9g\u00e9taliens. Semelle Vibram\u00ae IdroGrip avec zone d\u2019escalade con\u00e7ue pour une adh\u00e9rence maximale sur les terrains techniques. TX2 Evo : renouveler, r\u00e9utiliser, ressemeler.      <\/p>\n<p>Tige :<br \/>\n tissu tricot\u00e9 avec du fil recycl\u00e9 \u00e0 \u00e9lasticit\u00e9 diff\u00e9renci\u00e9e, protection des orteils et du talon en PU Tech-Lite \u2122, languette int\u00e9gr\u00e9e.<\/p>\n<p>Doublure&nbsp;:<br \/>\nMaille antid\u00e9rapante<\/p>\n<p>Semelle int\u00e9rieure :<br \/>\n Ortholite\u00ae Hybrid Approach 4 mm<\/p>\n<p>Semelle intercalaire :<br \/>\n EVA de compression recycl\u00e9 + insert Resole Platform pour faciliter la r\u00e9solution des probl\u00e8mes<\/p>\n<p>Semelle :<br \/>\n Vibram\u00ae Idrogrip<\/p>\n<p>Brevets&nbsp;:<br \/>\n C2 &#8211; Combo Cord \u2122 et la\u00e7age qui s\u2019enroule autour du talon d\u00e9riv\u00e9 du mod\u00e8le d\u2019escalade Mythos.<\/p>\n<p>Tailles&nbsp;:<br \/>\n37-471\/2 +1\/2<\/p>\n<p>Poids :<br \/>\n 290 g (une demi-paire)<\/p>\n","protected":false},"excerpt":{"rendered":"<p>La chaussure la plus l\u00e9g\u00e8re de la s\u00e9rie d\u2019approche Traverse X : elle r\u00e9pond aux besoins d\u2019adh\u00e9rence, de protection, de<\/p>\n","protected":false},"featured_media":84600,"template":"","meta":{"_seopress_robots_primary_cat":"","_seopress_titles_title":"","_seopress_titles_desc":"","_seopress_robots_index":""},"product_brand":[3648],"product_cat":[173,1420,1432],"product_tag":[],"class_list":{"0":"post-475175","1":"product","2":"type-product","3":"status-publish","4":"has-post-thumbnail","6":"product_brand-la-sportiva-fr","7":"product_cat-chaussures","8":"product_cat-chaussures-de-loisirs","9":"product_cat-chaussures-pour-hommes","11":"first","12":"outofstock","13":"shipping-taxable","14":"product-type-variable"},"_links":{"self":[{"href":"https:\/\/lucacastelli.com\/fr\/wp-json\/wp\/v2\/product\/475175","targetHints":{"allow":["GET"]}}],"collection":[{"href":"https:\/\/lucacastelli.com\/fr\/wp-json\/wp\/v2\/product"}],"about":[{"href":"https:\/\/lucacastelli.com\/fr\/wp-json\/wp\/v2\/types\/product"}],"wp:featuredmedia":[{"embeddable":true,"href":"https:\/\/lucacastelli.com\/fr\/wp-json\/wp\/v2\/media\/84600"}],"wp:attachment":[{"href":"https:\/\/lucacastelli.com\/fr\/wp-json\/wp\/v2\/media?parent=475175"}],"wp:term":[{"taxonomy":"product_brand","embeddable":true,"href":"https:\/\/lucacastelli.com\/fr\/wp-json\/wp\/v2\/product_brand?post=475175"},{"taxonomy":"product_cat","embeddable":true,"href":"https:\/\/lucacastelli.com\/fr\/wp-json\/wp\/v2\/product_cat?post=475175"},{"taxonomy":"product_tag","embeddable":true,"href":"https:\/\/lucacastelli.com\/fr\/wp-json\/wp\/v2\/product_tag?post=475175"}],"curies":[{"name":"wp","href":"https:\/\/api.w.org\/{rel}","templated":true}]}}