{"id":475026,"date":"2023-05-24T06:43:01","date_gmt":"2023-05-24T04:43:01","guid":{"rendered":"https:\/\/lucacastelli.com\/prodotto\/la-sportiva-bushido-ii-femme\/"},"modified":"2026-04-14T03:30:43","modified_gmt":"2026-04-14T01:30:43","slug":"la-sportiva-bushido-ii-femme","status":"publish","type":"product","link":"https:\/\/lucacastelli.com\/fr\/produit\/la-sportiva-bushido-ii-femme\/","title":{"rendered":"LA SPORTIVA Bushido II Woman"},"content":{"rendered":"<p>Le summum technique et esth\u00e9tique dans le monde des chaussures de Mountain Running. Bushido II est la chaussure de comp\u00e9tition d\u00e9di\u00e9e au monde des courses skyraces : ultra l\u00e9g\u00e8re, adh\u00e9rente et agressive, elle est con\u00e7ue pour garantir une stabilit\u00e9 parfaite sur tous les types de terrains off-road. <\/p>\n<p>DESCRIPTION :<br \/>\n\u00c9volution technique et esth\u00e9tique de la Bushido, chaussure de comp\u00e9tition d\u00e9di\u00e9e au skyrunning : ultra l\u00e9g\u00e8re, adh\u00e9rente et agressive, elle est con\u00e7ue pour garantir une stabilit\u00e9 parfaite sur tous les types de terrains off-road. Gr\u00e2ce \u00e0 la construction STB Control, le squelette en TPU plac\u00e9 lat\u00e9ralement sur l\u2019empeigne descend pour envelopper l\u2019interselle dans la partie m\u00e9diane, stabilisant ainsi la chaussure. Cette solution permet d\u2019obtenir un chaussant plus enveloppant et une plus grande stabilit\u00e9 g\u00e9n\u00e9rale gr\u00e2ce au travail synergique de l\u2019empeigne et de l\u2019interselle, tout en all\u00e9geant le produit en \u00e9vitant l\u2019insertion de stabilisateurs lourds dans la partie centrale. La semelle bi-composant FriXion Red pr\u00e9sente des surfaces d\u2019appui diff\u00e9renci\u00e9es : la forme arrondie des crampons ext\u00e9rieurs, qui remontent lat\u00e9ralement jusqu\u2019\u00e0 l\u2019interselle, cr\u00e9e un angle d\u2019appui graduel avec le sol, maintenant la stabilit\u00e9 m\u00eame en cas de torsions extr\u00eames du pied. Cela permet de courir en toute s\u00e9curit\u00e9 sur les terrains les plus techniques, en pr\u00e9sence de racines, de pierres et de branches. Soutien maximal et enveloppement de la partie m\u00e9diane du pied, libert\u00e9 de mouvement et confort \u00e0 la pointe. Le r\u00e9sultat est une chaussure qui, dans le pur style La Sportiva, offre de nouvelles solutions aux exigences des coureurs les plus pointus, r\u00e9\u00e9crivant les r\u00e8gles du jeu avec une construction in\u00e9dite dans le trail running. Bushido II : la nouvelle voie du trail runner.       <\/p>\n<p>Empeigne :<br \/>\nair mesh respirant, renforts en film thermoplastique, squelette m\u00e9dian en TPU HF appliqu\u00e9 sur des panneaux rip-stop<\/p>\n<p>Doublure :<br \/>\nmesh antid\u00e9rapant respirant<\/p>\n<p>Interselle :<br \/>\nEVA \u00e0 compression et Stability Control System<\/p>\n<p>Semelle&nbsp;:<br \/>\nFrixion Rouge<\/p>\n<p>Semelle int\u00e9rieure :<br \/>\nOrtholite Ergonomic 4mm<\/p>\n<p>Amorti Drop&nbsp;:<br \/>\n6<br \/>\n:<\/p>\n<p>7 Poids :<br \/>\n 295 g (demi-paire, taille 38)<\/p>\n<p>Pointures :<br \/>\n36-43 (demi-pointures incluses)<\/p>\n","protected":false},"excerpt":{"rendered":"<p>Le summum technique et esth\u00e9tique dans le monde des chaussures de Mountain Running. Bushido II est la chaussure de comp\u00e9tition<\/p>\n","protected":false},"featured_media":91268,"template":"","meta":{"_seopress_robots_primary_cat":"none","_seopress_titles_title":"","_seopress_titles_desc":"","_seopress_robots_index":""},"product_brand":[3648],"product_cat":[173,1420,1429],"product_tag":[],"class_list":{"0":"post-475026","1":"product","2":"type-product","3":"status-publish","4":"has-post-thumbnail","6":"product_brand-la-sportiva-fr","7":"product_cat-chaussures","8":"product_cat-chaussures-de-loisirs","9":"product_cat-chaussures-pour-femmes","11":"first","12":"instock","13":"shipping-taxable","14":"purchasable","15":"product-type-variable"},"_links":{"self":[{"href":"https:\/\/lucacastelli.com\/fr\/wp-json\/wp\/v2\/product\/475026","targetHints":{"allow":["GET"]}}],"collection":[{"href":"https:\/\/lucacastelli.com\/fr\/wp-json\/wp\/v2\/product"}],"about":[{"href":"https:\/\/lucacastelli.com\/fr\/wp-json\/wp\/v2\/types\/product"}],"wp:featuredmedia":[{"embeddable":true,"href":"https:\/\/lucacastelli.com\/fr\/wp-json\/wp\/v2\/media\/91268"}],"wp:attachment":[{"href":"https:\/\/lucacastelli.com\/fr\/wp-json\/wp\/v2\/media?parent=475026"}],"wp:term":[{"taxonomy":"product_brand","embeddable":true,"href":"https:\/\/lucacastelli.com\/fr\/wp-json\/wp\/v2\/product_brand?post=475026"},{"taxonomy":"product_cat","embeddable":true,"href":"https:\/\/lucacastelli.com\/fr\/wp-json\/wp\/v2\/product_cat?post=475026"},{"taxonomy":"product_tag","embeddable":true,"href":"https:\/\/lucacastelli.com\/fr\/wp-json\/wp\/v2\/product_tag?post=475026"}],"curies":[{"name":"wp","href":"https:\/\/api.w.org\/{rel}","templated":true}]}}