{"id":475023,"date":"2026-03-04T06:36:18","date_gmt":"2026-03-04T05:36:18","guid":{"rendered":"https:\/\/lucacastelli.com\/prodotto\/la-sportiva-nepal-evo-gtx-jaune\/"},"modified":"2026-04-02T20:33:01","modified_gmt":"2026-04-02T18:33:01","slug":"la-sportiva-nepal-evo-gtx-jaune","status":"publish","type":"product","link":"https:\/\/lucacastelli.com\/fr\/produit\/la-sportiva-nepal-evo-gtx-jaune\/","title":{"rendered":"LA SPORTIVA Nepal Evo GTX Yellow"},"content":{"rendered":"<p>L&#8217;utilisation de la doublure thermique Gore-Tex\u00ae lamin\u00e9 Duratherm\u00ae le rend totalement imperm\u00e9able et respirant. Coupe de la tige avec articulation \u00ab 3D Flex System \u00bb, associ\u00e9e \u00e0 une gu\u00eatre arri\u00e8re \u00e9lastique anatomique avec gu\u00eatre int\u00e9gr\u00e9e \u00e9lastiqu\u00e9e. Nouvelle forme enveloppante et confortable. Semelle interm\u00e9diaire HP3 \u00e0 \u00e9paisseurs diff\u00e9renci\u00e9es avec inserts en PU amortissant dans les zones sous le talon et la plante du pied. Semelle exclusive avec la technologie innovante Impact Brake System. Languette amovible avec syst\u00e8me d&#8217;a\u00e9ration int\u00e9gr\u00e9, offre la possibilit\u00e9 d&#8217;avoir un ajustement personnalis\u00e9 pour chaque pied. \u0152illet en sangle EZ OUT (brevet\u00e9) facilite le d\u00e9crochage du bloque-lacet. Poids exceptionnellement r\u00e9duit.       <\/p>\n<p>Tige : Cuir Idro-Perwanger\u00ae hydrofuge 3+ mm<\/p>\n<p>Doublure : Gore-Tex\u00ae Insulate Comfort<\/p>\n<p>Semelle int\u00e9rieure : Ibi-Thermo isolante 9 mm<\/p>\n<p>Semelle : Vibram\u00ae Impact Brake System ressemblable. Compatible crampons int\u00e9gral <\/p>\n<p>Brevets : Design d\u00e9pos\u00e9<\/p>\n<p>Pointures : 37 &#8211; 48 (demi-pointures comprises)<\/p>\n<p>Poids : 2 050 g (la paire, pointure 42)<\/p>\n","protected":false},"excerpt":{"rendered":"<p>L&#8217;utilisation de la doublure thermique Gore-Tex\u00ae lamin\u00e9 Duratherm\u00ae le rend totalement imperm\u00e9able et respirant. Coupe de la tige avec articulation<\/p>\n","protected":false},"featured_media":91960,"template":"","meta":{"_seopress_robots_primary_cat":"none","_seopress_titles_title":"","_seopress_titles_desc":"","_seopress_robots_index":""},"product_brand":[3648],"product_cat":[173,1420,1432],"product_tag":[],"class_list":{"0":"post-475023","1":"product","2":"type-product","3":"status-publish","4":"has-post-thumbnail","6":"product_brand-la-sportiva-fr","7":"product_cat-chaussures","8":"product_cat-chaussures-de-loisirs","9":"product_cat-chaussures-pour-hommes","11":"first","12":"instock","13":"shipping-taxable","14":"purchasable","15":"product-type-variable","16":"has-default-attributes"},"_links":{"self":[{"href":"https:\/\/lucacastelli.com\/fr\/wp-json\/wp\/v2\/product\/475023","targetHints":{"allow":["GET"]}}],"collection":[{"href":"https:\/\/lucacastelli.com\/fr\/wp-json\/wp\/v2\/product"}],"about":[{"href":"https:\/\/lucacastelli.com\/fr\/wp-json\/wp\/v2\/types\/product"}],"wp:featuredmedia":[{"embeddable":true,"href":"https:\/\/lucacastelli.com\/fr\/wp-json\/wp\/v2\/media\/91960"}],"wp:attachment":[{"href":"https:\/\/lucacastelli.com\/fr\/wp-json\/wp\/v2\/media?parent=475023"}],"wp:term":[{"taxonomy":"product_brand","embeddable":true,"href":"https:\/\/lucacastelli.com\/fr\/wp-json\/wp\/v2\/product_brand?post=475023"},{"taxonomy":"product_cat","embeddable":true,"href":"https:\/\/lucacastelli.com\/fr\/wp-json\/wp\/v2\/product_cat?post=475023"},{"taxonomy":"product_tag","embeddable":true,"href":"https:\/\/lucacastelli.com\/fr\/wp-json\/wp\/v2\/product_tag?post=475023"}],"curies":[{"name":"wp","href":"https:\/\/api.w.org\/{rel}","templated":true}]}}