{"id":474884,"date":"2026-04-02T14:16:50","date_gmt":"2026-04-02T12:16:50","guid":{"rendered":"https:\/\/lucacastelli.com\/?post_type=product&#038;p=474884"},"modified":"2026-04-13T22:05:14","modified_gmt":"2026-04-13T20:05:14","slug":"la-sportiva-tx4-r-femme","status":"publish","type":"product","link":"https:\/\/lucacastelli.com\/fr\/produit\/la-sportiva-tx4-r-femme\/","title":{"rendered":"LA SPORTIVA TX4 R Woman"},"content":{"rendered":"<p>02La TX4 R Woman de La Sportiva est une \u00e9dition sp\u00e9ciale du mod\u00e8le iconique TX4, une chaussure d&#8217;approche pour femme qui se distingue par son confort, ses caract\u00e9ristiques techniques et sa polyvalence.<\/p>\n<p>La TX 4 R Woman se distingue par son look vintage, caract\u00e9ris\u00e9 par l&#8217;utilisation de logos classiques, la r\u00e9f\u00e9rence au l\u00e9gendaire slogan \u00ab Climbing on the Moon \u00bb et l&#8217;utilisation de couleurs historiques qui ont marqu\u00e9 l&#8217;\u00e2ge d&#8217;or de l&#8217;escalade. Ces chaussures sont un v\u00e9ritable hommage aux origines de La Sportiva. <\/p>\n<p>Cette chaussure est adapt\u00e9e \u00e0 l&#8217;escalade d&#8217;approche et se trouve \u00e0 l&#8217;aise sur les via ferrata.<br \/>\nLa TX 4 R Woman dispose d&#8217;un syst\u00e8me de la\u00e7age bas d\u00e9riv\u00e9 du syst\u00e8me de la\u00e7age du chausson d&#8217;escalade Mythos, qui enveloppe bien le pied pour une bonne pr\u00e9cision et un confort accru.<\/p>\n<p>La semelle Vibram Megagrip garantit l&#8217;adh\u00e9rence sur tous les terrains, m\u00eame les plus techniques et humides. Sa tige en cuir a une construction m\u00e9ticuleuse et garantit une chaussure r\u00e9sistante.<br \/>\nLe ressemellage des chaussures a \u00e9t\u00e9 am\u00e9lior\u00e9 avec cette paire gr\u00e2ce \u00e0 la technologie Resole Plateforme. Elle est con\u00e7ue pour un ressemellage facile et rapide, en rempla\u00e7ant la bande de roulement.<br \/>\nLe<br \/>\nImpact Brake System de La Sportiva. Ce syst\u00e8me intelligent de positionnement des crampons permet au maximum de crampons d&#8217;entrer en contact avec le terrain, absorbant l&#8217;impact n\u00e9gatif sur le sol et augmentant la traction en mont\u00e9e et am\u00e9liorant l&#8217;adh\u00e9rence en descente.   <\/p>\n<p>La TX 4 R Woman est une chaussure vintage polyvalente, adapt\u00e9e \u00e0 ceux qui recherchent une activit\u00e9 vari\u00e9e entre approche et via ferrata.1002<\/p>\n","protected":false},"excerpt":{"rendered":"<p>02La TX4 R Woman de La Sportiva est une \u00e9dition sp\u00e9ciale du mod\u00e8le iconique TX4, une chaussure d&#8217;approche pour femme<\/p>\n","protected":false},"featured_media":90310,"template":"","meta":{"_seopress_robots_primary_cat":"none","_seopress_titles_title":"","_seopress_titles_desc":"","_seopress_robots_index":""},"product_brand":[3648],"product_cat":[173,1420,1429],"product_tag":[],"class_list":{"0":"post-474884","1":"product","2":"type-product","3":"status-publish","4":"has-post-thumbnail","6":"product_brand-la-sportiva-fr","7":"product_cat-chaussures","8":"product_cat-chaussures-de-loisirs","9":"product_cat-chaussures-pour-femmes","10":"sws-gruppo-abb-libero-fr","11":"sws-conto-ricavi-merci-rivendita-abbigliamento-fr","12":"sws-gruppo-iva-iva81-fr","14":"first","15":"instock","16":"sale","17":"shipping-taxable","18":"purchasable","19":"product-type-variable","20":"has-default-attributes"},"_links":{"self":[{"href":"https:\/\/lucacastelli.com\/fr\/wp-json\/wp\/v2\/product\/474884","targetHints":{"allow":["GET"]}}],"collection":[{"href":"https:\/\/lucacastelli.com\/fr\/wp-json\/wp\/v2\/product"}],"about":[{"href":"https:\/\/lucacastelli.com\/fr\/wp-json\/wp\/v2\/types\/product"}],"wp:featuredmedia":[{"embeddable":true,"href":"https:\/\/lucacastelli.com\/fr\/wp-json\/wp\/v2\/media\/90310"}],"wp:attachment":[{"href":"https:\/\/lucacastelli.com\/fr\/wp-json\/wp\/v2\/media?parent=474884"}],"wp:term":[{"taxonomy":"product_brand","embeddable":true,"href":"https:\/\/lucacastelli.com\/fr\/wp-json\/wp\/v2\/product_brand?post=474884"},{"taxonomy":"product_cat","embeddable":true,"href":"https:\/\/lucacastelli.com\/fr\/wp-json\/wp\/v2\/product_cat?post=474884"},{"taxonomy":"product_tag","embeddable":true,"href":"https:\/\/lucacastelli.com\/fr\/wp-json\/wp\/v2\/product_tag?post=474884"}],"curies":[{"name":"wp","href":"https:\/\/api.w.org\/{rel}","templated":true}]}}