{"id":474860,"date":"2023-07-02T08:32:42","date_gmt":"2023-07-02T06:32:42","guid":{"rendered":"https:\/\/lucacastelli.com\/prodotto\/carburant-akku-kompakt-bohrschrauber-m12fdd2-0\/"},"modified":"2023-07-02T08:32:42","modified_gmt":"2023-07-02T06:32:42","slug":"carburant-akku-kompakt-bohrschrauber-m12fdd2-0","status":"publish","type":"product","link":"https:\/\/lucacastelli.com\/fr\/produit\/carburant-akku-kompakt-bohrschrauber-m12fdd2-0\/","title":{"rendered":"CARBURANT\u2122 Akku-Kompakt-Bohrschrauber M12FDD2-0"},"content":{"rendered":"<p>Conception extr\u00eamement compacte avec une longueur de seulement 152 mm pour un acc\u00e8s facile dans les espaces restreints<br \/>\nCouple de 45 Nm &#8211; excellent rapport puissance\/taille<br \/>\nMandrin rapide en m\u00e9tal de 13 mm pour des changements d\u2019attache<br \/>\nrapides et faciles Embrayage m\u00e9canique \u00e0 13 positions<br \/>\nJauge de carburant int\u00e9gr\u00e9e \u00e0 la batterie, clip de ceinture et lumi\u00e8re LED<br \/>\nL\u2019ADN de notre plate-forme FUEL\u2122 red\u00e9finit l\u2019\u00e9quilibre des technologies de batterie.<br \/>\nLe moteur sans balais MILWAUKEE\u00ae POWERSTATE\u2122, la technologie de batterie REDLITHIUM\u2122 et l\u2019intelligence \u00e9lectronique REDLINK PLUS\u2122 offrent des performances sup\u00e9rieures, une longue dur\u00e9e de vie et une durabilit\u00e9.<br \/>\nSyst\u00e8me de batterie flexible : Fonctionne avec toutes les batteries MILWAUKEE\u00ae M12\u2122.<\/p>\n<p>Caract\u00e9ristiques techniques<br \/>\nVis \u00e0 bois jusqu\u2019\u00e0 (MM) 8<br \/>\n\u00d8 max. de per\u00e7age dans le bois (MM) 35<br \/>\n\u00d8 de per\u00e7age max. dans l\u2019acier (MM) 13<br \/>\nCapacit\u00e9 maximale de la broche (MM) 13<br \/>\nCouple maximal (NM) 45<br \/>\nR\u00e9glage de la vitesse 1 (OMW\/MIN) 0 &#8211; 450<br \/>\nR\u00e9glage de la vitesse 2 (OMW\/MIN) 0 &#8211; 1 550  <\/p>\n<p>Contenu de la livraison<br \/>\nCarton<br \/>\nLivr\u00e9 sans piles ni chargeur<\/p>\n","protected":false},"excerpt":{"rendered":"<p>Conception extr\u00eamement compacte avec une longueur de seulement 152 mm pour un acc\u00e8s facile dans les espaces restreints Couple de<\/p>\n","protected":false},"featured_media":56922,"template":"","meta":{"_seopress_robots_primary_cat":"","_seopress_titles_title":"","_seopress_titles_desc":"","_seopress_robots_index":""},"product_brand":[3407],"product_cat":[29,514,549],"product_tag":[],"class_list":{"0":"post-474860","1":"product","2":"type-product","3":"status-publish","4":"has-post-thumbnail","6":"product_brand-milwaukee","7":"product_cat-macchinari","8":"product_cat-altri-dispositivi","9":"product_cat-trapani-e-avvitatori","11":"first","12":"onbackorder","13":"shipping-taxable","14":"purchasable","15":"product-type-simple"},"_links":{"self":[{"href":"https:\/\/lucacastelli.com\/fr\/wp-json\/wp\/v2\/product\/474860","targetHints":{"allow":["GET"]}}],"collection":[{"href":"https:\/\/lucacastelli.com\/fr\/wp-json\/wp\/v2\/product"}],"about":[{"href":"https:\/\/lucacastelli.com\/fr\/wp-json\/wp\/v2\/types\/product"}],"wp:featuredmedia":[{"embeddable":true,"href":"https:\/\/lucacastelli.com\/fr\/wp-json\/wp\/v2\/media\/56922"}],"wp:attachment":[{"href":"https:\/\/lucacastelli.com\/fr\/wp-json\/wp\/v2\/media?parent=474860"}],"wp:term":[{"taxonomy":"product_brand","embeddable":true,"href":"https:\/\/lucacastelli.com\/fr\/wp-json\/wp\/v2\/product_brand?post=474860"},{"taxonomy":"product_cat","embeddable":true,"href":"https:\/\/lucacastelli.com\/fr\/wp-json\/wp\/v2\/product_cat?post=474860"},{"taxonomy":"product_tag","embeddable":true,"href":"https:\/\/lucacastelli.com\/fr\/wp-json\/wp\/v2\/product_tag?post=474860"}],"curies":[{"name":"wp","href":"https:\/\/api.w.org\/{rel}","templated":true}]}}