{"id":474859,"date":"2023-07-02T07:56:14","date_gmt":"2023-07-02T05:56:14","guid":{"rendered":"https:\/\/lucacastelli.com\/prodotto\/carburant-akku-impulsschrauber-m12fqid-0\/"},"modified":"2023-07-02T07:56:14","modified_gmt":"2023-07-02T05:56:14","slug":"carburant-akku-impulsschrauber-m12fqid-0","status":"publish","type":"product","link":"https:\/\/lucacastelli.com\/fr\/produit\/carburant-akku-impulsschrauber-m12fqid-0\/","title":{"rendered":"CARBURANT\u2122 Akku-Impulsschrauber M12FQID-0"},"content":{"rendered":"<p>La cl\u00e9 \u00e0 chocs sans fil M12 FUEL\u2122 SURGE\u2122 est la cl\u00e9 \u00e0 chocs sans fil Milwaukee\u00ae la plus silencieuse de la gamme M12\u2122, avec un niveau sonore de seulement 76 dB(A) dans les applications de fixation du bois.<br \/>\nLa technologie FLUID-DRIVE\u2122 r\u00e9duit le contact m\u00e9tal sur m\u00e9tal dans le m\u00e9canisme d\u2019impact, ce qui permet de r\u00e9duire le bruit, d\u2019am\u00e9liorer le fonctionnement et d\u2019augmenter la dur\u00e9e de vie (par rapport \u00e0 une cl\u00e9 \u00e0 chocs standard).<br \/>\nDRIVE CONTROL\u2122 vous permet de basculer rapidement entre 4 r\u00e9glages de vitesse et de couple pour une flexibilit\u00e9<br \/>\nmaximale POWERSTATE\u2122 Moteur sans balais jusqu\u2019\u00e0 3 200 tr\/min avec puissance constante pour une efficacit\u00e9 de vissage<br \/>\naccrue L\u2019\u00e9lectronique REDLINK PLUS\u2122 offre une protection num\u00e9rique avanc\u00e9e contre les surcharges pour la machine et la batterie, maintenant la puissance constante en charge<br \/>\nLa batterie REDLITHIUM-ION\u2122 offre une conception parfaitement calibr\u00e9e, une \u00e9lectronique avanc\u00e9e et une alimentation sans perte pour une dur\u00e9e de vie plus longue que les mod\u00e8les pr\u00e9c\u00e9dents.<br \/>\nEntra\u00eenement hexagonal 1\/4&#8221; pour un changement d\u2019embout rapide et facile<br \/>\n100&nbsp;% compatible avec la gamme de produits Milwaukee\u00ae M12<\/p>\n<p>Caract\u00e9ristiques techniques&nbsp;:<\/p>\n<p>Batterie lithium-ion<br \/>\nNombre de batteries fournies 0<br \/>\nNum\u00e9ro d\u2019article 4933464972<br \/>\nPoids [sans batterie] [kg] 0.9<br \/>\nPoids avec batterie [kg<br \/>\nChargeur (temps de charge) -Vitesse<br \/>\n minimale (min-1) 1100\/2200\/3200\/3200<br \/>\nCouple max. Couple (Nm) 50<br \/>\nDiam\u00e8tre max. de la vis Diam\u00e8tre de la vis M14<br \/>\nVitesse d\u2019impact (min-1) 950\/2200\/3400\/3400<br \/>\nPuissance acoustique [dB Lwa] 95.7<br \/>\nPression acoustique [dB Lpa] 84.7<br \/>\nTension [V] 12 <\/p>\n<p>Contenu de la livraison&nbsp;:<br \/>\nsans batterie, sans chargeur<\/p>\n","protected":false},"excerpt":{"rendered":"<p>La cl\u00e9 \u00e0 chocs sans fil M12 FUEL\u2122 SURGE\u2122 est la cl\u00e9 \u00e0 chocs sans fil Milwaukee\u00ae la plus silencieuse<\/p>\n","protected":false},"featured_media":56912,"template":"","meta":{"_seopress_robots_primary_cat":"","_seopress_titles_title":"","_seopress_titles_desc":"","_seopress_robots_index":""},"product_brand":[3407],"product_cat":[29,514,549],"product_tag":[],"class_list":{"0":"post-474859","1":"product","2":"type-product","3":"status-publish","4":"has-post-thumbnail","6":"product_brand-milwaukee","7":"product_cat-macchinari","8":"product_cat-altri-dispositivi","9":"product_cat-trapani-e-avvitatori","11":"first","12":"onbackorder","13":"shipping-taxable","14":"purchasable","15":"product-type-simple"},"_links":{"self":[{"href":"https:\/\/lucacastelli.com\/fr\/wp-json\/wp\/v2\/product\/474859","targetHints":{"allow":["GET"]}}],"collection":[{"href":"https:\/\/lucacastelli.com\/fr\/wp-json\/wp\/v2\/product"}],"about":[{"href":"https:\/\/lucacastelli.com\/fr\/wp-json\/wp\/v2\/types\/product"}],"wp:featuredmedia":[{"embeddable":true,"href":"https:\/\/lucacastelli.com\/fr\/wp-json\/wp\/v2\/media\/56912"}],"wp:attachment":[{"href":"https:\/\/lucacastelli.com\/fr\/wp-json\/wp\/v2\/media?parent=474859"}],"wp:term":[{"taxonomy":"product_brand","embeddable":true,"href":"https:\/\/lucacastelli.com\/fr\/wp-json\/wp\/v2\/product_brand?post=474859"},{"taxonomy":"product_cat","embeddable":true,"href":"https:\/\/lucacastelli.com\/fr\/wp-json\/wp\/v2\/product_cat?post=474859"},{"taxonomy":"product_tag","embeddable":true,"href":"https:\/\/lucacastelli.com\/fr\/wp-json\/wp\/v2\/product_tag?post=474859"}],"curies":[{"name":"wp","href":"https:\/\/api.w.org\/{rel}","templated":true}]}}