{"id":474835,"date":"2023-07-01T18:04:22","date_gmt":"2023-07-01T16:04:22","guid":{"rendered":"https:\/\/lucacastelli.com\/prodotto\/akku-schlagschrauber-3-8-vierkant-m12biw38-0\/"},"modified":"2023-07-01T18:04:22","modified_gmt":"2023-07-01T16:04:22","slug":"akku-schlagschrauber-3-8-vierkant-m12biw38-0","status":"publish","type":"product","link":"https:\/\/lucacastelli.com\/fr\/produit\/akku-schlagschrauber-3-8-vierkant-m12biw38-0\/","title":{"rendered":"Akku-Schlagschrauber 3\/8 \u0301 \u0301 Vierkant M12BIW38-0"},"content":{"rendered":"<p>Cl\u00e9 \u00e0 chocs sans fil d\u2019une longueur de seulement 165 mm<br \/>\n\u00c9lectronique REDLINK\u2122 &#8211; la protection contre les surcharges dans la machine et la batterie assure une longue dur\u00e9e de vie<br \/>\nCarter de bo\u00eete de vitesses m\u00e9tallique robuste pour une longue dur\u00e9e de vie et des exigences \u00e9lev\u00e9es<br \/>\nEntra\u00eenement carr\u00e9 3\/8&#8243; avec anneau \u00e9lastique<br \/>\nPoign\u00e9e optimis\u00e9e pour une meilleure ergonomie et une meilleure prise en main<br \/>\nSurveillance \u00e0 cellule unique pour une dur\u00e9e de vie optimale et une longue dur\u00e9e de vie de la batterie<br \/>\nIndicateur de charge de la batterie et \u00e9clairage LED de la zone de travail<br \/>\nLa batterie REDLITHIUM-ION\u2122 offre une conception parfaitement calibr\u00e9e, une \u00e9lectronique avanc\u00e9e et une alimentation sans perte pour une dur\u00e9e de vie plus longue et une r\u00e9sistance \u00e9lev\u00e9e.<br \/>\n100&nbsp;% compatible avec la gamme de produits Milwaukee\u00ae M12\u2122<br \/>\nCaract\u00e9ristiques techniques&nbsp;:<\/p>\n<p>Batterie Li-ion Li-ion<br \/>\nNombre de batteries fournies 0<br \/>\nNum\u00e9ro d\u2019article 4933441985<br \/>\nPoids avec batterie (kg) 1.0<br \/>\nChargeur (temps de charge) &#8211;<br \/>\nVitesse \u00e0 vide (min-1) 0 &#8211; 2500<br \/>\nCouple maximal (Nm) Couple (Nm) 135<br \/>\nVitesse d\u2019impact (min-1) 0 &#8211; 3300<br \/>\nTension (V) 12  <\/p>\n<p>Contenu de la livraison&nbsp;:<br \/>\nsans batterie, sans chargeur<\/p>\n","protected":false},"excerpt":{"rendered":"<p>Cl\u00e9 \u00e0 chocs sans fil d\u2019une longueur de seulement 165 mm \u00c9lectronique REDLINK\u2122 &#8211; la protection contre les surcharges dans<\/p>\n","protected":false},"featured_media":56877,"template":"","meta":{"_seopress_robots_primary_cat":"","_seopress_titles_title":"","_seopress_titles_desc":"","_seopress_robots_index":""},"product_brand":[3407],"product_cat":[29,514,549],"product_tag":[],"class_list":{"0":"post-474835","1":"product","2":"type-product","3":"status-publish","4":"has-post-thumbnail","6":"product_brand-milwaukee","7":"product_cat-macchinari","8":"product_cat-altri-dispositivi","9":"product_cat-trapani-e-avvitatori","11":"first","12":"onbackorder","13":"shipping-taxable","14":"purchasable","15":"product-type-simple"},"_links":{"self":[{"href":"https:\/\/lucacastelli.com\/fr\/wp-json\/wp\/v2\/product\/474835","targetHints":{"allow":["GET"]}}],"collection":[{"href":"https:\/\/lucacastelli.com\/fr\/wp-json\/wp\/v2\/product"}],"about":[{"href":"https:\/\/lucacastelli.com\/fr\/wp-json\/wp\/v2\/types\/product"}],"wp:featuredmedia":[{"embeddable":true,"href":"https:\/\/lucacastelli.com\/fr\/wp-json\/wp\/v2\/media\/56877"}],"wp:attachment":[{"href":"https:\/\/lucacastelli.com\/fr\/wp-json\/wp\/v2\/media?parent=474835"}],"wp:term":[{"taxonomy":"product_brand","embeddable":true,"href":"https:\/\/lucacastelli.com\/fr\/wp-json\/wp\/v2\/product_brand?post=474835"},{"taxonomy":"product_cat","embeddable":true,"href":"https:\/\/lucacastelli.com\/fr\/wp-json\/wp\/v2\/product_cat?post=474835"},{"taxonomy":"product_tag","embeddable":true,"href":"https:\/\/lucacastelli.com\/fr\/wp-json\/wp\/v2\/product_tag?post=474835"}],"curies":[{"name":"wp","href":"https:\/\/api.w.org\/{rel}","templated":true}]}}