{"id":474829,"date":"2023-07-01T17:39:16","date_gmt":"2023-07-01T15:39:16","guid":{"rendered":"https:\/\/lucacastelli.com\/prodotto\/akku-kompaktschrauber-m12cd-0\/"},"modified":"2023-07-01T17:39:16","modified_gmt":"2023-07-01T15:39:16","slug":"akku-kompaktschrauber-m12cd-0","status":"publish","type":"product","link":"https:\/\/lucacastelli.com\/fr\/produit\/akku-kompaktschrauber-m12cd-0\/","title":{"rendered":"Akku-Kompaktschrauber M12CD-0"},"content":{"rendered":"<p>Moteur brushless POWERSTATE\u2122 pour les applications les plus difficiles.<br \/>\nL\u2019\u00e9lectronique REDLINK PLUS\u2122 offre une protection num\u00e9rique avanc\u00e9e contre les surcharges pour la machine et la batterie, maintenant une puissance constante en charge.<br \/>\nLa batterie REDLITHIUM-ION\u2122 offre une conception parfaitement calibr\u00e9e, une \u00e9lectronique avanc\u00e9e et une alimentation sans perte pour une dur\u00e9e de vie plus longue et une grande endurance.<br \/>\nSurveillance \u00e0 cellule unique pour optimiser la dur\u00e9e de vie de la batterie et prolonger l\u2019autonomie<br \/>\nde la batterie Fixation directe avec embout hexagonal 1\/4&#8243;<br \/>\n Indicateur de charge de batterie<br \/>\n\u00c9clairage LED de l\u2019espace de travail<br \/>\n100&nbsp;% compatible avec Milwaukee M12<br \/>\nCaract\u00e9ristiques techniques&nbsp;:<\/p>\n<p>Batterie lithium-ion<br \/>\nNombre de batteries fournies 0<br \/>\nNum\u00e9ro d\u2019article 4933440450<br \/>\nPoids avec batterie (kg) 1.2<br \/>\nVis \u00e0 bois (mm) 8<br \/>\nChargeur (temps de charge) &#8211;<br \/>\nVitesse de ralenti en 1\u00e8re vitesse (min-1) 0 &#8211; 450<br \/>\nVitesse de ralenti en 2\u00e8me vitesse (min-1) 0 &#8211; 1700<br \/>\nDiam\u00e8tre maximum du foret en bois (mm) Diam\u00e8tre du foret en bois (mm) 25<br \/>\nDiam\u00e8tre maximum de per\u00e7age en acier Diam\u00e8tre maximum de per\u00e7age en acier (mm) 10<br \/>\nCouple maximal Couple (Nm) 37<br \/>\nPer\u00e7age maximal du bois\u00a6 acier [mm] Calcul\u00e9 25\/ 10<br \/>\nTension (V) 12<\/p>\n<p>Contenu de la livraison&nbsp;:<br \/>\nsans batterie, sans chargeur, sans \u00e9tui<\/p>\n","protected":false},"excerpt":{"rendered":"<p>Moteur brushless POWERSTATE\u2122 pour les applications les plus difficiles. L\u2019\u00e9lectronique REDLINK PLUS\u2122 offre une protection num\u00e9rique avanc\u00e9e contre les surcharges<\/p>\n","protected":false},"featured_media":56862,"template":"","meta":{"_seopress_robots_primary_cat":"","_seopress_titles_title":"","_seopress_titles_desc":"","_seopress_robots_index":""},"product_brand":[3407],"product_cat":[29,514,549],"product_tag":[],"class_list":{"0":"post-474829","1":"product","2":"type-product","3":"status-publish","4":"has-post-thumbnail","6":"product_brand-milwaukee","7":"product_cat-macchinari","8":"product_cat-altri-dispositivi","9":"product_cat-trapani-e-avvitatori","11":"first","12":"onbackorder","13":"shipping-taxable","14":"purchasable","15":"product-type-simple"},"_links":{"self":[{"href":"https:\/\/lucacastelli.com\/fr\/wp-json\/wp\/v2\/product\/474829","targetHints":{"allow":["GET"]}}],"collection":[{"href":"https:\/\/lucacastelli.com\/fr\/wp-json\/wp\/v2\/product"}],"about":[{"href":"https:\/\/lucacastelli.com\/fr\/wp-json\/wp\/v2\/types\/product"}],"wp:featuredmedia":[{"embeddable":true,"href":"https:\/\/lucacastelli.com\/fr\/wp-json\/wp\/v2\/media\/56862"}],"wp:attachment":[{"href":"https:\/\/lucacastelli.com\/fr\/wp-json\/wp\/v2\/media?parent=474829"}],"wp:term":[{"taxonomy":"product_brand","embeddable":true,"href":"https:\/\/lucacastelli.com\/fr\/wp-json\/wp\/v2\/product_brand?post=474829"},{"taxonomy":"product_cat","embeddable":true,"href":"https:\/\/lucacastelli.com\/fr\/wp-json\/wp\/v2\/product_cat?post=474829"},{"taxonomy":"product_tag","embeddable":true,"href":"https:\/\/lucacastelli.com\/fr\/wp-json\/wp\/v2\/product_tag?post=474829"}],"curies":[{"name":"wp","href":"https:\/\/api.w.org\/{rel}","templated":true}]}}