{"id":474825,"date":"2023-07-01T18:03:20","date_gmt":"2023-07-01T16:03:20","guid":{"rendered":"https:\/\/lucacastelli.com\/prodotto\/akku-schlagschrauber-1-4-hexagonal-m12bid-0\/"},"modified":"2023-07-01T18:03:20","modified_gmt":"2023-07-01T16:03:20","slug":"akku-schlagschrauber-1-4-hexagonal-m12bid-0","status":"publish","type":"product","link":"https:\/\/lucacastelli.com\/fr\/produit\/akku-schlagschrauber-1-4-hexagonal-m12bid-0\/","title":{"rendered":"Akku-Schlagschrauber 1\/4 hexagonal M12BID-0"},"content":{"rendered":"<p>Cl\u00e9 \u00e0 chocs sans fil extr\u00eamement maniable d\u2019une longueur de seulement 165 mm, id\u00e9ale pour travailler dans des espaces confin\u00e9s<br \/>\n\u00c9lectronique REDLINK\u2122 : la protection contre les surcharges de la machine et de la batterie assure une longue dur\u00e9e de vie.<br \/>\nCarter de bo\u00eete de vitesses enti\u00e8rement m\u00e9tallique pour une longue dur\u00e9e de vie et une capacit\u00e9 de charge \u00e9lev\u00e9e<br \/>\nPoign\u00e9e de bar et fonction de pliage<br \/>\nPoign\u00e9e optimis\u00e9e pour une bonne ergonomie et une bonne prise en main<br \/>\nSurveillance \u00e0 cellule unique pour une dur\u00e9e de vie optimale et une longue dur\u00e9e de vie de la batterie<br \/>\n\u00c9clairage LED de la zone de travail<br \/>\nLa batterie REDLITHIUM-ION\u2122 offre une conception parfaitement calibr\u00e9e, une \u00e9lectronique de pointe et une alimentation sans perte pour une dur\u00e9e de vie et une autonomie plus longues que les mod\u00e8les pr\u00e9c\u00e9dents<br \/>\n100&nbsp;% compatible avec la gamme de produits Milwaukee\u00ae M12\u2122<br \/>\nCaract\u00e9ristiques techniques&nbsp;:<\/p>\n<p>Batterie lithium-ion<br \/>\nNombre de batteries fournies 0<br \/>\nNum\u00e9ro d\u2019article 4933441955<br \/>\nPoids avec batterie (kg) 1.0<br \/>\nChargeur (temps de charge) &#8211;<br \/>\nVitesse minimale (min-1) 0 &#8211; 2500<br \/>\nCouple maximal (Nm) 112 Couple (Nm) 112<br \/>\nVitesse d\u2019impact (min-1) 0 &#8211; 3300<br \/>\nTension (V) 12<\/p>\n<p>Contenu de la livraison&nbsp;:<br \/>\nsans batterie, sans chargeur<\/p>\n","protected":false},"excerpt":{"rendered":"<p>Cl\u00e9 \u00e0 chocs sans fil extr\u00eamement maniable d\u2019une longueur de seulement 165 mm, id\u00e9ale pour travailler dans des espaces confin\u00e9s<\/p>\n","protected":false},"featured_media":56867,"template":"","meta":{"_seopress_robots_primary_cat":"","_seopress_titles_title":"","_seopress_titles_desc":"","_seopress_robots_index":""},"product_brand":[3407],"product_cat":[29,514,549],"product_tag":[],"class_list":{"0":"post-474825","1":"product","2":"type-product","3":"status-publish","4":"has-post-thumbnail","6":"product_brand-milwaukee","7":"product_cat-macchinari","8":"product_cat-altri-dispositivi","9":"product_cat-trapani-e-avvitatori","11":"first","12":"onbackorder","13":"shipping-taxable","14":"purchasable","15":"product-type-simple"},"_links":{"self":[{"href":"https:\/\/lucacastelli.com\/fr\/wp-json\/wp\/v2\/product\/474825","targetHints":{"allow":["GET"]}}],"collection":[{"href":"https:\/\/lucacastelli.com\/fr\/wp-json\/wp\/v2\/product"}],"about":[{"href":"https:\/\/lucacastelli.com\/fr\/wp-json\/wp\/v2\/types\/product"}],"wp:featuredmedia":[{"embeddable":true,"href":"https:\/\/lucacastelli.com\/fr\/wp-json\/wp\/v2\/media\/56867"}],"wp:attachment":[{"href":"https:\/\/lucacastelli.com\/fr\/wp-json\/wp\/v2\/media?parent=474825"}],"wp:term":[{"taxonomy":"product_brand","embeddable":true,"href":"https:\/\/lucacastelli.com\/fr\/wp-json\/wp\/v2\/product_brand?post=474825"},{"taxonomy":"product_cat","embeddable":true,"href":"https:\/\/lucacastelli.com\/fr\/wp-json\/wp\/v2\/product_cat?post=474825"},{"taxonomy":"product_tag","embeddable":true,"href":"https:\/\/lucacastelli.com\/fr\/wp-json\/wp\/v2\/product_tag?post=474825"}],"curies":[{"name":"wp","href":"https:\/\/api.w.org\/{rel}","templated":true}]}}